{"id":1419,"date":"2024-04-17T09:15:40","date_gmt":"2024-04-17T09:15:40","guid":{"rendered":"https:\/\/www.mokiecig.com\/?post_type=product&#038;p=1419"},"modified":"2025-01-03T06:17:57","modified_gmt":"2025-01-03T06:17:57","slug":"moki-mk43-mini-pocket-vape-bar","status":"publish","type":"product","link":"https:\/\/www.mokivape.com\/fr\/produit\/moki-mk43-mini-pocket-vape-bar\/","title":{"rendered":"MK-M43 Mini Vape Bar de poche"},"content":{"rendered":"<div data-elementor-type=\"product-post\" data-elementor-id=\"1419\" class=\"elementor elementor-1419\" data-elementor-post-type=\"product\">\n\t\t\t\t<div class=\"elementor-element elementor-element-64082cd e-con-full e-flex e-con e-parent\" data-id=\"64082cd\" data-element_type=\"container\">\n\t\t\t\t<div class=\"elementor-element elementor-element-4ae48c0 elementor-widget elementor-widget-heading\" data-id=\"4ae48c0\" data-element_type=\"widget\" data-widget_type=\"heading.default\">\n\t\t\t\t<div class=\"elementor-widget-container\">\n\t\t\t\t\t<h2 class=\"elementor-heading-title elementor-size-default\">MK-M43 Mini Vape Bar de poche<\/h2>\t\t\t\t<\/div>\n\t\t\t\t<\/div>\n\t\t\t\t<div class=\"elementor-element elementor-element-f52a960 elementor-widget elementor-widget-html\" data-id=\"f52a960\" data-element_type=\"widget\" data-widget_type=\"html.default\">\n\t\t\t\t<div class=\"elementor-widget-container\">\n\t\t\t\t\t<table><tbody><tr><td>Taille<\/td><td>42,9*65,15*21,50mm<\/td><td>Capacit\u00e9 en e-liquide<\/td><td>6.5mL<\/td><\/tr><tr><td>Capacit\u00e9 de la batterie<\/td><td>500mAh<\/td><td>Rechargeable<\/td><td>Type-C<\/td><\/tr><tr><td>Fil chauffant<\/td><td>Bobine en c\u00e9ramique<\/td><td>Mat\u00e9riau<\/td><td>Plastique unicolore<\/td><\/tr><tr><td>R\u00e9sistance<\/td><td>1,2ohm<\/td><td><\/td><td><\/td><\/tr><\/tbody><\/table>\t\t\t\t<\/div>\n\t\t\t\t<\/div>\n\t\t\t\t<div class=\"elementor-element elementor-element-ab0ad33 elementor-widget elementor-widget-image\" data-id=\"ab0ad33\" data-element_type=\"widget\" data-widget_type=\"image.default\">\n\t\t\t\t<div class=\"elementor-widget-container\">\n\t\t\t\t\t\t\t\t\t\t\t\t\t\t\t<img fetchpriority=\"high\" decoding=\"async\" width=\"1920\" height=\"1080\" src=\"https:\/\/www.mokivape.com\/wp-content\/uploads\/M43_b_1.webp\" class=\"attachment-full size-full wp-image-8213\" alt=\"M43 Mini Pocket Vape Bar\" srcset=\"https:\/\/www.mokivape.com\/wp-content\/uploads\/M43_b_1.webp 1920w, https:\/\/www.mokivape.com\/wp-content\/uploads\/M43_b_1-768x432.webp 768w, https:\/\/www.mokivape.com\/wp-content\/uploads\/M43_b_1-1536x864.webp 1536w, https:\/\/www.mokivape.com\/wp-content\/uploads\/M43_b_1-18x10.webp 18w, https:\/\/www.mokivape.com\/wp-content\/uploads\/M43_b_1-600x338.webp 600w\" sizes=\"(max-width: 1920px) 100vw, 1920px\" \/>\t\t\t\t\t\t\t\t\t\t\t\t\t\t\t<\/div>\n\t\t\t\t<\/div>\n\t\t\t\t<div class=\"elementor-element elementor-element-6eee509 elementor-widget elementor-widget-image\" data-id=\"6eee509\" data-element_type=\"widget\" data-widget_type=\"image.default\">\n\t\t\t\t<div class=\"elementor-widget-container\">\n\t\t\t\t\t\t\t\t\t\t\t\t\t\t\t<img decoding=\"async\" width=\"1920\" height=\"1080\" src=\"https:\/\/www.mokivape.com\/wp-content\/uploads\/M43_b_2.webp\" class=\"attachment-full size-full wp-image-8214\" alt=\"param\u00e8tres de M43 Mini Pocket Vape Bar\" srcset=\"https:\/\/www.mokivape.com\/wp-content\/uploads\/M43_b_2.webp 1920w, https:\/\/www.mokivape.com\/wp-content\/uploads\/M43_b_2-768x432.webp 768w, https:\/\/www.mokivape.com\/wp-content\/uploads\/M43_b_2-1536x864.webp 1536w, https:\/\/www.mokivape.com\/wp-content\/uploads\/M43_b_2-18x10.webp 18w, https:\/\/www.mokivape.com\/wp-content\/uploads\/M43_b_2-600x338.webp 600w\" sizes=\"(max-width: 1920px) 100vw, 1920px\" \/>\t\t\t\t\t\t\t\t\t\t\t\t\t\t\t<\/div>\n\t\t\t\t<\/div>\n\t\t\t\t<div class=\"elementor-element elementor-element-5b20658 elementor-widget elementor-widget-image\" data-id=\"5b20658\" data-element_type=\"widget\" data-widget_type=\"image.default\">\n\t\t\t\t<div class=\"elementor-widget-container\">\n\t\t\t\t\t\t\t\t\t\t\t\t\t\t\t<img decoding=\"async\" width=\"1920\" height=\"1080\" src=\"https:\/\/www.mokivape.com\/wp-content\/uploads\/M43_b_3.webp\" class=\"attachment-full size-full wp-image-8215\" alt=\"couleurs et saveurs de M43 Mini Pocket Vape Bar\" srcset=\"https:\/\/www.mokivape.com\/wp-content\/uploads\/M43_b_3.webp 1920w, https:\/\/www.mokivape.com\/wp-content\/uploads\/M43_b_3-768x432.webp 768w, https:\/\/www.mokivape.com\/wp-content\/uploads\/M43_b_3-1536x864.webp 1536w, https:\/\/www.mokivape.com\/wp-content\/uploads\/M43_b_3-18x10.webp 18w, https:\/\/www.mokivape.com\/wp-content\/uploads\/M43_b_3-600x338.webp 600w\" sizes=\"(max-width: 1920px) 100vw, 1920px\" \/>\t\t\t\t\t\t\t\t\t\t\t\t\t\t\t<\/div>\n\t\t\t\t<\/div>\n\t\t\t\t<div class=\"elementor-element elementor-element-de7be09 elementor-widget elementor-widget-image\" data-id=\"de7be09\" data-element_type=\"widget\" data-widget_type=\"image.default\">\n\t\t\t\t<div class=\"elementor-widget-container\">\n\t\t\t\t\t\t\t\t\t\t\t\t\t\t\t<img loading=\"lazy\" decoding=\"async\" width=\"1920\" height=\"1080\" src=\"https:\/\/www.mokivape.com\/wp-content\/uploads\/M43_b_4.webp\" class=\"attachment-full size-full wp-image-8216\" alt=\"M43 Mini Pocket Vape Bar\" srcset=\"https:\/\/www.mokivape.com\/wp-content\/uploads\/M43_b_4.webp 1920w, https:\/\/www.mokivape.com\/wp-content\/uploads\/M43_b_4-768x432.webp 768w, https:\/\/www.mokivape.com\/wp-content\/uploads\/M43_b_4-1536x864.webp 1536w, https:\/\/www.mokivape.com\/wp-content\/uploads\/M43_b_4-18x10.webp 18w, https:\/\/www.mokivape.com\/wp-content\/uploads\/M43_b_4-600x338.webp 600w\" sizes=\"(max-width: 1920px) 100vw, 1920px\" \/>\t\t\t\t\t\t\t\t\t\t\t\t\t\t\t<\/div>\n\t\t\t\t<\/div>\n\t\t\t\t<div class=\"elementor-element elementor-element-20eceff elementor-widget elementor-widget-image\" data-id=\"20eceff\" data-element_type=\"widget\" data-widget_type=\"image.default\">\n\t\t\t\t<div class=\"elementor-widget-container\">\n\t\t\t\t\t\t\t\t\t\t\t\t\t\t\t<img loading=\"lazy\" decoding=\"async\" width=\"1920\" height=\"1080\" src=\"https:\/\/www.mokivape.com\/wp-content\/uploads\/M43_b_5.webp\" class=\"attachment-full size-full wp-image-8217\" alt=\"M43 Mini Pocket Vape Bar\" srcset=\"https:\/\/www.mokivape.com\/wp-content\/uploads\/M43_b_5.webp 1920w, https:\/\/www.mokivape.com\/wp-content\/uploads\/M43_b_5-768x432.webp 768w, https:\/\/www.mokivape.com\/wp-content\/uploads\/M43_b_5-1536x864.webp 1536w, https:\/\/www.mokivape.com\/wp-content\/uploads\/M43_b_5-18x10.webp 18w, https:\/\/www.mokivape.com\/wp-content\/uploads\/M43_b_5-600x338.webp 600w\" sizes=\"(max-width: 1920px) 100vw, 1920px\" \/>\t\t\t\t\t\t\t\t\t\t\t\t\t\t\t<\/div>\n\t\t\t\t<\/div>\n\t\t\t\t<div class=\"elementor-element elementor-element-d5be08a elementor-widget elementor-widget-image\" data-id=\"d5be08a\" data-element_type=\"widget\" data-widget_type=\"image.default\">\n\t\t\t\t<div class=\"elementor-widget-container\">\n\t\t\t\t\t\t\t\t\t\t\t\t\t\t\t<img loading=\"lazy\" decoding=\"async\" width=\"1920\" height=\"1080\" src=\"https:\/\/www.mokivape.com\/wp-content\/uploads\/M43_b_6.webp\" class=\"attachment-full size-full wp-image-8218\" alt=\"Liste de colisage de M43 Mini Pocket Vape Bar\" srcset=\"https:\/\/www.mokivape.com\/wp-content\/uploads\/M43_b_6.webp 1920w, https:\/\/www.mokivape.com\/wp-content\/uploads\/M43_b_6-768x432.webp 768w, https:\/\/www.mokivape.com\/wp-content\/uploads\/M43_b_6-1536x864.webp 1536w, https:\/\/www.mokivape.com\/wp-content\/uploads\/M43_b_6-18x10.webp 18w, https:\/\/www.mokivape.com\/wp-content\/uploads\/M43_b_6-600x338.webp 600w\" sizes=\"(max-width: 1920px) 100vw, 1920px\" \/>\t\t\t\t\t\t\t\t\t\t\t\t\t\t\t<\/div>\n\t\t\t\t<\/div>\n\t\t\t\t<\/div>\n\t\t\t\t<\/div>","protected":false},"excerpt":{"rendered":"<p>MOKI Mini Pocket Vape Bar MOKI-MK43 est la vape compacte jetable ultime pour le plaisir en d\u00e9placement. Cette mini merveille est dot\u00e9e d'une batterie de 500mAh et d'une bobine en c\u00e9ramique de 1,2ohm pour une saveur pure et une vapeur satisfaisante. Avec une capacit\u00e9 de 6,5 ml d'e-liquide, il est parfait pour vaper toute la journ\u00e9e.<br \/>\nRechargez facilement gr\u00e2ce \u00e0 la technologie Type-C. Con\u00e7u avec un corps en plastique unicolore \u00e9l\u00e9gant, il est petit en taille (42,9*65,15*21,50mm) mais grand en qualit\u00e9. MK43 support pour OEM et ODM, le MOKI Mini Pocket Vape Bar est un article de haute qualit\u00e9, en vente rapide, d'un fabricant et fournisseur de confiance - MOKI. D\u00e9couvrez le meilleur de la vape box ODM avec cet appareil fabriqu\u00e9 en usine et sur commande.<\/p>","protected":false},"featured_media":8157,"comment_status":"open","ping_status":"closed","template":"","meta":[],"product_brand":[],"product_cat":[31],"product_tag":[],"class_list":{"0":"post-1419","1":"product","2":"type-product","3":"status-publish","4":"has-post-thumbnail","6":"product_cat-disposable-vape-pod-kits-oem-vape-pen-manufacturing","8":"first","9":"instock","10":"shipping-taxable","11":"product-type-simple"},"_links":{"self":[{"href":"https:\/\/www.mokivape.com\/fr\/wp-json\/wp\/v2\/product\/1419","targetHints":{"allow":["GET"]}}],"collection":[{"href":"https:\/\/www.mokivape.com\/fr\/wp-json\/wp\/v2\/product"}],"about":[{"href":"https:\/\/www.mokivape.com\/fr\/wp-json\/wp\/v2\/types\/product"}],"replies":[{"embeddable":true,"href":"https:\/\/www.mokivape.com\/fr\/wp-json\/wp\/v2\/comments?post=1419"}],"version-history":[{"count":0,"href":"https:\/\/www.mokivape.com\/fr\/wp-json\/wp\/v2\/product\/1419\/revisions"}],"wp:featuredmedia":[{"embeddable":true,"href":"https:\/\/www.mokivape.com\/fr\/wp-json\/wp\/v2\/media\/8157"}],"wp:attachment":[{"href":"https:\/\/www.mokivape.com\/fr\/wp-json\/wp\/v2\/media?parent=1419"}],"wp:term":[{"taxonomy":"product_brand","embeddable":true,"href":"https:\/\/www.mokivape.com\/fr\/wp-json\/wp\/v2\/product_brand?post=1419"},{"taxonomy":"product_cat","embeddable":true,"href":"https:\/\/www.mokivape.com\/fr\/wp-json\/wp\/v2\/product_cat?post=1419"},{"taxonomy":"product_tag","embeddable":true,"href":"https:\/\/www.mokivape.com\/fr\/wp-json\/wp\/v2\/product_tag?post=1419"}],"curies":[{"name":"wp","href":"https:\/\/api.w.org\/{rel}","templated":true}]}}