{"id":1418,"date":"2024-04-17T09:15:18","date_gmt":"2024-04-17T09:15:18","guid":{"rendered":"https:\/\/www.mokiecig.com\/?post_type=product&#038;p=1418"},"modified":"2025-06-30T10:22:57","modified_gmt":"2025-06-30T10:22:57","slug":"mk-m42-tpd-compliant-vape","status":"publish","type":"product","link":"https:\/\/www.mokivape.com\/fr\/produit\/mk-m42-tpd-compliant-vape\/","title":{"rendered":"MK-M42 Vape conforme \u00e0 la DPT"},"content":{"rendered":"<div data-elementor-type=\"product-post\" data-elementor-id=\"1418\" class=\"elementor elementor-1418\" data-elementor-post-type=\"product\">\n\t\t\t\t<div class=\"elementor-element elementor-element-cd91d68 e-con-full e-flex e-con e-parent\" data-id=\"cd91d68\" data-element_type=\"container\">\n\t\t\t\t<div class=\"elementor-element elementor-element-25d39e7 elementor-widget elementor-widget-heading\" data-id=\"25d39e7\" data-element_type=\"widget\" data-widget_type=\"heading.default\">\n\t\t\t\t<div class=\"elementor-widget-container\">\n\t\t\t\t\t<h2 class=\"elementor-heading-title elementor-size-default\">MK-M42 Vape conforme \u00e0 la DPT<\/h2>\t\t\t\t<\/div>\n\t\t\t\t<\/div>\n\t\t\t\t<div class=\"elementor-element elementor-element-99759d4 elementor-widget elementor-widget-html\" data-id=\"99759d4\" data-element_type=\"widget\" data-widget_type=\"html.default\">\n\t\t\t\t<div class=\"elementor-widget-container\">\n\t\t\t\t\t<table><tbody><tr><td>Taille<\/td><td>38*20.2*60mm<\/td><td>Capacit\u00e9 en e-liquide<\/td><td>2mL<\/td><\/tr><tr><td>Capacit\u00e9 de la batterie<\/td><td>400mAh<\/td><td>Rechargeable<\/td><td>Type-C<\/td><\/tr><tr><td>Fil chauffant<\/td><td>Bobine de maille<\/td><td>Mat\u00e9riau<\/td><td>Plastique unicolore<\/td><\/tr><tr><td>R\u00e9sistance<\/td><td>1.lohm<\/td><td><\/td><td><\/td><\/tr><\/tbody><\/table>\t\t\t\t<\/div>\n\t\t\t\t<\/div>\n\t\t\t\t<div class=\"elementor-element elementor-element-857e82d elementor-widget elementor-widget-image\" data-id=\"857e82d\" data-element_type=\"widget\" data-widget_type=\"image.default\">\n\t\t\t\t<div class=\"elementor-widget-container\">\n\t\t\t\t\t\t\t\t\t\t\t\t\t\t\t<img fetchpriority=\"high\" decoding=\"async\" width=\"1920\" height=\"1080\" src=\"https:\/\/www.mokivape.com\/wp-content\/uploads\/M42_b_1.webp\" class=\"attachment-full size-full wp-image-8222\" alt=\"Vaporisateur M42 TPD\" srcset=\"https:\/\/www.mokivape.com\/wp-content\/uploads\/M42_b_1.webp 1920w, https:\/\/www.mokivape.com\/wp-content\/uploads\/M42_b_1-768x432.webp 768w, https:\/\/www.mokivape.com\/wp-content\/uploads\/M42_b_1-1536x864.webp 1536w, https:\/\/www.mokivape.com\/wp-content\/uploads\/M42_b_1-18x10.webp 18w, https:\/\/www.mokivape.com\/wp-content\/uploads\/M42_b_1-600x338.webp 600w\" sizes=\"(max-width: 1920px) 100vw, 1920px\" \/>\t\t\t\t\t\t\t\t\t\t\t\t\t\t\t<\/div>\n\t\t\t\t<\/div>\n\t\t\t\t<div class=\"elementor-element elementor-element-e7f7c03 elementor-widget elementor-widget-image\" data-id=\"e7f7c03\" data-element_type=\"widget\" data-widget_type=\"image.default\">\n\t\t\t\t<div class=\"elementor-widget-container\">\n\t\t\t\t\t\t\t\t\t\t\t\t\t\t\t<img decoding=\"async\" width=\"1920\" height=\"1080\" src=\"https:\/\/www.mokivape.com\/wp-content\/uploads\/M42_b_2.webp\" class=\"attachment-full size-full wp-image-8223\" alt=\"Vaporisateur M42 TPD\" srcset=\"https:\/\/www.mokivape.com\/wp-content\/uploads\/M42_b_2.webp 1920w, https:\/\/www.mokivape.com\/wp-content\/uploads\/M42_b_2-768x432.webp 768w, https:\/\/www.mokivape.com\/wp-content\/uploads\/M42_b_2-1536x864.webp 1536w, https:\/\/www.mokivape.com\/wp-content\/uploads\/M42_b_2-18x10.webp 18w, https:\/\/www.mokivape.com\/wp-content\/uploads\/M42_b_2-600x338.webp 600w\" sizes=\"(max-width: 1920px) 100vw, 1920px\" \/>\t\t\t\t\t\t\t\t\t\t\t\t\t\t\t<\/div>\n\t\t\t\t<\/div>\n\t\t\t\t<div class=\"elementor-element elementor-element-497aca7 elementor-widget elementor-widget-image\" data-id=\"497aca7\" data-element_type=\"widget\" data-widget_type=\"image.default\">\n\t\t\t\t<div class=\"elementor-widget-container\">\n\t\t\t\t\t\t\t\t\t\t\t\t\t\t\t<img decoding=\"async\" width=\"1920\" height=\"1080\" src=\"https:\/\/www.mokivape.com\/wp-content\/uploads\/M42_b_3.webp\" class=\"attachment-full size-full wp-image-8224\" alt=\"Vaporisateur M42 TPD\" srcset=\"https:\/\/www.mokivape.com\/wp-content\/uploads\/M42_b_3.webp 1920w, https:\/\/www.mokivape.com\/wp-content\/uploads\/M42_b_3-768x432.webp 768w, https:\/\/www.mokivape.com\/wp-content\/uploads\/M42_b_3-1536x864.webp 1536w, https:\/\/www.mokivape.com\/wp-content\/uploads\/M42_b_3-18x10.webp 18w, https:\/\/www.mokivape.com\/wp-content\/uploads\/M42_b_3-600x338.webp 600w\" sizes=\"(max-width: 1920px) 100vw, 1920px\" \/>\t\t\t\t\t\t\t\t\t\t\t\t\t\t\t<\/div>\n\t\t\t\t<\/div>\n\t\t\t\t<div class=\"elementor-element elementor-element-2e5aefa elementor-widget elementor-widget-image\" data-id=\"2e5aefa\" data-element_type=\"widget\" data-widget_type=\"image.default\">\n\t\t\t\t<div class=\"elementor-widget-container\">\n\t\t\t\t\t\t\t\t\t\t\t\t\t\t\t<img loading=\"lazy\" decoding=\"async\" width=\"1920\" height=\"1080\" src=\"https:\/\/www.mokivape.com\/wp-content\/uploads\/M42_b_4.webp\" class=\"attachment-full size-full wp-image-8225\" alt=\"Vaporisateur M42 TPD\" srcset=\"https:\/\/www.mokivape.com\/wp-content\/uploads\/M42_b_4.webp 1920w, https:\/\/www.mokivape.com\/wp-content\/uploads\/M42_b_4-768x432.webp 768w, https:\/\/www.mokivape.com\/wp-content\/uploads\/M42_b_4-1536x864.webp 1536w, https:\/\/www.mokivape.com\/wp-content\/uploads\/M42_b_4-18x10.webp 18w, https:\/\/www.mokivape.com\/wp-content\/uploads\/M42_b_4-600x338.webp 600w\" sizes=\"(max-width: 1920px) 100vw, 1920px\" \/>\t\t\t\t\t\t\t\t\t\t\t\t\t\t\t<\/div>\n\t\t\t\t<\/div>\n\t\t\t\t<\/div>\n\t\t\t\t<\/div>","protected":false},"excerpt":{"rendered":"<p>Le MOKI TPD Compliant Vaporizer MK-M2 est un appareil de haute qualit\u00e9 con\u00e7u pour r\u00e9pondre aux r\u00e9glementations TPD. Ce vaporisateur compact de 64*42*20mm est dot\u00e9 d'une batterie de 400mAh et d'une bobine de 1,0ohm pour des performances constantes. Avec une capacit\u00e9 de 2mL d'e-liquide, il est parfait pour satisfaire vos envies de nicotine.<br \/>\nRechargez avec le port Type-C pour une commodit\u00e9 ultime. Fabriqu\u00e9 \u00e0 partir d'un mat\u00e9riau PC+ABS \u00e0 injection bicolore, cet appareil est non seulement durable, mais aussi \u00e9l\u00e9gant. Id\u00e9al pour la marque blanche, le MOKI TPD Vaporizer MK-M2 est un produit en vente imm\u00e9diate, fabriqu\u00e9 sur commande par un fabricant et fournisseur r\u00e9put\u00e9, MOKI. MK-M2 supporte les OEM et ODM, c'est une solution d'usine pour la fabrication de bars \u00e0 vape, garantissant conformit\u00e9 et qualit\u00e9.<\/p>","protected":false},"featured_media":8156,"comment_status":"open","ping_status":"closed","template":"","meta":[],"product_brand":[],"product_cat":[16],"product_tag":[],"class_list":{"0":"post-1418","1":"product","2":"type-product","3":"status-publish","4":"has-post-thumbnail","6":"product_cat-pod-kits-refillable-open-pods-cartridge-oem","8":"first","9":"instock","10":"shipping-taxable","11":"product-type-simple"},"_links":{"self":[{"href":"https:\/\/www.mokivape.com\/fr\/wp-json\/wp\/v2\/product\/1418","targetHints":{"allow":["GET"]}}],"collection":[{"href":"https:\/\/www.mokivape.com\/fr\/wp-json\/wp\/v2\/product"}],"about":[{"href":"https:\/\/www.mokivape.com\/fr\/wp-json\/wp\/v2\/types\/product"}],"replies":[{"embeddable":true,"href":"https:\/\/www.mokivape.com\/fr\/wp-json\/wp\/v2\/comments?post=1418"}],"version-history":[{"count":0,"href":"https:\/\/www.mokivape.com\/fr\/wp-json\/wp\/v2\/product\/1418\/revisions"}],"wp:featuredmedia":[{"embeddable":true,"href":"https:\/\/www.mokivape.com\/fr\/wp-json\/wp\/v2\/media\/8156"}],"wp:attachment":[{"href":"https:\/\/www.mokivape.com\/fr\/wp-json\/wp\/v2\/media?parent=1418"}],"wp:term":[{"taxonomy":"product_brand","embeddable":true,"href":"https:\/\/www.mokivape.com\/fr\/wp-json\/wp\/v2\/product_brand?post=1418"},{"taxonomy":"product_cat","embeddable":true,"href":"https:\/\/www.mokivape.com\/fr\/wp-json\/wp\/v2\/product_cat?post=1418"},{"taxonomy":"product_tag","embeddable":true,"href":"https:\/\/www.mokivape.com\/fr\/wp-json\/wp\/v2\/product_tag?post=1418"}],"curies":[{"name":"wp","href":"https:\/\/api.w.org\/{rel}","templated":true}]}}