{"id":1417,"date":"2024-04-17T09:14:57","date_gmt":"2024-04-17T09:14:57","guid":{"rendered":"https:\/\/www.mokiecig.com\/?post_type=product&#038;p=1417"},"modified":"2025-01-03T06:21:57","modified_gmt":"2025-01-03T06:21:57","slug":"mk-m41-tpd-vape-box","status":"publish","type":"product","link":"https:\/\/www.mokivape.com\/fr\/produit\/mk-m41-tpd-vape-box\/","title":{"rendered":"MK-M41 TPD Vape Box"},"content":{"rendered":"<div data-elementor-type=\"product-post\" data-elementor-id=\"1417\" class=\"elementor elementor-1417\" data-elementor-post-type=\"product\">\n\t\t\t\t<div class=\"elementor-element elementor-element-7873be9 e-con-full e-flex e-con e-parent\" data-id=\"7873be9\" data-element_type=\"container\">\n\t\t\t\t<div class=\"elementor-element elementor-element-32f3269 elementor-widget elementor-widget-heading\" data-id=\"32f3269\" data-element_type=\"widget\" data-widget_type=\"heading.default\">\n\t\t\t\t<div class=\"elementor-widget-container\">\n\t\t\t\t\t<h2 class=\"elementor-heading-title elementor-size-default\">MK-M41 TPD Vape Box<\/h2>\t\t\t\t<\/div>\n\t\t\t\t<\/div>\n\t\t\t\t<div class=\"elementor-element elementor-element-46553fc elementor-widget elementor-widget-html\" data-id=\"46553fc\" data-element_type=\"widget\" data-widget_type=\"html.default\">\n\t\t\t\t<div class=\"elementor-widget-container\">\n\t\t\t\t\t<table><tbody><tr><td>Taille<\/td><td>30*30*63.2mm<\/td><td>R\u00e9sistance<\/td><td>0,8-1,2ohm<\/td><\/tr><tr><td>Capacit\u00e9 de la batterie<\/td><td>400mAh<\/td><td>Capacit\u00e9 en e-liquide<\/td><td>2mL<\/td><\/tr><tr><td>Fil chauffant<\/td><td>Bobine de maille<\/td><td>Rechargeable<\/td><td>Type-C<\/td><\/tr><tr><td>Mat\u00e9riau<\/td><td colspan=\"3\">Buse d'aspiration unicolore en plastique+silicone<\/td><\/tr><\/tbody><\/table>\t\t\t\t<\/div>\n\t\t\t\t<\/div>\n\t\t\t\t<div class=\"elementor-element elementor-element-b37296a elementor-widget elementor-widget-image\" data-id=\"b37296a\" data-element_type=\"widget\" data-widget_type=\"image.default\">\n\t\t\t\t<div class=\"elementor-widget-container\">\n\t\t\t\t\t\t\t\t\t\t\t\t\t\t\t<img fetchpriority=\"high\" decoding=\"async\" width=\"1920\" height=\"1080\" src=\"https:\/\/www.mokivape.com\/wp-content\/uploads\/M41_b_1.webp\" class=\"attachment-full size-full wp-image-8229\" alt=\"M41 TPD Vape Box\" srcset=\"https:\/\/www.mokivape.com\/wp-content\/uploads\/M41_b_1.webp 1920w, https:\/\/www.mokivape.com\/wp-content\/uploads\/M41_b_1-768x432.webp 768w, https:\/\/www.mokivape.com\/wp-content\/uploads\/M41_b_1-1536x864.webp 1536w, https:\/\/www.mokivape.com\/wp-content\/uploads\/M41_b_1-18x10.webp 18w, https:\/\/www.mokivape.com\/wp-content\/uploads\/M41_b_1-600x338.webp 600w\" sizes=\"(max-width: 1920px) 100vw, 1920px\" \/>\t\t\t\t\t\t\t\t\t\t\t\t\t\t\t<\/div>\n\t\t\t\t<\/div>\n\t\t\t\t<div class=\"elementor-element elementor-element-c5bfeed elementor-widget elementor-widget-image\" data-id=\"c5bfeed\" data-element_type=\"widget\" data-widget_type=\"image.default\">\n\t\t\t\t<div class=\"elementor-widget-container\">\n\t\t\t\t\t\t\t\t\t\t\t\t\t\t\t<img decoding=\"async\" width=\"1920\" height=\"1080\" src=\"https:\/\/www.mokivape.com\/wp-content\/uploads\/M41_b_2.webp\" class=\"attachment-full size-full wp-image-8230\" alt=\"M41 TPD Vape Box\" srcset=\"https:\/\/www.mokivape.com\/wp-content\/uploads\/M41_b_2.webp 1920w, https:\/\/www.mokivape.com\/wp-content\/uploads\/M41_b_2-768x432.webp 768w, https:\/\/www.mokivape.com\/wp-content\/uploads\/M41_b_2-1536x864.webp 1536w, https:\/\/www.mokivape.com\/wp-content\/uploads\/M41_b_2-18x10.webp 18w, https:\/\/www.mokivape.com\/wp-content\/uploads\/M41_b_2-600x338.webp 600w\" sizes=\"(max-width: 1920px) 100vw, 1920px\" \/>\t\t\t\t\t\t\t\t\t\t\t\t\t\t\t<\/div>\n\t\t\t\t<\/div>\n\t\t\t\t<div class=\"elementor-element elementor-element-8049509 elementor-widget elementor-widget-image\" data-id=\"8049509\" data-element_type=\"widget\" data-widget_type=\"image.default\">\n\t\t\t\t<div class=\"elementor-widget-container\">\n\t\t\t\t\t\t\t\t\t\t\t\t\t\t\t<img decoding=\"async\" width=\"1920\" height=\"1080\" src=\"https:\/\/www.mokivape.com\/wp-content\/uploads\/M41_b_3.webp\" class=\"attachment-full size-full wp-image-8231\" alt=\"M41 TPD Vape Box\" srcset=\"https:\/\/www.mokivape.com\/wp-content\/uploads\/M41_b_3.webp 1920w, https:\/\/www.mokivape.com\/wp-content\/uploads\/M41_b_3-768x432.webp 768w, https:\/\/www.mokivape.com\/wp-content\/uploads\/M41_b_3-1536x864.webp 1536w, https:\/\/www.mokivape.com\/wp-content\/uploads\/M41_b_3-18x10.webp 18w, https:\/\/www.mokivape.com\/wp-content\/uploads\/M41_b_3-600x338.webp 600w\" sizes=\"(max-width: 1920px) 100vw, 1920px\" \/>\t\t\t\t\t\t\t\t\t\t\t\t\t\t\t<\/div>\n\t\t\t\t<\/div>\n\t\t\t\t<div class=\"elementor-element elementor-element-0bc8af3 elementor-widget elementor-widget-image\" data-id=\"0bc8af3\" data-element_type=\"widget\" data-widget_type=\"image.default\">\n\t\t\t\t<div class=\"elementor-widget-container\">\n\t\t\t\t\t\t\t\t\t\t\t\t\t\t\t<img loading=\"lazy\" decoding=\"async\" width=\"1920\" height=\"1080\" src=\"https:\/\/www.mokivape.com\/wp-content\/uploads\/M41_b_4.webp\" class=\"attachment-full size-full wp-image-8232\" alt=\"M41 TPD Vape Box\" srcset=\"https:\/\/www.mokivape.com\/wp-content\/uploads\/M41_b_4.webp 1920w, https:\/\/www.mokivape.com\/wp-content\/uploads\/M41_b_4-768x432.webp 768w, https:\/\/www.mokivape.com\/wp-content\/uploads\/M41_b_4-1536x864.webp 1536w, https:\/\/www.mokivape.com\/wp-content\/uploads\/M41_b_4-18x10.webp 18w, https:\/\/www.mokivape.com\/wp-content\/uploads\/M41_b_4-600x338.webp 600w\" sizes=\"(max-width: 1920px) 100vw, 1920px\" \/>\t\t\t\t\t\t\t\t\t\t\t\t\t\t\t<\/div>\n\t\t\t\t<\/div>\n\t\t\t\t<\/div>\n\t\t\t\t<\/div>","protected":false},"excerpt":{"rendered":"<p>La MOKI TPD Vape Box MK-M41 est un appareil de la s\u00e9rie TPD qui r\u00e9pond \u00e0 toutes les normes de conformit\u00e9 TPD. Cette box compacte de 30*30*63,2mm est \u00e9quip\u00e9e d'une batterie de 400mAh et d'une bobine mesh pour une r\u00e9sistance de 0,8 \u00e0 1,2ohm, r\u00e9pondant ainsi aux diff\u00e9rentes pr\u00e9f\u00e9rences de vapotage. Avec une capacit\u00e9 de 2mL d'e-liquide, elle offre suffisamment d'espace pour vos e-liquides pr\u00e9f\u00e9r\u00e9s. La recharge Type-C assure une recharge rapide et facile. Fabriqu\u00e9 \u00e0 partir de plastique unicolore avec un embout d'aspiration en silicone, cette bo\u00eete de vaporisation TPD MK-M41 de haute qualit\u00e9 et de vente chaude prend en charge OEM et ODM, offrant une solution sur commande d'un fabricant et fournisseur de confiance MOKI. D\u00e9couvrez l'\u00e9dition TPD de la vape qui r\u00e9volutionne l'industrie de la vape.<\/p>","protected":false},"featured_media":8155,"comment_status":"open","ping_status":"closed","template":"","meta":[],"product_brand":[],"product_cat":[31],"product_tag":[118,120,119],"class_list":{"0":"post-1417","1":"product","2":"type-product","3":"status-publish","4":"has-post-thumbnail","6":"product_cat-disposable-vape-pod-kits-oem-vape-pen-manufacturing","7":"product_tag-tpd","8":"product_tag-vape-bar","9":"product_tag-vape-box","11":"first","12":"instock","13":"shipping-taxable","14":"product-type-simple"},"_links":{"self":[{"href":"https:\/\/www.mokivape.com\/fr\/wp-json\/wp\/v2\/product\/1417","targetHints":{"allow":["GET"]}}],"collection":[{"href":"https:\/\/www.mokivape.com\/fr\/wp-json\/wp\/v2\/product"}],"about":[{"href":"https:\/\/www.mokivape.com\/fr\/wp-json\/wp\/v2\/types\/product"}],"replies":[{"embeddable":true,"href":"https:\/\/www.mokivape.com\/fr\/wp-json\/wp\/v2\/comments?post=1417"}],"version-history":[{"count":0,"href":"https:\/\/www.mokivape.com\/fr\/wp-json\/wp\/v2\/product\/1417\/revisions"}],"wp:featuredmedia":[{"embeddable":true,"href":"https:\/\/www.mokivape.com\/fr\/wp-json\/wp\/v2\/media\/8155"}],"wp:attachment":[{"href":"https:\/\/www.mokivape.com\/fr\/wp-json\/wp\/v2\/media?parent=1417"}],"wp:term":[{"taxonomy":"product_brand","embeddable":true,"href":"https:\/\/www.mokivape.com\/fr\/wp-json\/wp\/v2\/product_brand?post=1417"},{"taxonomy":"product_cat","embeddable":true,"href":"https:\/\/www.mokivape.com\/fr\/wp-json\/wp\/v2\/product_cat?post=1417"},{"taxonomy":"product_tag","embeddable":true,"href":"https:\/\/www.mokivape.com\/fr\/wp-json\/wp\/v2\/product_tag?post=1417"}],"curies":[{"name":"wp","href":"https:\/\/api.w.org\/{rel}","templated":true}]}}