{"id":1416,"date":"2024-04-17T09:14:36","date_gmt":"2024-04-17T09:14:36","guid":{"rendered":"https:\/\/www.mokiecig.com\/?post_type=product&#038;p=1416"},"modified":"2025-01-03T06:23:54","modified_gmt":"2025-01-03T06:23:54","slug":"m40-nicotine-salt-open-pod-vape-kits","status":"publish","type":"product","link":"https:\/\/www.mokivape.com\/fr\/produit\/m40-sel-de-nicotine-open-pod-vape-kits\/","title":{"rendered":"MK-M40 Nicotine Salt Open Pod Vape Kits"},"content":{"rendered":"<div data-elementor-type=\"product-post\" data-elementor-id=\"1416\" class=\"elementor elementor-1416\" data-elementor-post-type=\"product\">\n\t\t\t\t<div class=\"elementor-element elementor-element-e4c9c1b e-con-full e-flex e-con e-parent\" data-id=\"e4c9c1b\" data-element_type=\"container\">\n\t\t\t\t<div class=\"elementor-element elementor-element-d5fe4e9 elementor-widget elementor-widget-heading\" data-id=\"d5fe4e9\" data-element_type=\"widget\" data-widget_type=\"heading.default\">\n\t\t\t\t<div class=\"elementor-widget-container\">\n\t\t\t\t\t<h2 class=\"elementor-heading-title elementor-size-default\">MK-M40 Nicotine Salt Open Pod Vape Kits<\/h2>\t\t\t\t<\/div>\n\t\t\t\t<\/div>\n\t\t\t\t<div class=\"elementor-element elementor-element-270716c elementor-widget elementor-widget-html\" data-id=\"270716c\" data-element_type=\"widget\" data-widget_type=\"html.default\">\n\t\t\t\t<div class=\"elementor-widget-container\">\n\t\t\t\t\t<table><tbody><tr><td>R\u00e9sistance<\/td><td>1,0-1,25ohm<\/td><td>Taille<\/td><td>22,9*14,2*89,7mm<\/td><\/tr><tr><td>Capacit\u00e9 en e-liquide<\/td><td>2.5mL<\/td><td>Capacit\u00e9 de la batterie<\/td><td>280mAh<\/td><\/tr><tr><td>Rechargeable<\/td><td>Type-C<\/td><td>Fil chauffant<\/td><td>Bobine de maille<\/td><\/tr><tr><td>Mat\u00e9riau<\/td><td colspan=\"3\">Plastique + \u00e9cusson unicolore<\/td><\/tr><\/tbody><\/table>\t\t\t\t<\/div>\n\t\t\t\t<\/div>\n\t\t\t\t<div class=\"elementor-element elementor-element-5fed6d8 elementor-widget elementor-widget-image\" data-id=\"5fed6d8\" data-element_type=\"widget\" data-widget_type=\"image.default\">\n\t\t\t\t<div class=\"elementor-widget-container\">\n\t\t\t\t\t\t\t\t\t\t\t\t\t\t\t<img fetchpriority=\"high\" decoding=\"async\" width=\"1920\" height=\"1080\" src=\"https:\/\/www.mokivape.com\/wp-content\/uploads\/M40_b_1.webp\" class=\"attachment-full size-full wp-image-8236\" alt=\"MOKI MK40 Sel de Nicotine Open Pod Vape Kits\" srcset=\"https:\/\/www.mokivape.com\/wp-content\/uploads\/M40_b_1.webp 1920w, https:\/\/www.mokivape.com\/wp-content\/uploads\/M40_b_1-768x432.webp 768w, https:\/\/www.mokivape.com\/wp-content\/uploads\/M40_b_1-1536x864.webp 1536w, https:\/\/www.mokivape.com\/wp-content\/uploads\/M40_b_1-18x10.webp 18w, https:\/\/www.mokivape.com\/wp-content\/uploads\/M40_b_1-600x338.webp 600w\" sizes=\"(max-width: 1920px) 100vw, 1920px\" \/>\t\t\t\t\t\t\t\t\t\t\t\t\t\t\t<\/div>\n\t\t\t\t<\/div>\n\t\t\t\t<div class=\"elementor-element elementor-element-85f16f2 elementor-widget elementor-widget-image\" data-id=\"85f16f2\" data-element_type=\"widget\" data-widget_type=\"image.default\">\n\t\t\t\t<div class=\"elementor-widget-container\">\n\t\t\t\t\t\t\t\t\t\t\t\t\t\t\t<img decoding=\"async\" width=\"1920\" height=\"1080\" src=\"https:\/\/www.mokivape.com\/wp-content\/uploads\/M40_b_2.webp\" class=\"attachment-full size-full wp-image-8237\" alt=\"MOKI MK40 Sel de Nicotine Open Pod Vape Kits\" srcset=\"https:\/\/www.mokivape.com\/wp-content\/uploads\/M40_b_2.webp 1920w, https:\/\/www.mokivape.com\/wp-content\/uploads\/M40_b_2-768x432.webp 768w, https:\/\/www.mokivape.com\/wp-content\/uploads\/M40_b_2-1536x864.webp 1536w, https:\/\/www.mokivape.com\/wp-content\/uploads\/M40_b_2-18x10.webp 18w, https:\/\/www.mokivape.com\/wp-content\/uploads\/M40_b_2-600x338.webp 600w\" sizes=\"(max-width: 1920px) 100vw, 1920px\" \/>\t\t\t\t\t\t\t\t\t\t\t\t\t\t\t<\/div>\n\t\t\t\t<\/div>\n\t\t\t\t<div class=\"elementor-element elementor-element-872964a elementor-widget elementor-widget-image\" data-id=\"872964a\" data-element_type=\"widget\" data-widget_type=\"image.default\">\n\t\t\t\t<div class=\"elementor-widget-container\">\n\t\t\t\t\t\t\t\t\t\t\t\t\t\t\t<img decoding=\"async\" width=\"1920\" height=\"1080\" src=\"https:\/\/www.mokivape.com\/wp-content\/uploads\/M40_b_3.webp\" class=\"attachment-full size-full wp-image-8238\" alt=\"MOKI MK40 Sel de Nicotine Open Pod Vape Kits\" srcset=\"https:\/\/www.mokivape.com\/wp-content\/uploads\/M40_b_3.webp 1920w, https:\/\/www.mokivape.com\/wp-content\/uploads\/M40_b_3-768x432.webp 768w, https:\/\/www.mokivape.com\/wp-content\/uploads\/M40_b_3-1536x864.webp 1536w, https:\/\/www.mokivape.com\/wp-content\/uploads\/M40_b_3-18x10.webp 18w, https:\/\/www.mokivape.com\/wp-content\/uploads\/M40_b_3-600x338.webp 600w\" sizes=\"(max-width: 1920px) 100vw, 1920px\" \/>\t\t\t\t\t\t\t\t\t\t\t\t\t\t\t<\/div>\n\t\t\t\t<\/div>\n\t\t\t\t<div class=\"elementor-element elementor-element-04b8749 elementor-widget elementor-widget-image\" data-id=\"04b8749\" data-element_type=\"widget\" data-widget_type=\"image.default\">\n\t\t\t\t<div class=\"elementor-widget-container\">\n\t\t\t\t\t\t\t\t\t\t\t\t\t\t\t<img loading=\"lazy\" decoding=\"async\" width=\"1920\" height=\"1080\" src=\"https:\/\/www.mokivape.com\/wp-content\/uploads\/M40_b_4.webp\" class=\"attachment-full size-full wp-image-8239\" alt=\"MOKI MK40 Sel de Nicotine Open Pod Vape Kits\" srcset=\"https:\/\/www.mokivape.com\/wp-content\/uploads\/M40_b_4.webp 1920w, https:\/\/www.mokivape.com\/wp-content\/uploads\/M40_b_4-768x432.webp 768w, https:\/\/www.mokivape.com\/wp-content\/uploads\/M40_b_4-1536x864.webp 1536w, https:\/\/www.mokivape.com\/wp-content\/uploads\/M40_b_4-18x10.webp 18w, https:\/\/www.mokivape.com\/wp-content\/uploads\/M40_b_4-600x338.webp 600w\" sizes=\"(max-width: 1920px) 100vw, 1920px\" \/>\t\t\t\t\t\t\t\t\t\t\t\t\t\t\t<\/div>\n\t\t\t\t<\/div>\n\t\t\t\t<\/div>\n\t\t\t\t<\/div>","protected":false},"excerpt":{"rendered":"<p>MOKI Nicotine Salt Open Pod Vape Kits MK-M40 est un dispositif de vapotage polyvalent et efficace de la s\u00e9rie Open Pod. Ce pod est con\u00e7u pour les e-liquides \u00e0 base de sels de nicotine, avec une capacit\u00e9 de 2,5 ml et une bobine de 1,0 \u00e0 1,25 ohm pour une vaporisation et une saveur optimales. La taille compacte de 22,9*14,2*89,7mm et la batterie de 280mAh assurent la portabilit\u00e9 et l'utilisation tout au long de la journ\u00e9e. Rechargez avec le port Type-C pratique.<\/p>\n<p>Construit avec un plastique de couleur unique et un patch, ce kit de pod de haute qualit\u00e9 et de vente chaude prend en charge OEM et ODM, fournissant une option faite sur commande d'un fabricant et fournisseur de confiance MOKI. Satisfaites vos envies de nicotine avec le MOKI Open Pod Vape Kits MK-M40, une solution fabriqu\u00e9e en usine pour les amateurs de pods de vapotage pr\u00e9-remplis.<\/p>","protected":false},"featured_media":8154,"comment_status":"open","ping_status":"closed","template":"","meta":[],"product_brand":[],"product_cat":[16],"product_tag":[121,122,123],"class_list":{"0":"post-1416","1":"product","2":"type-product","3":"status-publish","4":"has-post-thumbnail","6":"product_cat-pod-kits-refillable-open-pods-cartridge-oem","7":"product_tag-open-pod","8":"product_tag-pod-kits","9":"product_tag-vape-kits","11":"first","12":"instock","13":"shipping-taxable","14":"product-type-simple"},"_links":{"self":[{"href":"https:\/\/www.mokivape.com\/fr\/wp-json\/wp\/v2\/product\/1416","targetHints":{"allow":["GET"]}}],"collection":[{"href":"https:\/\/www.mokivape.com\/fr\/wp-json\/wp\/v2\/product"}],"about":[{"href":"https:\/\/www.mokivape.com\/fr\/wp-json\/wp\/v2\/types\/product"}],"replies":[{"embeddable":true,"href":"https:\/\/www.mokivape.com\/fr\/wp-json\/wp\/v2\/comments?post=1416"}],"version-history":[{"count":0,"href":"https:\/\/www.mokivape.com\/fr\/wp-json\/wp\/v2\/product\/1416\/revisions"}],"wp:featuredmedia":[{"embeddable":true,"href":"https:\/\/www.mokivape.com\/fr\/wp-json\/wp\/v2\/media\/8154"}],"wp:attachment":[{"href":"https:\/\/www.mokivape.com\/fr\/wp-json\/wp\/v2\/media?parent=1416"}],"wp:term":[{"taxonomy":"product_brand","embeddable":true,"href":"https:\/\/www.mokivape.com\/fr\/wp-json\/wp\/v2\/product_brand?post=1416"},{"taxonomy":"product_cat","embeddable":true,"href":"https:\/\/www.mokivape.com\/fr\/wp-json\/wp\/v2\/product_cat?post=1416"},{"taxonomy":"product_tag","embeddable":true,"href":"https:\/\/www.mokivape.com\/fr\/wp-json\/wp\/v2\/product_tag?post=1416"}],"curies":[{"name":"wp","href":"https:\/\/api.w.org\/{rel}","templated":true}]}}