{"id":1409,"date":"2024-04-17T09:11:12","date_gmt":"2024-04-17T09:11:12","guid":{"rendered":"https:\/\/www.mokiecig.com\/?post_type=product&#038;p=1409"},"modified":"2025-01-03T06:44:05","modified_gmt":"2025-01-03T06:44:05","slug":"m3-portable-vape-salt-nic-e-cigarette","status":"publish","type":"product","link":"https:\/\/www.mokivape.com\/fr\/produit\/m3-portable-vape-salt-nic-e-cigarette\/","title":{"rendered":"MK-M3 Vape Portable Salt Nic E-cigarette"},"content":{"rendered":"<div data-elementor-type=\"product-post\" data-elementor-id=\"1409\" class=\"elementor elementor-1409\" data-elementor-post-type=\"product\">\n\t\t\t\t<div class=\"elementor-element elementor-element-557d2ee e-con-full e-flex e-con e-parent\" data-id=\"557d2ee\" data-element_type=\"container\">\n\t\t\t\t<div class=\"elementor-element elementor-element-b02ad22 elementor-widget elementor-widget-heading\" data-id=\"b02ad22\" data-element_type=\"widget\" data-widget_type=\"heading.default\">\n\t\t\t\t<div class=\"elementor-widget-container\">\n\t\t\t\t\t<h2 class=\"elementor-heading-title elementor-size-default\">MK-M3 Vape Portable Salt Nic E-cigarette<\/h2>\t\t\t\t<\/div>\n\t\t\t\t<\/div>\n\t\t\t\t<div class=\"elementor-element elementor-element-00ee5b6 elementor-widget elementor-widget-html\" data-id=\"00ee5b6\" data-element_type=\"widget\" data-widget_type=\"html.default\">\n\t\t\t\t<div class=\"elementor-widget-container\">\n\t\t\t\t\t<table><tbody><tr><td>Taille<\/td><td>68*50*27mm<\/td><td>Capacit\u00e9 en e-liquide<\/td><td>10mL<\/td><\/tr><tr><td>Capacit\u00e9 de la batterie<\/td><td>500mAh<\/td><td>Rechargeable<\/td><td>Type-C<\/td><\/tr><tr><td>Fil chauffant<\/td><td>Bobine de maille<\/td><td>Mat\u00e9riau<\/td><td>Plastique unicolore<\/td><\/tr><tr><td>R\u00e9sistance<\/td><td>1,0ohm<\/td><td><\/td><td><\/td><\/tr><\/tbody><\/table>\t\t\t\t<\/div>\n\t\t\t\t<\/div>\n\t\t\t\t<div class=\"elementor-element elementor-element-2d03c33 elementor-widget elementor-widget-image\" data-id=\"2d03c33\" data-element_type=\"widget\" data-widget_type=\"image.default\">\n\t\t\t\t<div class=\"elementor-widget-container\">\n\t\t\t\t\t\t\t\t\t\t\t\t\t\t\t<img fetchpriority=\"high\" decoding=\"async\" width=\"1920\" height=\"1080\" src=\"https:\/\/www.mokivape.com\/wp-content\/uploads\/M3_b_1.webp\" class=\"attachment-full size-full wp-image-8295\" alt=\"M3 Nic Salt Smok Pods\" srcset=\"https:\/\/www.mokivape.com\/wp-content\/uploads\/M3_b_1.webp 1920w, https:\/\/www.mokivape.com\/wp-content\/uploads\/M3_b_1-768x432.webp 768w, https:\/\/www.mokivape.com\/wp-content\/uploads\/M3_b_1-1536x864.webp 1536w, https:\/\/www.mokivape.com\/wp-content\/uploads\/M3_b_1-18x10.webp 18w, https:\/\/www.mokivape.com\/wp-content\/uploads\/M3_b_1-600x338.webp 600w\" sizes=\"(max-width: 1920px) 100vw, 1920px\" \/>\t\t\t\t\t\t\t\t\t\t\t\t\t\t\t<\/div>\n\t\t\t\t<\/div>\n\t\t\t\t<div class=\"elementor-element elementor-element-ea64bbb elementor-widget elementor-widget-image\" data-id=\"ea64bbb\" data-element_type=\"widget\" data-widget_type=\"image.default\">\n\t\t\t\t<div class=\"elementor-widget-container\">\n\t\t\t\t\t\t\t\t\t\t\t\t\t\t\t<img decoding=\"async\" width=\"1920\" height=\"1080\" src=\"https:\/\/www.mokivape.com\/wp-content\/uploads\/M3_b_2.webp\" class=\"attachment-full size-full wp-image-8296\" alt=\"M3 Nic Salt Smok Pods\" srcset=\"https:\/\/www.mokivape.com\/wp-content\/uploads\/M3_b_2.webp 1920w, https:\/\/www.mokivape.com\/wp-content\/uploads\/M3_b_2-768x432.webp 768w, https:\/\/www.mokivape.com\/wp-content\/uploads\/M3_b_2-1536x864.webp 1536w, https:\/\/www.mokivape.com\/wp-content\/uploads\/M3_b_2-18x10.webp 18w, https:\/\/www.mokivape.com\/wp-content\/uploads\/M3_b_2-600x338.webp 600w\" sizes=\"(max-width: 1920px) 100vw, 1920px\" \/>\t\t\t\t\t\t\t\t\t\t\t\t\t\t\t<\/div>\n\t\t\t\t<\/div>\n\t\t\t\t<div class=\"elementor-element elementor-element-2c1ec5b elementor-widget elementor-widget-image\" data-id=\"2c1ec5b\" data-element_type=\"widget\" data-widget_type=\"image.default\">\n\t\t\t\t<div class=\"elementor-widget-container\">\n\t\t\t\t\t\t\t\t\t\t\t\t\t\t\t<img decoding=\"async\" width=\"1920\" height=\"1080\" src=\"https:\/\/www.mokivape.com\/wp-content\/uploads\/M3_b_3.webp\" class=\"attachment-full size-full wp-image-8297\" alt=\"M3 Nic Salt Smok Pods\" srcset=\"https:\/\/www.mokivape.com\/wp-content\/uploads\/M3_b_3.webp 1920w, https:\/\/www.mokivape.com\/wp-content\/uploads\/M3_b_3-768x432.webp 768w, https:\/\/www.mokivape.com\/wp-content\/uploads\/M3_b_3-1536x864.webp 1536w, https:\/\/www.mokivape.com\/wp-content\/uploads\/M3_b_3-18x10.webp 18w, https:\/\/www.mokivape.com\/wp-content\/uploads\/M3_b_3-600x338.webp 600w\" sizes=\"(max-width: 1920px) 100vw, 1920px\" \/>\t\t\t\t\t\t\t\t\t\t\t\t\t\t\t<\/div>\n\t\t\t\t<\/div>\n\t\t\t\t<div class=\"elementor-element elementor-element-004be7d elementor-widget elementor-widget-image\" data-id=\"004be7d\" data-element_type=\"widget\" data-widget_type=\"image.default\">\n\t\t\t\t<div class=\"elementor-widget-container\">\n\t\t\t\t\t\t\t\t\t\t\t\t\t\t\t<img loading=\"lazy\" decoding=\"async\" width=\"1920\" height=\"1080\" src=\"https:\/\/www.mokivape.com\/wp-content\/uploads\/M3_b_4.webp\" class=\"attachment-full size-full wp-image-8298\" alt=\"M3 Nic Salt Smok Pods\" srcset=\"https:\/\/www.mokivape.com\/wp-content\/uploads\/M3_b_4.webp 1920w, https:\/\/www.mokivape.com\/wp-content\/uploads\/M3_b_4-768x432.webp 768w, https:\/\/www.mokivape.com\/wp-content\/uploads\/M3_b_4-1536x864.webp 1536w, https:\/\/www.mokivape.com\/wp-content\/uploads\/M3_b_4-18x10.webp 18w, https:\/\/www.mokivape.com\/wp-content\/uploads\/M3_b_4-600x338.webp 600w\" sizes=\"(max-width: 1920px) 100vw, 1920px\" \/>\t\t\t\t\t\t\t\t\t\t\t\t\t\t\t<\/div>\n\t\t\t\t<\/div>\n\t\t\t\t<div class=\"elementor-element elementor-element-0dcd73d elementor-widget elementor-widget-image\" data-id=\"0dcd73d\" data-element_type=\"widget\" data-widget_type=\"image.default\">\n\t\t\t\t<div class=\"elementor-widget-container\">\n\t\t\t\t\t\t\t\t\t\t\t\t\t\t\t<img loading=\"lazy\" decoding=\"async\" width=\"1920\" height=\"1080\" src=\"https:\/\/www.mokivape.com\/wp-content\/uploads\/M3_b_5.webp\" class=\"attachment-full size-full wp-image-8299\" alt=\"M3 Nic Salt Smok Pods\" srcset=\"https:\/\/www.mokivape.com\/wp-content\/uploads\/M3_b_5.webp 1920w, https:\/\/www.mokivape.com\/wp-content\/uploads\/M3_b_5-768x432.webp 768w, https:\/\/www.mokivape.com\/wp-content\/uploads\/M3_b_5-1536x864.webp 1536w, https:\/\/www.mokivape.com\/wp-content\/uploads\/M3_b_5-18x10.webp 18w, https:\/\/www.mokivape.com\/wp-content\/uploads\/M3_b_5-600x338.webp 600w\" sizes=\"(max-width: 1920px) 100vw, 1920px\" \/>\t\t\t\t\t\t\t\t\t\t\t\t\t\t\t<\/div>\n\t\t\t\t<\/div>\n\t\t\t\t<div class=\"elementor-element elementor-element-1b04c0b elementor-widget elementor-widget-image\" data-id=\"1b04c0b\" data-element_type=\"widget\" data-widget_type=\"image.default\">\n\t\t\t\t<div class=\"elementor-widget-container\">\n\t\t\t\t\t\t\t\t\t\t\t\t\t\t\t<img loading=\"lazy\" decoding=\"async\" width=\"1920\" height=\"1080\" src=\"https:\/\/www.mokivape.com\/wp-content\/uploads\/M3_b_6.webp\" class=\"attachment-full size-full wp-image-8300\" alt=\"M3 Nic Salt Smok Pods\" srcset=\"https:\/\/www.mokivape.com\/wp-content\/uploads\/M3_b_6.webp 1920w, https:\/\/www.mokivape.com\/wp-content\/uploads\/M3_b_6-768x432.webp 768w, https:\/\/www.mokivape.com\/wp-content\/uploads\/M3_b_6-1536x864.webp 1536w, https:\/\/www.mokivape.com\/wp-content\/uploads\/M3_b_6-18x10.webp 18w, https:\/\/www.mokivape.com\/wp-content\/uploads\/M3_b_6-600x338.webp 600w\" sizes=\"(max-width: 1920px) 100vw, 1920px\" \/>\t\t\t\t\t\t\t\t\t\t\t\t\t\t\t<\/div>\n\t\t\t\t<\/div>\n\t\t\t\t<\/div>\n\t\t\t\t<\/div>","protected":false},"excerpt":{"rendered":"<p>Am\u00e9liorez votre exp\u00e9rience de vapotage avec la MOKI Portable Vape Salt Nic E-cigarette VK-M3, une vape jetable de haute qualit\u00e9, en vente rapide.<br \/>\nCet appareil compact de 68*50*27mm est dot\u00e9 d'une batterie de 500mAh et d'une bobine de 1.0ohm pour une vapeur et une saveur constantes.<br \/>\nProfitez d'une capacit\u00e9 d'e-liquide de 10mL et d'une recharge Type-C pratique. Fabriqu\u00e9 en plastique d'une seule couleur, le M3 supporte le choix OEM\/ODM du fabricant et fournisseur MOKI. Satisfaites vos envies de nicotine en d\u00e9placement avec le MOKI Salt Nic Vape M3, parfait pour ceux qui recherchent une solution portable, faite sur commande.<\/p>","protected":false},"featured_media":8147,"comment_status":"open","ping_status":"closed","template":"","meta":[],"product_brand":[],"product_cat":[16],"product_tag":[],"class_list":{"0":"post-1409","1":"product","2":"type-product","3":"status-publish","4":"has-post-thumbnail","6":"product_cat-pod-kits-refillable-open-pods-cartridge-oem","8":"first","9":"instock","10":"shipping-taxable","11":"product-type-simple"},"_links":{"self":[{"href":"https:\/\/www.mokivape.com\/fr\/wp-json\/wp\/v2\/product\/1409","targetHints":{"allow":["GET"]}}],"collection":[{"href":"https:\/\/www.mokivape.com\/fr\/wp-json\/wp\/v2\/product"}],"about":[{"href":"https:\/\/www.mokivape.com\/fr\/wp-json\/wp\/v2\/types\/product"}],"replies":[{"embeddable":true,"href":"https:\/\/www.mokivape.com\/fr\/wp-json\/wp\/v2\/comments?post=1409"}],"version-history":[{"count":0,"href":"https:\/\/www.mokivape.com\/fr\/wp-json\/wp\/v2\/product\/1409\/revisions"}],"wp:featuredmedia":[{"embeddable":true,"href":"https:\/\/www.mokivape.com\/fr\/wp-json\/wp\/v2\/media\/8147"}],"wp:attachment":[{"href":"https:\/\/www.mokivape.com\/fr\/wp-json\/wp\/v2\/media?parent=1409"}],"wp:term":[{"taxonomy":"product_brand","embeddable":true,"href":"https:\/\/www.mokivape.com\/fr\/wp-json\/wp\/v2\/product_brand?post=1409"},{"taxonomy":"product_cat","embeddable":true,"href":"https:\/\/www.mokivape.com\/fr\/wp-json\/wp\/v2\/product_cat?post=1409"},{"taxonomy":"product_tag","embeddable":true,"href":"https:\/\/www.mokivape.com\/fr\/wp-json\/wp\/v2\/product_tag?post=1409"}],"curies":[{"name":"wp","href":"https:\/\/api.w.org\/{rel}","templated":true}]}}