{"id":1406,"date":"2024-04-17T09:09:20","date_gmt":"2024-04-17T09:09:20","guid":{"rendered":"https:\/\/www.mokiecig.com\/?post_type=product&#038;p=1406"},"modified":"2025-06-30T10:26:48","modified_gmt":"2025-06-30T10:26:48","slug":"m1-disposable-vape-pen-mint-ice-vape","status":"publish","type":"product","link":"https:\/\/www.mokivape.com\/fr\/produit\/m1-jetable-vape-pen-mint-ice-vape\/","title":{"rendered":"MK-M1 Stylo \u00e0 Vape Jetable Mint Ice Vape"},"content":{"rendered":"<div data-elementor-type=\"product-post\" data-elementor-id=\"1406\" class=\"elementor elementor-1406\" data-elementor-post-type=\"product\">\n\t\t\t\t<div class=\"elementor-element elementor-element-3775b30 e-con-full e-flex e-con e-parent\" data-id=\"3775b30\" data-element_type=\"container\">\n\t\t\t\t<div class=\"elementor-element elementor-element-bdc9343 elementor-widget elementor-widget-heading\" data-id=\"bdc9343\" data-element_type=\"widget\" data-widget_type=\"heading.default\">\n\t\t\t\t<div class=\"elementor-widget-container\">\n\t\t\t\t\t<h2 class=\"elementor-heading-title elementor-size-default\">MK-M1 Stylo \u00e0 Vape Jetable Mint Ice Vape<\/h2>\t\t\t\t<\/div>\n\t\t\t\t<\/div>\n\t\t\t\t<div class=\"elementor-element elementor-element-f023d40 elementor-widget elementor-widget-html\" data-id=\"f023d40\" data-element_type=\"widget\" data-widget_type=\"html.default\">\n\t\t\t\t<div class=\"elementor-widget-container\">\n\t\t\t\t\t<table><tbody><tr><td>R\u00e9sistance<\/td><td>1,0ohm<\/td><td>Taille<\/td><td>108*27mm<\/td><\/tr><tr><td>Capacit\u00e9 en e-liquides<\/td><td>10mL<\/td><td>Capacit\u00e9 de la batterie<\/td><td>500mAh<\/td><\/tr><tr><td>Rechargeable<\/td><td>Type-C<\/td><td>Fil chauffant<\/td><td>Bobine de maille<\/td><\/tr><tr><td>Mat\u00e9riau<\/td><td colspan=\"3\">Injection bicolore PC+ABs, fond en plastique unicolore<\/td><\/tr><\/tbody><\/table>\t\t\t\t<\/div>\n\t\t\t\t<\/div>\n\t\t\t\t<div class=\"elementor-element elementor-element-fdedb34 elementor-widget elementor-widget-image\" data-id=\"fdedb34\" data-element_type=\"widget\" data-widget_type=\"image.default\">\n\t\t\t\t<div class=\"elementor-widget-container\">\n\t\t\t\t\t\t\t\t\t\t\t\t\t\t\t<img fetchpriority=\"high\" decoding=\"async\" width=\"1920\" height=\"1080\" src=\"https:\/\/www.mokivape.com\/wp-content\/uploads\/M1_b_1.webp\" class=\"attachment-full size-full wp-image-8320\" alt=\"M1 Vaporisateur \u00e0 la menthe jetable\" srcset=\"https:\/\/www.mokivape.com\/wp-content\/uploads\/M1_b_1.webp 1920w, https:\/\/www.mokivape.com\/wp-content\/uploads\/M1_b_1-768x432.webp 768w, https:\/\/www.mokivape.com\/wp-content\/uploads\/M1_b_1-1536x864.webp 1536w, https:\/\/www.mokivape.com\/wp-content\/uploads\/M1_b_1-18x10.webp 18w, https:\/\/www.mokivape.com\/wp-content\/uploads\/M1_b_1-600x338.webp 600w\" sizes=\"(max-width: 1920px) 100vw, 1920px\" \/>\t\t\t\t\t\t\t\t\t\t\t\t\t\t\t<\/div>\n\t\t\t\t<\/div>\n\t\t\t\t<div class=\"elementor-element elementor-element-43ad5b3 elementor-widget elementor-widget-image\" data-id=\"43ad5b3\" data-element_type=\"widget\" data-widget_type=\"image.default\">\n\t\t\t\t<div class=\"elementor-widget-container\">\n\t\t\t\t\t\t\t\t\t\t\t\t\t\t\t<img decoding=\"async\" width=\"1920\" height=\"1080\" src=\"https:\/\/www.mokivape.com\/wp-content\/uploads\/M1_b_2.webp\" class=\"attachment-full size-full wp-image-8321\" alt=\"M1 Vaporisateur \u00e0 la menthe jetable\" srcset=\"https:\/\/www.mokivape.com\/wp-content\/uploads\/M1_b_2.webp 1920w, https:\/\/www.mokivape.com\/wp-content\/uploads\/M1_b_2-768x432.webp 768w, https:\/\/www.mokivape.com\/wp-content\/uploads\/M1_b_2-1536x864.webp 1536w, https:\/\/www.mokivape.com\/wp-content\/uploads\/M1_b_2-18x10.webp 18w, https:\/\/www.mokivape.com\/wp-content\/uploads\/M1_b_2-600x338.webp 600w\" sizes=\"(max-width: 1920px) 100vw, 1920px\" \/>\t\t\t\t\t\t\t\t\t\t\t\t\t\t\t<\/div>\n\t\t\t\t<\/div>\n\t\t\t\t<div class=\"elementor-element elementor-element-1106dd3 elementor-widget elementor-widget-image\" data-id=\"1106dd3\" data-element_type=\"widget\" data-widget_type=\"image.default\">\n\t\t\t\t<div class=\"elementor-widget-container\">\n\t\t\t\t\t\t\t\t\t\t\t\t\t\t\t<img decoding=\"async\" width=\"1920\" height=\"1080\" src=\"https:\/\/www.mokivape.com\/wp-content\/uploads\/M1_b_3.webp\" class=\"attachment-full size-full wp-image-8322\" alt=\"M1 Vaporisateur \u00e0 la menthe jetable\" srcset=\"https:\/\/www.mokivape.com\/wp-content\/uploads\/M1_b_3.webp 1920w, https:\/\/www.mokivape.com\/wp-content\/uploads\/M1_b_3-768x432.webp 768w, https:\/\/www.mokivape.com\/wp-content\/uploads\/M1_b_3-1536x864.webp 1536w, https:\/\/www.mokivape.com\/wp-content\/uploads\/M1_b_3-18x10.webp 18w, https:\/\/www.mokivape.com\/wp-content\/uploads\/M1_b_3-600x338.webp 600w\" sizes=\"(max-width: 1920px) 100vw, 1920px\" \/>\t\t\t\t\t\t\t\t\t\t\t\t\t\t\t<\/div>\n\t\t\t\t<\/div>\n\t\t\t\t<div class=\"elementor-element elementor-element-bde9ffa elementor-widget elementor-widget-image\" data-id=\"bde9ffa\" data-element_type=\"widget\" data-widget_type=\"image.default\">\n\t\t\t\t<div class=\"elementor-widget-container\">\n\t\t\t\t\t\t\t\t\t\t\t\t\t\t\t<img loading=\"lazy\" decoding=\"async\" width=\"1920\" height=\"1080\" src=\"https:\/\/www.mokivape.com\/wp-content\/uploads\/M1_b_4.webp\" class=\"attachment-full size-full wp-image-8323\" alt=\"M1 Vaporisateur \u00e0 la menthe jetable\" srcset=\"https:\/\/www.mokivape.com\/wp-content\/uploads\/M1_b_4.webp 1920w, https:\/\/www.mokivape.com\/wp-content\/uploads\/M1_b_4-768x432.webp 768w, https:\/\/www.mokivape.com\/wp-content\/uploads\/M1_b_4-1536x864.webp 1536w, https:\/\/www.mokivape.com\/wp-content\/uploads\/M1_b_4-18x10.webp 18w, https:\/\/www.mokivape.com\/wp-content\/uploads\/M1_b_4-600x338.webp 600w\" sizes=\"(max-width: 1920px) 100vw, 1920px\" \/>\t\t\t\t\t\t\t\t\t\t\t\t\t\t\t<\/div>\n\t\t\t\t<\/div>\n\t\t\t\t<\/div>\n\t\t\t\t<\/div>","protected":false},"excerpt":{"rendered":"<p>Le MOKI Disposable Vape Pen Mint Vaporizer MK-M1-10 est un stylo \u00e0 vapeur jetable frais et rafra\u00eechissant pour ceux qui recherchent une exp\u00e9rience de fra\u00eecheur \u00e0 la menthe. Cet appareil \u00e9l\u00e9gant, mesurant 108*27mm, est aliment\u00e9 par une batterie de 500mAh et dispose d'une bobine de 1.0ohm pour une vaporisation optimale.<br \/>\nAvec une capacit\u00e9 de 10 ml d'e-liquide, le MK-M1-10 est parfait pour une utilisation tout au long de la journ\u00e9e. Profitez de la commodit\u00e9 de la recharge Type-C. Fabriqu\u00e9 de mani\u00e8re experte \u00e0 partir d'un PC+ABS inject\u00e9 en deux couleurs avec un fond en plastique unicolore, ce stylo \u00e0 vape de haute qualit\u00e9 et \u00e0 vente rapide est compatible avec les OEM et ODM, offrant une option de marque blanche d'un fabricant et d'un fournisseur de confiance - MOKI. Le MOKI Mint Vaporizer MK-M1-10 est plus qu'un stylo, c'est un chef-d'\u0153uvre de fabrication de vaporisateurs.<\/p>","protected":false},"featured_media":8144,"comment_status":"open","ping_status":"closed","template":"","meta":[],"product_brand":[],"product_cat":[16,31],"product_tag":[],"class_list":{"0":"post-1406","1":"product","2":"type-product","3":"status-publish","4":"has-post-thumbnail","6":"product_cat-pod-kits-refillable-open-pods-cartridge-oem","7":"product_cat-disposable-vape-pod-kits-oem-vape-pen-manufacturing","9":"first","10":"instock","11":"shipping-taxable","12":"product-type-simple"},"_links":{"self":[{"href":"https:\/\/www.mokivape.com\/fr\/wp-json\/wp\/v2\/product\/1406","targetHints":{"allow":["GET"]}}],"collection":[{"href":"https:\/\/www.mokivape.com\/fr\/wp-json\/wp\/v2\/product"}],"about":[{"href":"https:\/\/www.mokivape.com\/fr\/wp-json\/wp\/v2\/types\/product"}],"replies":[{"embeddable":true,"href":"https:\/\/www.mokivape.com\/fr\/wp-json\/wp\/v2\/comments?post=1406"}],"version-history":[{"count":0,"href":"https:\/\/www.mokivape.com\/fr\/wp-json\/wp\/v2\/product\/1406\/revisions"}],"wp:featuredmedia":[{"embeddable":true,"href":"https:\/\/www.mokivape.com\/fr\/wp-json\/wp\/v2\/media\/8144"}],"wp:attachment":[{"href":"https:\/\/www.mokivape.com\/fr\/wp-json\/wp\/v2\/media?parent=1406"}],"wp:term":[{"taxonomy":"product_brand","embeddable":true,"href":"https:\/\/www.mokivape.com\/fr\/wp-json\/wp\/v2\/product_brand?post=1406"},{"taxonomy":"product_cat","embeddable":true,"href":"https:\/\/www.mokivape.com\/fr\/wp-json\/wp\/v2\/product_cat?post=1406"},{"taxonomy":"product_tag","embeddable":true,"href":"https:\/\/www.mokivape.com\/fr\/wp-json\/wp\/v2\/product_tag?post=1406"}],"curies":[{"name":"wp","href":"https:\/\/api.w.org\/{rel}","templated":true}]}}