{"id":6793,"date":"2024-08-30T08:12:08","date_gmt":"2024-08-30T08:12:08","guid":{"rendered":"https:\/\/www.mokiecig.com\/?page_id=6793"},"modified":"2025-12-08T02:07:28","modified_gmt":"2025-12-08T02:07:28","slug":"privacy-policy-2","status":"publish","type":"page","link":"https:\/\/www.mokivape.com\/fr\/politique-de-confidentialite-2\/","title":{"rendered":"Politique de confidentialit\u00e9"},"content":{"rendered":"<p>Vous ne pouvez utiliser aucun \"lien profond\", \"page-scrape\", \"robot\", \"spider\" ou autre dispositif automatique, programme, algorithme ou m\u00e9thodologie, ou tout processus manuel similaire ou \u00e9quivalent, pour acc\u00e9der, acqu\u00e9rir, copier ou surveiller toute partie du Site ou tout Contenu, ou de quelque mani\u00e8re que ce soit reproduire ou contourner la structure de navigation ou la pr\u00e9sentation du Site ou de tout Contenu, pour obtenir ou tenter d'obtenir tout mat\u00e9riel, document ou information par des moyens qui n'ont pas \u00e9t\u00e9 d\u00e9lib\u00e9r\u00e9ment mis \u00e0 disposition par le biais du Site. Vous ne devez pas tenter d'obtenir un acc\u00e8s non autoris\u00e9 \u00e0 toute partie ou caract\u00e9ristique du site, ou \u00e0 tout autre syst\u00e8me ou r\u00e9seau connect\u00e9 au site ou \u00e0 tout serveur de MOKI vape, ou \u00e0 tout service offert sur ou par l'interm\u00e9diaire du site, par piratage, \" extraction \" de mot de passe ou tout autre moyen ill\u00e9gitime.<\/p>\n\n\n\n<p>Vous ne pouvez pas sonder, scanner ou tester la vuln\u00e9rabilit\u00e9 du site ou de tout r\u00e9seau connect\u00e9 au site, ni violer les mesures de s\u00e9curit\u00e9 ou d'authentification du site ou de tout r\u00e9seau connect\u00e9 au site. Vous ne pouvez pas effectuer de recherche invers\u00e9e, tracer ou chercher \u00e0 tracer toute information sur tout autre utilisateur ou visiteur du site, ou tout autre client de MOKI vape, y compris tout compte MOKI vape dont vous n'\u00eates pas propri\u00e9taire, jusqu'\u00e0 sa source, ou exploiter le site ou tout service ou information mis \u00e0 disposition ou offert par ou via le site, de quelque mani\u00e8re que ce soit, dans le but de r\u00e9v\u00e9ler toute information, y compris, mais sans s'y limiter, l'identification ou l'information personnelle, autre que vos propres informations, tel que pr\u00e9vu par le site.<\/p>\n\n\n\n<p>Vous acceptez de ne prendre aucune mesure qui impose une charge d\u00e9raisonnable ou disproportionn\u00e9e \u00e0 l'infrastructure du site ou aux syst\u00e8mes ou r\u00e9seaux de MOKI vape, ou \u00e0 tout syst\u00e8me ou r\u00e9seau connect\u00e9 au site ou \u00e0 MOKI vape.<\/p>\n\n\n\n<p>Vous acceptez de ne pas utiliser de dispositif, de logiciel ou de routine pour interf\u00e9rer ou tenter d'interf\u00e9rer avec le bon fonctionnement du site ou avec toute transaction effectu\u00e9e sur le site, ou avec l'utilisation du site par une autre personne.<\/p>\n\n\n\n<p>Vous ne pouvez pas falsifier les en-t\u00eates ou manipuler autrement les identificateurs afin de d\u00e9guiser l'origine de tout message ou transmission que vous envoyez \u00e0 MOKI vape sur ou par le biais du Site ou de tout service offert sur ou par le biais du Site. Vous ne pouvez pas utiliser le site ou tout contenu \u00e0 des fins ill\u00e9gales ou interdites par les pr\u00e9sentes conditions d'utilisation ou pour solliciter l'ex\u00e9cution d'une activit\u00e9 ill\u00e9gale ou d'une autre activit\u00e9 qui enfreint les droits de MOKI vape ou d'autres personnes.<\/p>\n\n\n\n<h3 class=\"wp-block-heading\">QUELLES SONT LES INFORMATIONS QUE NOUS RECUEILLONS ?<\/h3>\n\n\n\n<p>Nous recueillons des informations aupr\u00e8s de vous lorsque vous vous inscrivez sur notre site, passez une commande ou remplissez un formulaire. Lors d'une commande ou d'une inscription sur notre site, selon le cas, il peut vous \u00eatre demand\u00e9 de saisir votre : nom, adresse \u00e9lectronique ou adresse postale. Vous pouvez toutefois visiter notre site de mani\u00e8re anonyme.<\/p>\n\n\n\n<h3 class=\"wp-block-heading\">\u00c0 QUELLES FINS UTILISONS-NOUS VOS INFORMATIONS ?<\/h3>\n\n\n\n<p>Les informations que nous recueillons aupr\u00e8s de vous peuvent \u00eatre utilis\u00e9es de l'une des mani\u00e8res suivantes :<\/p>\n\n\n\n<p>*Pour personnaliser votre exp\u00e9rience<\/p>\n\n\n\n<p>(vos informations nous aident \u00e0 mieux r\u00e9pondre \u00e0 vos besoins individuels)<\/p>\n\n\n\n<p>*Pour am\u00e9liorer notre site web<\/p>\n\n\n\n<p>(nous nous effor\u00e7ons continuellement d'am\u00e9liorer les offres de notre site web sur la base des informations et du retour d'information que nous recevons de votre part)<\/p>\n\n\n\n<p>*Am\u00e9liorer le service \u00e0 la client\u00e8le<\/p>\n\n\n\n<p>(vos informations nous aident \u00e0 r\u00e9pondre plus efficacement \u00e0 vos demandes de service \u00e0 la client\u00e8le et \u00e0 vos besoins d'assistance)<\/p>\n\n\n\n<p>*Traiter les transactions<\/p>\n\n\n\n<p>Vos informations, qu'elles soient publiques ou priv\u00e9es, ne seront pas vendues, \u00e9chang\u00e9es, transf\u00e9r\u00e9es ou donn\u00e9es \u00e0 une autre soci\u00e9t\u00e9 pour quelque raison que ce soit, sans votre consentement, sauf dans le but expr\u00e8s de fournir le produit achet\u00e9 ou le service demand\u00e9.<\/p>\n\n\n\n<p>*Pour envoyer des courriels p\u00e9riodiques<\/p>\n\n\n\n<p>L'adresse \u00e9lectronique que vous fournissez pour le traitement de votre commande peut \u00eatre utilis\u00e9e pour vous envoyer des informations et des mises \u00e0 jour concernant votre commande, ainsi que pour recevoir occasionnellement des nouvelles de l'entreprise, des mises \u00e0 jour, des informations sur des produits ou des services connexes, etc.<\/p>\n\n\n\n<h3 class=\"wp-block-heading\">COMMENT PROT\u00c9GEONS-NOUS VOS INFORMATIONS ?<\/h3>\n\n\n\n<p>Nous mettons en \u0153uvre diverses mesures de s\u00e9curit\u00e9 pour pr\u00e9server la s\u00e9curit\u00e9 de vos informations personnelles lorsque vous passez une commande ou lorsque vous entrez, soumettez ou acc\u00e9dez \u00e0 vos informations personnelles.<\/p>\n\n\n\n<p>Nous proposons l'utilisation d'un serveur s\u00e9curis\u00e9.<\/p>\n\n\n\n<h3 class=\"wp-block-heading\">DIVULGUONS-NOUS DES INFORMATIONS \u00c0 DES TIERS ?<\/h3>\n\n\n\n<p>Nous ne vendons pas, n'\u00e9changeons pas et ne transf\u00e9rons pas de quelque mani\u00e8re que ce soit \u00e0 des tiers vos informations personnelles identifiables. Cela n'inclut pas les tiers de confiance qui nous aident \u00e0 exploiter notre site web, \u00e0 mener nos activit\u00e9s ou \u00e0 vous fournir des services, pour autant que ces parties acceptent de garder ces informations confidentielles. Nous pouvons \u00e9galement divulguer vos informations lorsque nous estimons qu'il est appropri\u00e9 de le faire pour respecter la loi, appliquer les politiques de notre site ou prot\u00e9ger nos droits, notre propri\u00e9t\u00e9 ou notre s\u00e9curit\u00e9, ou ceux d'autres personnes. Toutefois, les informations non personnellement identifiables concernant les visiteurs peuvent \u00eatre fournies \u00e0 d'autres parties \u00e0 des fins de marketing, de publicit\u00e9 ou autres.<\/p>\n\n\n\n<h3 class=\"wp-block-heading\">POLITIQUE DE CONFIDENTIALIT\u00c9 EN LIGNE UNIQUEMENT<\/h3>\n\n\n\n<p>Cette politique de confidentialit\u00e9 en ligne ne s'applique qu'aux informations collect\u00e9es sur notre site web et non aux informations collect\u00e9es hors ligne.<\/p>\n\n\n\n<h3 class=\"wp-block-heading\">VOTRE CONSENTEMENT<\/h3>\n\n\n\n<p>En utilisant notre site, vous acceptez notre politique de confidentialit\u00e9.<\/p>\n\n\n\n<p>Violation des pr\u00e9sentes conditions d'utilisation<\/p>\n\n\n\n<p>MOKI vape peut divulguer toute information que nous poss\u00e9dons \u00e0 votre sujet (y compris votre identit\u00e9) si nous d\u00e9terminons qu'une telle divulgation est n\u00e9cessaire dans le cadre d'une enqu\u00eate ou d'une plainte concernant votre utilisation du site, ou pour identifier, contacter ou intenter une action en justice contre quelqu'un qui pourrait causer un pr\u00e9judice ou une interf\u00e9rence avec (intentionnellement ou non) les droits ou la propri\u00e9t\u00e9 de MOKI vape, ou les droits ou la propri\u00e9t\u00e9 des visiteurs ou des utilisateurs du site, y compris les clients de MOKI vape. MOKI vape se r\u00e9serve le droit de divulguer \u00e0 tout moment toute information que MOKI vape juge n\u00e9cessaire pour se conformer \u00e0 toute loi, r\u00e9glementation, proc\u00e9dure l\u00e9gale ou demande gouvernementale applicable.<\/p>\n\n\n\n<p>MOKI vape peut \u00e9galement divulguer vos informations lorsque MOKI vape d\u00e9termine que la loi applicable exige ou permet une telle divulgation, y compris l'\u00e9change d'informations avec d'autres soci\u00e9t\u00e9s et organisations \u00e0 des fins de protection contre la fraude.<\/p>\n\n\n\n<p>Vous reconnaissez et acceptez que MOKI vape puisse conserver toute transmission ou communication de votre part avec MOKI vape par le biais du site ou de tout service offert sur ou par le biais du site, et puisse \u00e9galement divulguer ces donn\u00e9es si la loi l'exige ou si MOKI vape d\u00e9termine qu'une telle conservation ou divulgation est raisonnablement n\u00e9cessaire pour (1) se conformer \u00e0 une proc\u00e9dure l\u00e9gale, (2) faire respecter ces conditions d'utilisation, (3) r\u00e9pondre \u00e0 des r\u00e9clamations selon lesquelles ces donn\u00e9es violent les droits d'autrui, ou (4) prot\u00e9ger les droits, la propri\u00e9t\u00e9 ou la s\u00e9curit\u00e9 personnelle de MOKI vape, de ses employ\u00e9s, des utilisateurs ou des visiteurs du site, et du public.<\/p>\n\n\n\n<p>Vous acceptez que MOKI vape puisse, \u00e0 sa seule discr\u00e9tion et sans pr\u00e9avis, mettre fin \u00e0 votre acc\u00e8s au site et\/ou bloquer votre acc\u00e8s futur au site si nous d\u00e9terminons que vous avez viol\u00e9 ces conditions d'utilisation ou d'autres accords ou directives qui peuvent \u00eatre associ\u00e9s \u00e0 votre utilisation du site. Vous acceptez \u00e9galement que toute violation de votre part de ces conditions d'utilisation constitue une pratique commerciale ill\u00e9gale et d\u00e9loyale, et cause un pr\u00e9judice irr\u00e9parable \u00e0 MOKI vape, pour lequel des dommages mon\u00e9taires seraient inad\u00e9quats, et vous consentez \u00e0 ce que MOKI vape obtienne toute mesure injonctive ou \u00e9quitable que MOKI vape juge n\u00e9cessaire ou appropri\u00e9e dans de telles circonstances. Ces recours s'ajoutent \u00e0 tous les autres recours dont MOKI vape peut disposer en droit ou en \u00e9quit\u00e9.<\/p>\n\n\n\n<p>Vous acceptez que MOKI vape puisse, \u00e0 sa seule discr\u00e9tion et sans pr\u00e9avis, mettre fin \u00e0 votre acc\u00e8s au site, pour un motif valable, ce qui inclut (sans s'y limiter) (1) les demandes des forces de l'ordre ou d'autres agences gouvernementales, (2) une demande de votre part (suppressions de compte auto-initi\u00e9es), (3) l'interruption ou la modification mat\u00e9rielle du site ou de tout service offert sur ou par l'interm\u00e9diaire du site, ou (4) des questions ou probl\u00e8mes techniques inattendus.<\/p>\n\n\n\n<p>Si MOKI vape entreprend une action en justice contre vous \u00e0 la suite de votre violation de ces conditions d'utilisation, MOKI vape aura le droit de r\u00e9cup\u00e9rer aupr\u00e8s de vous, et vous acceptez de payer, tous les frais d'avocat raisonnables et les co\u00fbts d'une telle action, en plus de toute autre r\u00e9paration accord\u00e9e \u00e0 MOKI vape. Vous acceptez que MOKI vape ne soit pas responsable envers vous ou envers une tierce partie de la r\u00e9siliation de votre acc\u00e8s au site \u00e0 la suite d'une violation de ces conditions d'utilisation.<\/p>\n\n\n\n<h3 class=\"wp-block-heading\">MODIFICATIONS DE LA PR\u00c9SENTE D\u00c9CLARATION DE CONFIDENTIALIT\u00c9<\/h3>\n\n\n\n<p>Si nous d\u00e9cidons de modifier notre politique de confidentialit\u00e9, nous publierons ces modifications dans la pr\u00e9sente d\u00e9claration de confidentialit\u00e9, sur la page d'accueil et \u00e0 d'autres endroits que nous jugerons appropri\u00e9s, afin que vous sachiez quelles informations nous recueillons, comment nous les utilisons et dans quelles circonstances, le cas \u00e9ch\u00e9ant, nous les divulguons.<\/p>\n\n\n\n<p>Nous nous r\u00e9servons le droit de modifier la pr\u00e9sente d\u00e9claration de confidentialit\u00e9 \u00e0 tout moment. Si nous apportons des modifications importantes \u00e0 cette politique, nous vous en informerons ici, par courrier \u00e9lectronique ou au moyen d'un avis sur notre page d'accueil.<\/p>","protected":false},"excerpt":{"rendered":"<p>You may not use any \u201cdeep-link\u201d, \u201cpage-scrape\u201d, \u201crobot\u201d, \u201cspider\u201d or other automatic devices, program, algorithm or methodology, or any similar or equivalent manual process, to access, acquire, copy or monitor any portion of the Site or any Content, or in any way reproduce or circumvent the navigational structure or presentation of the Site or any [&hellip;]<\/p>","protected":false},"author":1,"featured_media":0,"parent":0,"menu_order":0,"comment_status":"closed","ping_status":"closed","template":"","meta":{"footnotes":""},"class_list":["post-6793","page","type-page","status-publish","hentry"],"_links":{"self":[{"href":"https:\/\/www.mokivape.com\/fr\/wp-json\/wp\/v2\/pages\/6793","targetHints":{"allow":["GET"]}}],"collection":[{"href":"https:\/\/www.mokivape.com\/fr\/wp-json\/wp\/v2\/pages"}],"about":[{"href":"https:\/\/www.mokivape.com\/fr\/wp-json\/wp\/v2\/types\/page"}],"author":[{"embeddable":true,"href":"https:\/\/www.mokivape.com\/fr\/wp-json\/wp\/v2\/users\/1"}],"replies":[{"embeddable":true,"href":"https:\/\/www.mokivape.com\/fr\/wp-json\/wp\/v2\/comments?post=6793"}],"version-history":[{"count":0,"href":"https:\/\/www.mokivape.com\/fr\/wp-json\/wp\/v2\/pages\/6793\/revisions"}],"wp:attachment":[{"href":"https:\/\/www.mokivape.com\/fr\/wp-json\/wp\/v2\/media?parent=6793"}],"curies":[{"name":"wp","href":"https:\/\/api.w.org\/{rel}","templated":true}]}}