{"id":6791,"date":"2024-08-30T08:06:50","date_gmt":"2024-08-30T08:06:50","guid":{"rendered":"https:\/\/www.mokiecig.com\/?page_id=6791"},"modified":"2025-12-08T01:43:22","modified_gmt":"2025-12-08T01:43:22","slug":"terms","status":"publish","type":"page","link":"https:\/\/www.mokivape.com\/fr\/termes\/","title":{"rendered":"Conditions"},"content":{"rendered":"<h3 class=\"wp-block-heading\">CONDITIONS D'UTILISATION<\/h3>\n\n\n\n<p>Les pr\u00e9sentes conditions d'utilisation (\"accord\") s'appliquent au site Web de MOKI vape situ\u00e9 \u00e0 mokivape.com et \u00e0 tous les sites associ\u00e9s li\u00e9s \u00e0 mokivape.com par MOKI vape, ses filiales et ses soci\u00e9t\u00e9s affili\u00e9es, y compris les sites de MOKI vape partout dans le monde (collectivement, le \"site\"). Le site de MOKI vape et de ses conc\u00e9dants de licence.<\/p>\n\n\n\n<p>EN UTILISANT LE SITE, VOUS ACCEPTEZ CES CONDITIONS D'UTILISATION ; SI VOUS N'\u00caTES PAS D'ACCORD, N'UTILISEZ PAS LE SITE. MOKI vape se r\u00e9serve le droit, \u00e0 sa seule discr\u00e9tion, de changer, modifier, ajouter ou supprimer des parties de ces conditions d'utilisation, \u00e0 tout moment. Il est de votre responsabilit\u00e9 de v\u00e9rifier p\u00e9riodiquement si des changements ont \u00e9t\u00e9 apport\u00e9s \u00e0 ces conditions d'utilisation. En continuant \u00e0 utiliser le site apr\u00e8s la publication des modifications, vous acceptez les changements. Tant que vous respectez les pr\u00e9sentes conditions d'utilisation, MOKI vape vous accorde un privil\u00e8ge personnel, non exclusif, non transf\u00e9rable et limit\u00e9 d'acc\u00e9der au site et de l'utiliser. Veuillez donc les lire attentivement. En tant qu'utilisateur du site Web, vous \u00eates \u00e9galement r\u00e9gi par notre politique de confidentialit\u00e9, qui est incorpor\u00e9e dans le pr\u00e9sent accord et en fait partie int\u00e9grante.Les \u00e9l\u00e9ments contenus dans ce site Web sont prot\u00e9g\u00e9s par les lois applicables en mati\u00e8re de droits d'auteur et de marques de commerce.<\/p>\n\n\n\n<p>EN ENTRANT SUR CE SITE, VOUS AFFIRMEZ ET GARANTISSEZ QUE VOUS AVEZ VINGT-ET-UN (21) ANS OU PLUS.<\/p>\n\n\n\n<h3 class=\"wp-block-heading\">Contenu<\/h3>\n\n\n\n<p>Tous les textes, graphiques, interfaces utilisateur, interfaces visuelles, photographies, marques de commerce, logos, sons, musique, \u0153uvres d'art et codes informatiques (collectivement, le \" Contenu \"), y compris, mais sans s'y limiter, la conception, la structure, la s\u00e9lection, la coordination, l'expression, l'aspect et la convivialit\u00e9 et l'arrangement de ce Contenu, contenus sur le Site, sont d\u00e9tenus, contr\u00f4l\u00e9s ou autoris\u00e9s par MOKI vape ou \u00e0 MOKI vape, et sont prot\u00e9g\u00e9s par les lois sur l'habillage commercial, les droits d'auteur, les brevets et les marques de commerce, ainsi que par divers autres droits de propri\u00e9t\u00e9 intellectuelle et les lois sur la concurrence d\u00e9loyale.Sauf disposition expresse dans les pr\u00e9sentes conditions d'utilisation, aucune partie du site et aucun contenu ne peut \u00eatre copi\u00e9, reproduit, republi\u00e9, t\u00e9l\u00e9charg\u00e9, affich\u00e9, affich\u00e9 publiquement, encod\u00e9, traduit, transmis ou distribu\u00e9 de quelque fa\u00e7on que ce soit (y compris par \" effet miroir \") vers un autre ordinateur, serveur, site Web ou autre m\u00e9dia \u00e0 des fins de publication ou de distribution ou pour toute entreprise commerciale, sans l'autorisation \u00e9crite pr\u00e9alable de MOKI vape.<\/p>\n\n\n\n<h3 class=\"wp-block-heading\">Couleurs<\/h3>\n\n\n\n<p>Nous nous sommes efforc\u00e9s d'afficher, aussi fid\u00e8lement que possible, les couleurs de nos produits qui apparaissent sur le site. Cependant, comme les couleurs r\u00e9elles que vous voyez d\u00e9pendent de votre moniteur, nous ne pouvons pas garantir que l'affichage d'une couleur par votre moniteur sera exact.<\/p>\n\n\n\n<h3 class=\"wp-block-heading\">Droit d'auteur<\/h3>\n\n\n\n<p>Les droits d'auteur de ce site Web (y compris, mais sans s'y limiter, les textes, les graphiques, les logos, les sons et les vid\u00e9os) sont d\u00e9tenus et autoris\u00e9s par MOKI vape. Tous les \u00e9l\u00e9ments contenus dans ce site sont prot\u00e9g\u00e9s par les lois chinoises et internationales sur les droits d'auteur et ne peuvent \u00eatre copi\u00e9s, reproduits, distribu\u00e9s, transmis, affich\u00e9s, publi\u00e9s, adapt\u00e9s ou trait\u00e9s sous quelque forme que ce soit, par quelque moyen que ce soit ou dans quelque m\u00e9dia que ce soit, sans l'autorisation \u00e9crite pr\u00e9alable de MOKI vape. Vous ne pouvez pas modifier ou supprimer tout droit d'auteur ou autre avis sur les copies du contenu. Vous ne pouvez pas, sans l'autorisation \u00e9crite expresse de MOKI vape, \"refl\u00e9ter\" tout mat\u00e9riel contenu sur ce site ou sur tout autre serveur. Toute autorisation accord\u00e9e par les pr\u00e9sentes se termine automatiquement sans autre avis si vous enfreignez l'une des conditions susmentionn\u00e9es. En cas de r\u00e9siliation, vous acceptez de d\u00e9truire imm\u00e9diatement tout mat\u00e9riel t\u00e9l\u00e9charg\u00e9 et\/ou imprim\u00e9. Toute utilisation non autoris\u00e9e du mat\u00e9riel contenu sur ce site peut constituer une violation des lois nationales et\/ou internationales sur les droits d'auteur, les lois sur la protection de la vie priv\u00e9e et la publicit\u00e9, ainsi que sur les communications, les r\u00e8glements et les lois.<\/p>\n\n\n\n<h3 class=\"wp-block-heading\">R\u00e9visions<\/h3>\n\n\n\n<p>Les documents figurant sur le site Web de MOKI vape peuvent contenir des erreurs techniques, typographiques ou photographiques. MOKI vape ne garantit pas que les documents figurant sur son site Web sont exacts, complets ou \u00e0 jour. MOKI vape peut apporter des modifications au mat\u00e9riel contenu sur son site web \u00e0 tout moment et sans pr\u00e9avis. MOKI vape ne s'engage toutefois pas \u00e0 mettre \u00e0 jour le mat\u00e9riel.<\/p>\n\n\n\n<h3 class=\"wp-block-heading\">Marque d\u00e9pos\u00e9e<\/h3>\n\n\n\n<p>MOKI vape est une marque d\u00e9pos\u00e9e de MOKI vape Co., Ltd. et est l\u00e9galement prot\u00e9g\u00e9e par la loi. Elle ne peut \u00eatre utilis\u00e9e qu'avec l'autorisation \u00e9crite pr\u00e9alable de MOKI vape Co., Ltd. dans chaque cas sp\u00e9cifique. L'utilisation de la marque MOKI vape \u00e0 des fins commerciales sans l'autorisation \u00e9crite pr\u00e9alable de MOKI vape constituera une violation de la marque et une concurrence d\u00e9loyale en violation de la loi.<\/p>\n\n\n\n<h3 class=\"wp-block-heading\">Clause de non-responsabilit\u00e9<\/h3>\n\n\n\n<p>MOKI VAPE NE PROMET PAS QUE LE SITE OU TOUT CONTENU, SERVICE OU FONCTIONNALIT\u00c9 DU SITE SERA SANS ERREUR OU ININTERROMPU, OU QUE TOUT D\u00c9FAUT SERA CORRIG\u00c9, OU QUE VOTRE UTILISATION DU SITE FOURNIRA DES R\u00c9SULTATS SP\u00c9CIFIQUES. LE SITE ET SON CONTENU SONT FOURNIS \"EN L'\u00c9TAT\" ET \"EN FONCTION DE LEUR DISPONIBILIT\u00c9\". ET \"EN FONCTION DE LEUR DISPONIBILIT\u00c9\". TOUTES LES INFORMATIONS FOURNIES SUR LE SITE SONT SUSCEPTIBLES D'\u00caTRE MODIFI\u00c9ES SANS PR\u00c9AVIS. MOKI vape ne peut garantir que les fichiers ou autres donn\u00e9es que vous t\u00e9l\u00e9chargez \u00e0 partir du site seront exempts de virus, de contamination ou d'\u00e9l\u00e9ments destructeurs. MOKI vape D\u00c9CLINE TOUTE GARANTIE, EXPRESSE OU IMPLICITE, Y COMPRIS TOUTE GARANTIE D'EXACTITUDE, D'ABSENCE DE CONTREFA\u00c7ON, DE QUALIT\u00c9 MARCHANDE ET D'ADAPTATION \u00c0 UN USAGE PARTICULIER. MOKI vape D\u00c9CLINE TOUTE RESPONSABILIT\u00c9 POUR LES ACTES, OMISSIONS ET CONDUITES DE TIERCES PARTIES EN RELATION AVEC VOTRE UTILISATION DU SITE ET\/OU DES SERVICES MOKI vape. VOUS ASSUMEZ L'ENTI\u00c8RE RESPONSABILIT\u00c9 DE VOTRE UTILISATION DU SITE ET DE TOUS LES SITES LI\u00c9S. VOTRE SEUL RECOURS CONTRE MOKI vape EN CAS DE DISSATISFACTION AVEC LE SITE OU TOUT CONTENU EST DE CESSER D'UTILISER LE SITE OU TOUT CONTENU. CETTE LIMITATION DE RECOURS FAIT PARTIE DE L'ACCORD ENTRE LES PARTIES.<\/p>\n\n\n\n<p>La clause de non-responsabilit\u00e9 ci-dessus s'applique \u00e0 tous les dommages, responsabilit\u00e9s ou pr\u00e9judices caus\u00e9s par un d\u00e9faut d'ex\u00e9cution, une erreur, une omission, une interruption, une suppression, un d\u00e9faut, un retard dans le fonctionnement ou la transmission, un virus informatique, une d\u00e9faillance de la ligne de communication, un vol ou une destruction, un acc\u00e8s non autoris\u00e9, une alt\u00e9ration ou une utilisation, que ce soit en raison d'une rupture de contrat, d'un d\u00e9lit civil, d'une n\u00e9gligence ou de toute autre cause d'action.<\/p>\n\n\n\n<p>MOKI vape se r\u00e9serve le droit de prendre l'une ou l'autre des mesures suivantes, en tout temps et sans pr\u00e9avis : (1) modifier, suspendre ou mettre fin \u00e0 l'exploitation ou \u00e0 l'acc\u00e8s au site, ou \u00e0 toute partie du site, pour quelque raison que ce soit ; (2) modifier ou changer le site, ou toute partie du site, ainsi que toute politique ou condition applicable ; et (3) interrompre l'exploitation du site, ou de toute partie du site, au besoin pour effectuer des travaux d'entretien courants ou non courants, pour corriger des erreurs ou pour apporter d'autres changements.<\/p>\n\n\n\n<h3 class=\"wp-block-heading\">Divers<\/h3>\n\n\n\n<p>Il est interdit d'utiliser, d'exporter ou de r\u00e9exporter tout contenu ou toute copie ou adaptation de ce contenu, ou tout produit ou service offert sur le site, en violation de toute loi ou r\u00e9glementation applicable, y compris, mais sans s'y limiter, les lois et r\u00e9glementations des \u00c9tats-Unis en mati\u00e8re d'exportation.<\/p>\n\n\n\n<p>Si l'une des dispositions des pr\u00e9sentes conditions d'utilisation est jug\u00e9e nulle ou inapplicable par une cour ou un autre tribunal comp\u00e9tent, ces dispositions seront limit\u00e9es ou \u00e9limin\u00e9es dans la mesure minimale n\u00e9cessaire et remplac\u00e9es par une disposition valide qui incarne le mieux l'intention des pr\u00e9sentes conditions d'utilisation, de sorte que ces conditions d'utilisation resteront pleinement en vigueur et effectives. Ces conditions d'utilisation constituent l'int\u00e9gralit\u00e9 de l'accord entre vous et MOKI vape en ce qui concerne votre utilisation du site, et tous les autres accords ou ententes \u00e9crits ou oraux existant pr\u00e9c\u00e9demment entre vous et MOKI vape en ce qui concerne cette utilisation sont par les pr\u00e9sentes remplac\u00e9s et annul\u00e9s. \u00c0 l'exception de ce qui est pr\u00e9vu dans un contrat d'achat que vous concluez avec MOKI vape, MOKI vape n'acceptera aucune contre-offre \u00e0 ces conditions d'utilisation, et toutes les offres de ce type sont cat\u00e9goriquement rejet\u00e9es par la pr\u00e9sente. Le fait que MOKI vape n'insiste pas sur l'ex\u00e9cution stricte des pr\u00e9sentes conditions d'utilisation ou ne l'applique pas ne doit pas \u00eatre interpr\u00e9t\u00e9 comme une renonciation par MOKI vape \u00e0 toute disposition ou \u00e0 tout droit qu'il a d'appliquer les pr\u00e9sentes conditions d'utilisation, et toute ligne de conduite entre MOKI vape et vous ou toute autre partie ne doit pas \u00eatre consid\u00e9r\u00e9e comme modifiant toute disposition des pr\u00e9sentes conditions d'utilisation. Ces conditions d'utilisation ne doivent pas \u00eatre interpr\u00e9t\u00e9es de mani\u00e8re \u00e0 conf\u00e9rer des droits ou des recours \u00e0 des tiers.<\/p>\n\n\n\n<p>MOKI vape donne acc\u00e8s aux donn\u00e9es internationales de MOKI vape et, par cons\u00e9quent, peut contenir des r\u00e9f\u00e9rences ou des renvois aux produits, programmes et services de MOKI vape qui ne sont pas annonc\u00e9s dans votre pays. Une telle r\u00e9f\u00e9rence n'implique pas que MOKI vape ait l'intention d'annoncer ces produits, programmes ou services dans votre pays.<\/p>\n\n\n\n<h3 class=\"wp-block-heading\">Retour d'information et information<\/h3>\n\n\n\n<p>Toute information que vous fournissez sur ce site sera consid\u00e9r\u00e9e comme non confidentielle. MOKI vape est libre d'utiliser ces informations sans restriction.<\/p>\n\n\n\n<h3 class=\"wp-block-heading\">MOKI vape Communication<\/h3>\n\n\n\n<p>Vous acceptez que MOKI vape puisse vous envoyer des courriers \u00e9lectroniques dans le but de vous informer des changements ou des ajouts apport\u00e9s \u00e0 ce site, \u00e0 propos des produits ou des services de MOKI vape, ou pour toute autre raison que MOKI vape juge appropri\u00e9e.<\/p>\n\n\n\n<h3 class=\"wp-block-heading\">Sites web de tiers<\/h3>\n\n\n\n<p>MOKI mokivape.com peut contenir des liens vers d'autres sites Internet d\u00e9tenus et exploit\u00e9s par des tiers. Nous n'avons aucun contr\u00f4le sur les informations, les services ou les produits disponibles sur ces sites tiers. L'inclusion de liens vers ces sites ne signifie pas que nous approuvons le site web ou que nous sommes associ\u00e9s aux propri\u00e9taires\/exploitants du site web. \u00c9tant donn\u00e9 que nous n'exer\u00e7ons aucun contr\u00f4le sur ces sites web et ces ressources, vous acceptez que nous ne soyons pas responsables de la disponibilit\u00e9 ou du fonctionnement de ces sites web externes. Nous ne sommes pas responsables du mat\u00e9riel situ\u00e9 ou disponible sur ces sites web pour la protection de vos donn\u00e9es par des tiers ; une fois que vous avez quitt\u00e9 notre site, nous ne pouvons pas garantir la protection ou la s\u00e9curit\u00e9 des informations qui se trouvent ailleurs. Si vous participez ou avez des relations d'une mani\u00e8re ou d'une autre, des participations \u00e0 des promotions offertes par des annonceurs sur le site web, et cela inclut le paiement et la livraison de ces biens ou services, et tout autre terme, condition, garantie ou repr\u00e9sentation associ\u00e9s \u00e0 ces relations et\/ou promotions, de telles interactions sont entre vous et l'annonceur\/le tiers concern\u00e9. Vous acceptez que nous ne soyons pas responsables, directement ou indirectement, de toute perte ou de tout dommage caus\u00e9 par l'utilisation ou la confiance accord\u00e9e \u00e0 un tel mat\u00e9riel disponible sur ou par l'interm\u00e9diaire d'un site, d'une transaction ou d'une promotion.<\/p>\n\n\n\n<h3 class=\"wp-block-heading\">Colis perdus ou vol\u00e9s<\/h3>\n\n\n\n<p>MOKI vape n'est pas responsable des colis perdus ou vol\u00e9s. Si vous n'avez pas re\u00e7u un colis marqu\u00e9 comme livr\u00e9, il est de votre responsabilit\u00e9 de r\u00e9soudre ce probl\u00e8me avec le bureau de poste. Les colis perdus ou vol\u00e9s sont tr\u00e8s frustrants et nous ferons de notre mieux pour vous aider \u00e0 r\u00e9soudre le probl\u00e8me. Nous ferons de notre mieux pour vous aider \u00e0 r\u00e9soudre le probl\u00e8me, mais sachez que nous n'avons aucun contr\u00f4le sur ce genre de situation et que vous devez contacter le bureau de poste pour obtenir de l'aide.<\/p>","protected":false},"excerpt":{"rendered":"<p>TERMS &amp; CONDITIONS These Terms and Conditions of Use (\u2018Agreement\u2019) apply to the MOKI vape web located at mokivape.com and all associated sites linked to mokivape.com by MOKI vape, its subsidiaries and affiliates, including MOKI vape sites all around the word(collectively, the \u201csite\u201d). The site of MOKI vape and its licensors. BY USING THE SITE, [&hellip;]<\/p>","protected":false},"author":1,"featured_media":0,"parent":0,"menu_order":0,"comment_status":"closed","ping_status":"closed","template":"","meta":{"footnotes":""},"class_list":["post-6791","page","type-page","status-publish","hentry"],"_links":{"self":[{"href":"https:\/\/www.mokivape.com\/fr\/wp-json\/wp\/v2\/pages\/6791","targetHints":{"allow":["GET"]}}],"collection":[{"href":"https:\/\/www.mokivape.com\/fr\/wp-json\/wp\/v2\/pages"}],"about":[{"href":"https:\/\/www.mokivape.com\/fr\/wp-json\/wp\/v2\/types\/page"}],"author":[{"embeddable":true,"href":"https:\/\/www.mokivape.com\/fr\/wp-json\/wp\/v2\/users\/1"}],"replies":[{"embeddable":true,"href":"https:\/\/www.mokivape.com\/fr\/wp-json\/wp\/v2\/comments?post=6791"}],"version-history":[{"count":0,"href":"https:\/\/www.mokivape.com\/fr\/wp-json\/wp\/v2\/pages\/6791\/revisions"}],"wp:attachment":[{"href":"https:\/\/www.mokivape.com\/fr\/wp-json\/wp\/v2\/media?parent=6791"}],"curies":[{"name":"wp","href":"https:\/\/api.w.org\/{rel}","templated":true}]}}