{"id":8613,"date":"2025-07-11T03:29:52","date_gmt":"2025-07-11T03:29:52","guid":{"rendered":"https:\/\/www.mokiecig.com\/?post_type=product&#038;p=8613"},"modified":"2025-07-11T03:29:53","modified_gmt":"2025-07-11T03:29:53","slug":"m79-mini-portable-vape-with-visible-e-liquid-tank","status":"publish","type":"product","link":"https:\/\/www.mokivape.com\/es\/producto\/m79-mini-vape-portatil-con-tanque-de-e-liquido-visible\/","title":{"rendered":"Mini Vape port\u00e1til M79 con dep\u00f3sito de e-l\u00edquido visible"},"content":{"rendered":"<p><img fetchpriority=\"high\" decoding=\"async\" class=\"alignnone size-full wp-image-8614\" src=\"https:\/\/www.mokiecig.com\/wp-content\/uploads\/resized_MOKI_MK_M79_vape_bar_1.jpg\" alt=\"MOKI VAPE MK-M79: Mini Vape Port\u00e1til con 5000 Puffs y Tanque de E-L\u00edquido Visible | MOKI\" width=\"1920\" height=\"1079\" srcset=\"https:\/\/www.mokivape.com\/wp-content\/uploads\/resized_MOKI_MK_M79_vape_bar_1.jpg 1920w, https:\/\/www.mokivape.com\/wp-content\/uploads\/resized_MOKI_MK_M79_vape_bar_1-768x432.jpg 768w, https:\/\/www.mokivape.com\/wp-content\/uploads\/resized_MOKI_MK_M79_vape_bar_1-1536x863.jpg 1536w, https:\/\/www.mokivape.com\/wp-content\/uploads\/resized_MOKI_MK_M79_vape_bar_1-18x10.jpg 18w, https:\/\/www.mokivape.com\/wp-content\/uploads\/resized_MOKI_MK_M79_vape_bar_1-600x337.jpg 600w\" sizes=\"(max-width: 1920px) 100vw, 1920px\" \/> <img decoding=\"async\" class=\"alignnone size-full wp-image-8615\" src=\"https:\/\/www.mokiecig.com\/wp-content\/uploads\/resized_MOKI_MK_M79_vape_bar_2.jpg\" alt=\"MOKI VAPE MK-M79: Mini Vape Port\u00e1til con 5000 Puffs y Tanque de E-L\u00edquido Visible | MOKI\" width=\"1920\" height=\"1079\" srcset=\"https:\/\/www.mokivape.com\/wp-content\/uploads\/resized_MOKI_MK_M79_vape_bar_2.jpg 1920w, https:\/\/www.mokivape.com\/wp-content\/uploads\/resized_MOKI_MK_M79_vape_bar_2-768x432.jpg 768w, https:\/\/www.mokivape.com\/wp-content\/uploads\/resized_MOKI_MK_M79_vape_bar_2-1536x863.jpg 1536w, https:\/\/www.mokivape.com\/wp-content\/uploads\/resized_MOKI_MK_M79_vape_bar_2-18x10.jpg 18w, https:\/\/www.mokivape.com\/wp-content\/uploads\/resized_MOKI_MK_M79_vape_bar_2-600x337.jpg 600w\" sizes=\"(max-width: 1920px) 100vw, 1920px\" \/> <img decoding=\"async\" class=\"alignnone size-full wp-image-8616\" src=\"https:\/\/www.mokiecig.com\/wp-content\/uploads\/resized_MOKI_MK_M79_vape_bar_3.jpg\" alt=\"MOKI VAPE MK-M79: Mini Vape Port\u00e1til con 5000 Puffs y Tanque de E-L\u00edquido Visible | MOKI\" width=\"1920\" height=\"1079\" srcset=\"https:\/\/www.mokivape.com\/wp-content\/uploads\/resized_MOKI_MK_M79_vape_bar_3.jpg 1920w, https:\/\/www.mokivape.com\/wp-content\/uploads\/resized_MOKI_MK_M79_vape_bar_3-768x432.jpg 768w, https:\/\/www.mokivape.com\/wp-content\/uploads\/resized_MOKI_MK_M79_vape_bar_3-1536x863.jpg 1536w, https:\/\/www.mokivape.com\/wp-content\/uploads\/resized_MOKI_MK_M79_vape_bar_3-18x10.jpg 18w, https:\/\/www.mokivape.com\/wp-content\/uploads\/resized_MOKI_MK_M79_vape_bar_3-600x337.jpg 600w\" sizes=\"(max-width: 1920px) 100vw, 1920px\" \/> <img loading=\"lazy\" decoding=\"async\" class=\"alignnone size-full wp-image-8617\" src=\"https:\/\/www.mokiecig.com\/wp-content\/uploads\/resized_MOKI_MK_M79_vape_bar_4.jpg\" alt=\"MOKI VAPE MK-M79: Mini Vape Port\u00e1til con 5000 Puffs y Tanque de E-L\u00edquido Visible | MOKI\" width=\"1920\" height=\"1079\" srcset=\"https:\/\/www.mokivape.com\/wp-content\/uploads\/resized_MOKI_MK_M79_vape_bar_4.jpg 1920w, https:\/\/www.mokivape.com\/wp-content\/uploads\/resized_MOKI_MK_M79_vape_bar_4-768x432.jpg 768w, https:\/\/www.mokivape.com\/wp-content\/uploads\/resized_MOKI_MK_M79_vape_bar_4-1536x863.jpg 1536w, https:\/\/www.mokivape.com\/wp-content\/uploads\/resized_MOKI_MK_M79_vape_bar_4-18x10.jpg 18w, https:\/\/www.mokivape.com\/wp-content\/uploads\/resized_MOKI_MK_M79_vape_bar_4-600x337.jpg 600w\" sizes=\"(max-width: 1920px) 100vw, 1920px\" \/> <img loading=\"lazy\" decoding=\"async\" class=\"alignnone size-full wp-image-8618\" src=\"https:\/\/www.mokiecig.com\/wp-content\/uploads\/resized_MOKI_MK_M79_vape_bar_5.jpg\" alt=\"MOKI VAPE MK-M79: Mini Vape Port\u00e1til con 5000 Puffs y Tanque de E-L\u00edquido Visible | MOKI\" width=\"1920\" height=\"1079\" srcset=\"https:\/\/www.mokivape.com\/wp-content\/uploads\/resized_MOKI_MK_M79_vape_bar_5.jpg 1920w, https:\/\/www.mokivape.com\/wp-content\/uploads\/resized_MOKI_MK_M79_vape_bar_5-768x432.jpg 768w, https:\/\/www.mokivape.com\/wp-content\/uploads\/resized_MOKI_MK_M79_vape_bar_5-1536x863.jpg 1536w, https:\/\/www.mokivape.com\/wp-content\/uploads\/resized_MOKI_MK_M79_vape_bar_5-18x10.jpg 18w, https:\/\/www.mokivape.com\/wp-content\/uploads\/resized_MOKI_MK_M79_vape_bar_5-600x337.jpg 600w\" sizes=\"(max-width: 1920px) 100vw, 1920px\" \/><\/p>","protected":false},"excerpt":{"rendered":"<p>El mini vapeador port\u00e1til MOKI MK-M79 ofrece 5000 caladas con un tanque de e-l\u00edquido visible de 6 ml y una bobina de cer\u00e1mica MiiMU de 0,8 \u03a9. Cuenta con salida de potencia de 2,9 W, bater\u00eda de 550 mAh, carga Type-C y 7 opciones de colores vibrantes. Compacto, sabroso y listo para viajar.<\/p>","protected":false},"featured_media":8628,"comment_status":"closed","ping_status":"closed","template":"","meta":[],"product_brand":[],"product_cat":[31],"product_tag":[503,504,502],"class_list":{"0":"post-8613","1":"product","2":"type-product","3":"status-publish","4":"has-post-thumbnail","6":"product_cat-disposable-vape-pod-kits-oem-vape-pen-manufacturing","7":"product_tag-miimu-inside","8":"product_tag-mini-portable","9":"product_tag-visible-e-liquid-tank","11":"first","12":"instock","13":"shipping-taxable","14":"product-type-simple"},"_links":{"self":[{"href":"https:\/\/www.mokivape.com\/es\/wp-json\/wp\/v2\/product\/8613","targetHints":{"allow":["GET"]}}],"collection":[{"href":"https:\/\/www.mokivape.com\/es\/wp-json\/wp\/v2\/product"}],"about":[{"href":"https:\/\/www.mokivape.com\/es\/wp-json\/wp\/v2\/types\/product"}],"replies":[{"embeddable":true,"href":"https:\/\/www.mokivape.com\/es\/wp-json\/wp\/v2\/comments?post=8613"}],"version-history":[{"count":0,"href":"https:\/\/www.mokivape.com\/es\/wp-json\/wp\/v2\/product\/8613\/revisions"}],"wp:featuredmedia":[{"embeddable":true,"href":"https:\/\/www.mokivape.com\/es\/wp-json\/wp\/v2\/media\/8628"}],"wp:attachment":[{"href":"https:\/\/www.mokivape.com\/es\/wp-json\/wp\/v2\/media?parent=8613"}],"wp:term":[{"taxonomy":"product_brand","embeddable":true,"href":"https:\/\/www.mokivape.com\/es\/wp-json\/wp\/v2\/product_brand?post=8613"},{"taxonomy":"product_cat","embeddable":true,"href":"https:\/\/www.mokivape.com\/es\/wp-json\/wp\/v2\/product_cat?post=8613"},{"taxonomy":"product_tag","embeddable":true,"href":"https:\/\/www.mokivape.com\/es\/wp-json\/wp\/v2\/product_tag?post=8613"}],"curies":[{"name":"wp","href":"https:\/\/api.w.org\/{rel}","templated":true}]}}