{"id":1420,"date":"2024-04-17T09:16:15","date_gmt":"2024-04-17T09:16:15","guid":{"rendered":"https:\/\/www.mokiecig.com\/?post_type=product&#038;p=1420"},"modified":"2025-01-03T06:14:46","modified_gmt":"2025-01-03T06:14:46","slug":"mk-m49-lady-pod-vape-kits","status":"publish","type":"product","link":"https:\/\/www.mokivape.com\/es\/producto\/mk-m49-lady-pod-vape-kits\/","title":{"rendered":"MK-M49 Lady Pod Vape Kits"},"content":{"rendered":"<div data-elementor-type=\"product-post\" data-elementor-id=\"1420\" class=\"elementor elementor-1420\" data-elementor-post-type=\"product\">\n\t\t\t\t<div class=\"elementor-element elementor-element-5e26bc0 e-con-full e-flex e-con e-parent\" data-id=\"5e26bc0\" data-element_type=\"container\">\n\t\t\t\t<div class=\"elementor-element elementor-element-d9cefa0 elementor-widget elementor-widget-heading\" data-id=\"d9cefa0\" data-element_type=\"widget\" data-widget_type=\"heading.default\">\n\t\t\t\t<div class=\"elementor-widget-container\">\n\t\t\t\t\t<h2 class=\"elementor-heading-title elementor-size-default\">MK-M49 Lady Pod Vape Kits<\/h2>\t\t\t\t<\/div>\n\t\t\t\t<\/div>\n\t\t\t\t<div class=\"elementor-element elementor-element-a6cd9d2 elementor-widget elementor-widget-html\" data-id=\"a6cd9d2\" data-element_type=\"widget\" data-widget_type=\"html.default\">\n\t\t\t\t<div class=\"elementor-widget-container\">\n\t\t\t\t\t<table><tbody>\r\n  <tr style=\"text-align:center;\">\r\n    <td colspan=\"2\">ESPECIFICACIONES DEL POD<\/td>\r\n    <td colspan=\"2\">ESPECIFICACIONES MOD<\/td>\r\n  <\/tr>\r\n  <tr>\r\n    <td>Talla<\/td>\r\n    <td>51,3*22mm<\/td>\r\n    <td>Talla<\/td>\r\n    <td>87,53 25 mm<\/td>\r\n  <\/tr>\r\n  <tr>\r\n    <td>E-liquidCapacidad<\/td>\r\n    <td>4 ml<\/td>\r\n    <td>Capacidad de la bater\u00eda<\/td>\r\n    <td>600 mAh<\/td>\r\n  <\/tr>\r\n  <tr>\r\n    <td>Cable calefactor<\/td>\r\n    <td>Bobina cer\u00e1mica<\/td>\r\n    <td>Recargable<\/td>\r\n    <td>Tipo-C<\/td>\r\n  <\/tr>\r\n  <tr>\r\n    <td>Resistencia<\/td>\r\n    <td>1,1ohmios<\/td>\r\n    <td>Material<\/td>\r\n    <td>PC y PCTG<\/td>\r\n  <\/tr>\r\n  <tr>\r\n    <td>Material<\/td>\r\n    <td>PC y PCTG<\/td>\r\n    <td><\/td>\r\n    <td><\/td>\r\n  <\/tr>\r\n<\/tbody>\r\n<\/table>\t\t\t\t<\/div>\n\t\t\t\t<\/div>\n\t\t\t\t<div class=\"elementor-element elementor-element-5aa69f6 elementor-widget elementor-widget-image\" data-id=\"5aa69f6\" data-element_type=\"widget\" data-widget_type=\"image.default\">\n\t\t\t\t<div class=\"elementor-widget-container\">\n\t\t\t\t\t\t\t\t\t\t\t\t\t\t\t<img fetchpriority=\"high\" decoding=\"async\" width=\"1920\" height=\"1080\" src=\"https:\/\/www.mokivape.com\/wp-content\/uploads\/M49_b_1.webp\" class=\"attachment-full size-full wp-image-8204\" alt=\"Mini Vape Pen M49\" srcset=\"https:\/\/www.mokivape.com\/wp-content\/uploads\/M49_b_1.webp 1920w, https:\/\/www.mokivape.com\/wp-content\/uploads\/M49_b_1-768x432.webp 768w, https:\/\/www.mokivape.com\/wp-content\/uploads\/M49_b_1-1536x864.webp 1536w, https:\/\/www.mokivape.com\/wp-content\/uploads\/M49_b_1-18x10.webp 18w, https:\/\/www.mokivape.com\/wp-content\/uploads\/M49_b_1-600x338.webp 600w\" sizes=\"(max-width: 1920px) 100vw, 1920px\" \/>\t\t\t\t\t\t\t\t\t\t\t\t\t\t\t<\/div>\n\t\t\t\t<\/div>\n\t\t\t\t<div class=\"elementor-element elementor-element-af06009 elementor-widget elementor-widget-image\" data-id=\"af06009\" data-element_type=\"widget\" data-widget_type=\"image.default\">\n\t\t\t\t<div class=\"elementor-widget-container\">\n\t\t\t\t\t\t\t\t\t\t\t\t\t\t\t<img decoding=\"async\" width=\"1920\" height=\"1080\" src=\"https:\/\/www.mokivape.com\/wp-content\/uploads\/M49_b_2.webp\" class=\"attachment-full size-full wp-image-8205\" alt=\"Mini Vape Pen M49\" srcset=\"https:\/\/www.mokivape.com\/wp-content\/uploads\/M49_b_2.webp 1920w, https:\/\/www.mokivape.com\/wp-content\/uploads\/M49_b_2-768x432.webp 768w, https:\/\/www.mokivape.com\/wp-content\/uploads\/M49_b_2-1536x864.webp 1536w, https:\/\/www.mokivape.com\/wp-content\/uploads\/M49_b_2-18x10.webp 18w, https:\/\/www.mokivape.com\/wp-content\/uploads\/M49_b_2-600x338.webp 600w\" sizes=\"(max-width: 1920px) 100vw, 1920px\" \/>\t\t\t\t\t\t\t\t\t\t\t\t\t\t\t<\/div>\n\t\t\t\t<\/div>\n\t\t\t\t<div class=\"elementor-element elementor-element-9d0fc56 elementor-widget elementor-widget-image\" data-id=\"9d0fc56\" data-element_type=\"widget\" data-widget_type=\"image.default\">\n\t\t\t\t<div class=\"elementor-widget-container\">\n\t\t\t\t\t\t\t\t\t\t\t\t\t\t\t<img decoding=\"async\" width=\"1920\" height=\"1080\" src=\"https:\/\/www.mokivape.com\/wp-content\/uploads\/M49_b_3.webp\" class=\"attachment-full size-full wp-image-8206\" alt=\"colores del cartucho del Mini Vape Pen M49\" srcset=\"https:\/\/www.mokivape.com\/wp-content\/uploads\/M49_b_3.webp 1920w, https:\/\/www.mokivape.com\/wp-content\/uploads\/M49_b_3-768x432.webp 768w, https:\/\/www.mokivape.com\/wp-content\/uploads\/M49_b_3-1536x864.webp 1536w, https:\/\/www.mokivape.com\/wp-content\/uploads\/M49_b_3-18x10.webp 18w, https:\/\/www.mokivape.com\/wp-content\/uploads\/M49_b_3-600x338.webp 600w\" sizes=\"(max-width: 1920px) 100vw, 1920px\" \/>\t\t\t\t\t\t\t\t\t\t\t\t\t\t\t<\/div>\n\t\t\t\t<\/div>\n\t\t\t\t<div class=\"elementor-element elementor-element-a19d20f elementor-widget elementor-widget-image\" data-id=\"a19d20f\" data-element_type=\"widget\" data-widget_type=\"image.default\">\n\t\t\t\t<div class=\"elementor-widget-container\">\n\t\t\t\t\t\t\t\t\t\t\t\t\t\t\t<img loading=\"lazy\" decoding=\"async\" width=\"1920\" height=\"1080\" src=\"https:\/\/www.mokivape.com\/wp-content\/uploads\/M49_b_4.webp\" class=\"attachment-full size-full wp-image-8207\" alt=\"Mini Vape Pen M49\" srcset=\"https:\/\/www.mokivape.com\/wp-content\/uploads\/M49_b_4.webp 1920w, https:\/\/www.mokivape.com\/wp-content\/uploads\/M49_b_4-768x432.webp 768w, https:\/\/www.mokivape.com\/wp-content\/uploads\/M49_b_4-1536x864.webp 1536w, https:\/\/www.mokivape.com\/wp-content\/uploads\/M49_b_4-18x10.webp 18w, https:\/\/www.mokivape.com\/wp-content\/uploads\/M49_b_4-600x338.webp 600w\" sizes=\"(max-width: 1920px) 100vw, 1920px\" \/>\t\t\t\t\t\t\t\t\t\t\t\t\t\t\t<\/div>\n\t\t\t\t<\/div>\n\t\t\t\t<div class=\"elementor-element elementor-element-16a4fb3 elementor-widget elementor-widget-image\" data-id=\"16a4fb3\" data-element_type=\"widget\" data-widget_type=\"image.default\">\n\t\t\t\t<div class=\"elementor-widget-container\">\n\t\t\t\t\t\t\t\t\t\t\t\t\t\t\t<img loading=\"lazy\" decoding=\"async\" width=\"1920\" height=\"1080\" src=\"https:\/\/www.mokivape.com\/wp-content\/uploads\/M49_b_5.webp\" class=\"attachment-full size-full wp-image-8208\" alt=\"Puerto de carga del mini vaporizador M49\" srcset=\"https:\/\/www.mokivape.com\/wp-content\/uploads\/M49_b_5.webp 1920w, https:\/\/www.mokivape.com\/wp-content\/uploads\/M49_b_5-768x432.webp 768w, https:\/\/www.mokivape.com\/wp-content\/uploads\/M49_b_5-1536x864.webp 1536w, https:\/\/www.mokivape.com\/wp-content\/uploads\/M49_b_5-18x10.webp 18w, https:\/\/www.mokivape.com\/wp-content\/uploads\/M49_b_5-600x338.webp 600w\" sizes=\"(max-width: 1920px) 100vw, 1920px\" \/>\t\t\t\t\t\t\t\t\t\t\t\t\t\t\t<\/div>\n\t\t\t\t<\/div>\n\t\t\t\t<div class=\"elementor-element elementor-element-c0aae90 elementor-widget elementor-widget-image\" data-id=\"c0aae90\" data-element_type=\"widget\" data-widget_type=\"image.default\">\n\t\t\t\t<div class=\"elementor-widget-container\">\n\t\t\t\t\t\t\t\t\t\t\t\t\t\t\t<img loading=\"lazy\" decoding=\"async\" width=\"1920\" height=\"1080\" src=\"https:\/\/www.mokivape.com\/wp-content\/uploads\/M49_b_6.webp\" class=\"attachment-full size-full wp-image-8209\" alt=\"Lista de paquetes del mini bol\u00edgrafo Vape M49\" srcset=\"https:\/\/www.mokivape.com\/wp-content\/uploads\/M49_b_6.webp 1920w, https:\/\/www.mokivape.com\/wp-content\/uploads\/M49_b_6-768x432.webp 768w, https:\/\/www.mokivape.com\/wp-content\/uploads\/M49_b_6-1536x864.webp 1536w, https:\/\/www.mokivape.com\/wp-content\/uploads\/M49_b_6-18x10.webp 18w, https:\/\/www.mokivape.com\/wp-content\/uploads\/M49_b_6-600x338.webp 600w\" sizes=\"(max-width: 1920px) 100vw, 1920px\" \/>\t\t\t\t\t\t\t\t\t\t\t\t\t\t\t<\/div>\n\t\t\t\t<\/div>\n\t\t\t\t<\/div>\n\t\t\t\t<\/div>","protected":false},"excerpt":{"rendered":"<p>MOKI Lady Pod Vape Kits MK-M49 es un sistema de vapeo cerrado elegante y con estilo dise\u00f1ado para el vaper moderno. Este vaporizador de bolsillo tiene una capacidad de 4mL de e-l\u00edquido con una bobina de cer\u00e1mica de 1.1ohm para una satisfactoria experiencia de vapeo con sales de nicotina. La vaina mide 51.3*22mm, fabricada con materiales duraderos de PC y PCTG.<br \/>\nEmparejado con un mod de bater\u00eda de 600mAh, MK-M49 ofrece una amplia potencia para su uso durante todo el d\u00eda, recargable a trav\u00e9s de Type-C para su conveniencia. Las dimensiones del mod son 87.53*25mm, tambi\u00e9n hecho de PC y PCTG. MK-M49 apoyo OEM y ODM, esta alta calidad, venta caliente vape kits MK-M49 es una obra maestra hecha a la orden de un fabricante de renombre y proveedor MOKI. Este MOKI Lady Pod Vape Kit es la esencia de la elegancia y la funcionalidad en vaping.<\/p>","protected":false},"featured_media":8159,"comment_status":"open","ping_status":"closed","template":"","meta":[],"product_brand":[],"product_cat":[16],"product_tag":[],"class_list":{"0":"post-1420","1":"product","2":"type-product","3":"status-publish","4":"has-post-thumbnail","6":"product_cat-pod-kits-refillable-open-pods-cartridge-oem","8":"first","9":"instock","10":"shipping-taxable","11":"product-type-simple"},"_links":{"self":[{"href":"https:\/\/www.mokivape.com\/es\/wp-json\/wp\/v2\/product\/1420","targetHints":{"allow":["GET"]}}],"collection":[{"href":"https:\/\/www.mokivape.com\/es\/wp-json\/wp\/v2\/product"}],"about":[{"href":"https:\/\/www.mokivape.com\/es\/wp-json\/wp\/v2\/types\/product"}],"replies":[{"embeddable":true,"href":"https:\/\/www.mokivape.com\/es\/wp-json\/wp\/v2\/comments?post=1420"}],"version-history":[{"count":0,"href":"https:\/\/www.mokivape.com\/es\/wp-json\/wp\/v2\/product\/1420\/revisions"}],"wp:featuredmedia":[{"embeddable":true,"href":"https:\/\/www.mokivape.com\/es\/wp-json\/wp\/v2\/media\/8159"}],"wp:attachment":[{"href":"https:\/\/www.mokivape.com\/es\/wp-json\/wp\/v2\/media?parent=1420"}],"wp:term":[{"taxonomy":"product_brand","embeddable":true,"href":"https:\/\/www.mokivape.com\/es\/wp-json\/wp\/v2\/product_brand?post=1420"},{"taxonomy":"product_cat","embeddable":true,"href":"https:\/\/www.mokivape.com\/es\/wp-json\/wp\/v2\/product_cat?post=1420"},{"taxonomy":"product_tag","embeddable":true,"href":"https:\/\/www.mokivape.com\/es\/wp-json\/wp\/v2\/product_tag?post=1420"}],"curies":[{"name":"wp","href":"https:\/\/api.w.org\/{rel}","templated":true}]}}