{"id":1414,"date":"2024-04-17T09:13:41","date_gmt":"2024-04-17T09:13:41","guid":{"rendered":"https:\/\/www.mokiecig.com\/?post_type=product&#038;p=1414"},"modified":"2025-01-03T06:28:32","modified_gmt":"2025-01-03T06:28:32","slug":"m36-large-capacity-pods-open-pod-vape","status":"publish","type":"product","link":"https:\/\/www.mokivape.com\/es\/producto\/m36-pods-de-gran-capacidad-open-pod-vape\/","title":{"rendered":"MK-M36 Pods de gran capacidad Open Pod Vape"},"content":{"rendered":"<div data-elementor-type=\"product-post\" data-elementor-id=\"1414\" class=\"elementor elementor-1414\" data-elementor-post-type=\"product\">\n\t\t\t\t<div class=\"elementor-element elementor-element-cdf09e1 e-con-full e-flex e-con e-parent\" data-id=\"cdf09e1\" data-element_type=\"container\">\n\t\t\t\t<div class=\"elementor-element elementor-element-a626627 elementor-widget elementor-widget-heading\" data-id=\"a626627\" data-element_type=\"widget\" data-widget_type=\"heading.default\">\n\t\t\t\t<div class=\"elementor-widget-container\">\n\t\t\t\t\t<h2 class=\"elementor-heading-title elementor-size-default\">MK-M36 Pods de gran capacidad Open Pod Vape<\/h2>\t\t\t\t<\/div>\n\t\t\t\t<\/div>\n\t\t\t\t<div class=\"elementor-element elementor-element-ed0721a elementor-widget elementor-widget-html\" data-id=\"ed0721a\" data-element_type=\"widget\" data-widget_type=\"html.default\">\n\t\t\t\t<div class=\"elementor-widget-container\">\n\t\t\t\t\t<table><tbody><tr><td>Talla<\/td><td>46*20,3*60,7 mm<\/td><td>Resistencia<\/td><td>0,8 ohmios<\/td><\/tr><tr><td>Capacidad de la bater\u00eda<\/td><td>500 mAh<\/td><td>Capacidad de e-l\u00edquido<\/td><td>2 ml<\/td><\/tr><tr><td>Cable calefactor<\/td><td>Bobina de malla<\/td><td>Recargable<\/td><td>Tipo-C<\/td><\/tr><tr><td>Material<\/td><td colspan=\"3\">Pl\u00e1stico de un solo color<\/td><\/tr><\/tbody><\/table>\t\t\t\t<\/div>\n\t\t\t\t<\/div>\n\t\t\t\t<div class=\"elementor-element elementor-element-c941d63 elementor-widget elementor-widget-image\" data-id=\"c941d63\" data-element_type=\"widget\" data-widget_type=\"image.default\">\n\t\t\t\t<div class=\"elementor-widget-container\">\n\t\t\t\t\t\t\t\t\t\t\t\t\t\t\t<img fetchpriority=\"high\" decoding=\"async\" width=\"1920\" height=\"1080\" src=\"https:\/\/www.mokivape.com\/wp-content\/uploads\/M36_b_1.webp\" class=\"attachment-full size-full wp-image-8252\" alt=\"Sistema de c\u00e1psula abierta M36\" srcset=\"https:\/\/www.mokivape.com\/wp-content\/uploads\/M36_b_1.webp 1920w, https:\/\/www.mokivape.com\/wp-content\/uploads\/M36_b_1-768x432.webp 768w, https:\/\/www.mokivape.com\/wp-content\/uploads\/M36_b_1-1536x864.webp 1536w, https:\/\/www.mokivape.com\/wp-content\/uploads\/M36_b_1-18x10.webp 18w, https:\/\/www.mokivape.com\/wp-content\/uploads\/M36_b_1-600x338.webp 600w\" sizes=\"(max-width: 1920px) 100vw, 1920px\" \/>\t\t\t\t\t\t\t\t\t\t\t\t\t\t\t<\/div>\n\t\t\t\t<\/div>\n\t\t\t\t<div class=\"elementor-element elementor-element-35b40e3 elementor-widget elementor-widget-image\" data-id=\"35b40e3\" data-element_type=\"widget\" data-widget_type=\"image.default\">\n\t\t\t\t<div class=\"elementor-widget-container\">\n\t\t\t\t\t\t\t\t\t\t\t\t\t\t\t<img decoding=\"async\" width=\"1920\" height=\"1080\" src=\"https:\/\/www.mokivape.com\/wp-content\/uploads\/M36_b_2.webp\" class=\"attachment-full size-full wp-image-8253\" alt=\"Sistema de c\u00e1psula abierta M36\" srcset=\"https:\/\/www.mokivape.com\/wp-content\/uploads\/M36_b_2.webp 1920w, https:\/\/www.mokivape.com\/wp-content\/uploads\/M36_b_2-768x432.webp 768w, https:\/\/www.mokivape.com\/wp-content\/uploads\/M36_b_2-1536x864.webp 1536w, https:\/\/www.mokivape.com\/wp-content\/uploads\/M36_b_2-18x10.webp 18w, https:\/\/www.mokivape.com\/wp-content\/uploads\/M36_b_2-600x338.webp 600w\" sizes=\"(max-width: 1920px) 100vw, 1920px\" \/>\t\t\t\t\t\t\t\t\t\t\t\t\t\t\t<\/div>\n\t\t\t\t<\/div>\n\t\t\t\t<div class=\"elementor-element elementor-element-27059cb elementor-widget elementor-widget-image\" data-id=\"27059cb\" data-element_type=\"widget\" data-widget_type=\"image.default\">\n\t\t\t\t<div class=\"elementor-widget-container\">\n\t\t\t\t\t\t\t\t\t\t\t\t\t\t\t<img decoding=\"async\" width=\"1920\" height=\"1080\" src=\"https:\/\/www.mokivape.com\/wp-content\/uploads\/M36_b_3.webp\" class=\"attachment-full size-full wp-image-8254\" alt=\"Sistema de c\u00e1psula abierta M36\" srcset=\"https:\/\/www.mokivape.com\/wp-content\/uploads\/M36_b_3.webp 1920w, https:\/\/www.mokivape.com\/wp-content\/uploads\/M36_b_3-768x432.webp 768w, https:\/\/www.mokivape.com\/wp-content\/uploads\/M36_b_3-1536x864.webp 1536w, https:\/\/www.mokivape.com\/wp-content\/uploads\/M36_b_3-18x10.webp 18w, https:\/\/www.mokivape.com\/wp-content\/uploads\/M36_b_3-600x338.webp 600w\" sizes=\"(max-width: 1920px) 100vw, 1920px\" \/>\t\t\t\t\t\t\t\t\t\t\t\t\t\t\t<\/div>\n\t\t\t\t<\/div>\n\t\t\t\t<div class=\"elementor-element elementor-element-64c1ebd elementor-widget elementor-widget-image\" data-id=\"64c1ebd\" data-element_type=\"widget\" data-widget_type=\"image.default\">\n\t\t\t\t<div class=\"elementor-widget-container\">\n\t\t\t\t\t\t\t\t\t\t\t\t\t\t\t<img loading=\"lazy\" decoding=\"async\" width=\"1920\" height=\"1080\" src=\"https:\/\/www.mokivape.com\/wp-content\/uploads\/M36_b_4.webp\" class=\"attachment-full size-full wp-image-8255\" alt=\"Sistema de c\u00e1psula abierta M36\" srcset=\"https:\/\/www.mokivape.com\/wp-content\/uploads\/M36_b_4.webp 1920w, https:\/\/www.mokivape.com\/wp-content\/uploads\/M36_b_4-768x432.webp 768w, https:\/\/www.mokivape.com\/wp-content\/uploads\/M36_b_4-1536x864.webp 1536w, https:\/\/www.mokivape.com\/wp-content\/uploads\/M36_b_4-18x10.webp 18w, https:\/\/www.mokivape.com\/wp-content\/uploads\/M36_b_4-600x338.webp 600w\" sizes=\"(max-width: 1920px) 100vw, 1920px\" \/>\t\t\t\t\t\t\t\t\t\t\t\t\t\t\t<\/div>\n\t\t\t\t<\/div>\n\t\t\t\t<div class=\"elementor-element elementor-element-34791bf elementor-widget elementor-widget-image\" data-id=\"34791bf\" data-element_type=\"widget\" data-widget_type=\"image.default\">\n\t\t\t\t<div class=\"elementor-widget-container\">\n\t\t\t\t\t\t\t\t\t\t\t\t\t\t\t<img loading=\"lazy\" decoding=\"async\" width=\"1920\" height=\"1080\" src=\"https:\/\/www.mokivape.com\/wp-content\/uploads\/M36_b_5.webp\" class=\"attachment-full size-full wp-image-8256\" alt=\"Sistema de c\u00e1psula abierta M36\" srcset=\"https:\/\/www.mokivape.com\/wp-content\/uploads\/M36_b_5.webp 1920w, https:\/\/www.mokivape.com\/wp-content\/uploads\/M36_b_5-768x432.webp 768w, https:\/\/www.mokivape.com\/wp-content\/uploads\/M36_b_5-1536x864.webp 1536w, https:\/\/www.mokivape.com\/wp-content\/uploads\/M36_b_5-18x10.webp 18w, https:\/\/www.mokivape.com\/wp-content\/uploads\/M36_b_5-600x338.webp 600w\" sizes=\"(max-width: 1920px) 100vw, 1920px\" \/>\t\t\t\t\t\t\t\t\t\t\t\t\t\t\t<\/div>\n\t\t\t\t<\/div>\n\t\t\t\t<\/div>\n\t\t\t\t<\/div>","protected":false},"excerpt":{"rendered":"<p>MOKI Pods de gran capacidad Open Pod Vape MK-M36 es un sistema de vapeo cerrado de gran capacidad dise\u00f1ado para sesiones de vapeo prolongadas. Esta gran vape pod puff cuenta con una capacidad de e-l\u00edquido de 2mL con una bobina de malla de 0,8ohm para un sabor intenso y producci\u00f3n de vapor. El tama\u00f1o compacto de 46*20.3*60.7mm aloja una bater\u00eda de 500mAh, asegurando una experiencia de vapeo satisfactoria. Recarga con facilidad utilizando el puerto Tipo-C. Hecho de pl\u00e1stico de un solo color, este vape pod de alta calidad y venta caliente es perfecto para OEM y ODM, ofreciendo una opci\u00f3n hecha a medida de un fabricante y proveedor confiable MOKI. El MOKI Pod MK-M36 es el ep\u00edtome del vapeo de gran capacidad, que combina comodidad y rendimiento en un paquete elegante.<\/p>","protected":false},"featured_media":8152,"comment_status":"open","ping_status":"closed","template":"","meta":[],"product_brand":[],"product_cat":[16,30],"product_tag":[],"class_list":{"0":"post-1414","1":"product","2":"type-product","3":"status-publish","4":"has-post-thumbnail","6":"product_cat-pod-kits-refillable-open-pods-cartridge-oem","7":"product_cat-refillable-pod-kits-manufacturing-vape-bar-oem","9":"first","10":"instock","11":"shipping-taxable","12":"product-type-simple"},"_links":{"self":[{"href":"https:\/\/www.mokivape.com\/es\/wp-json\/wp\/v2\/product\/1414","targetHints":{"allow":["GET"]}}],"collection":[{"href":"https:\/\/www.mokivape.com\/es\/wp-json\/wp\/v2\/product"}],"about":[{"href":"https:\/\/www.mokivape.com\/es\/wp-json\/wp\/v2\/types\/product"}],"replies":[{"embeddable":true,"href":"https:\/\/www.mokivape.com\/es\/wp-json\/wp\/v2\/comments?post=1414"}],"version-history":[{"count":0,"href":"https:\/\/www.mokivape.com\/es\/wp-json\/wp\/v2\/product\/1414\/revisions"}],"wp:featuredmedia":[{"embeddable":true,"href":"https:\/\/www.mokivape.com\/es\/wp-json\/wp\/v2\/media\/8152"}],"wp:attachment":[{"href":"https:\/\/www.mokivape.com\/es\/wp-json\/wp\/v2\/media?parent=1414"}],"wp:term":[{"taxonomy":"product_brand","embeddable":true,"href":"https:\/\/www.mokivape.com\/es\/wp-json\/wp\/v2\/product_brand?post=1414"},{"taxonomy":"product_cat","embeddable":true,"href":"https:\/\/www.mokivape.com\/es\/wp-json\/wp\/v2\/product_cat?post=1414"},{"taxonomy":"product_tag","embeddable":true,"href":"https:\/\/www.mokivape.com\/es\/wp-json\/wp\/v2\/product_tag?post=1414"}],"curies":[{"name":"wp","href":"https:\/\/api.w.org\/{rel}","templated":true}]}}