{"id":1413,"date":"2024-04-17T09:13:12","date_gmt":"2024-04-17T09:13:12","guid":{"rendered":"https:\/\/www.mokiecig.com\/?post_type=product&#038;p=1413"},"modified":"2025-01-03T06:30:52","modified_gmt":"2025-01-03T06:30:52","slug":"m33-coffee-cup-prefilled-vape-pod","status":"publish","type":"product","link":"https:\/\/www.mokivape.com\/es\/producto\/m33-coffee-cup-capsula-precargada\/","title":{"rendered":"MK-M33 Vainilla precargada taza de caf\u00e9"},"content":{"rendered":"<div data-elementor-type=\"product-post\" data-elementor-id=\"1413\" class=\"elementor elementor-1413\" data-elementor-post-type=\"product\">\n\t\t\t\t<div class=\"elementor-element elementor-element-60f3b16 e-con-full e-flex e-con e-parent\" data-id=\"60f3b16\" data-element_type=\"container\">\n\t\t\t\t<div class=\"elementor-element elementor-element-dce710f elementor-widget elementor-widget-heading\" data-id=\"dce710f\" data-element_type=\"widget\" data-widget_type=\"heading.default\">\n\t\t\t\t<div class=\"elementor-widget-container\">\n\t\t\t\t\t<h2 class=\"elementor-heading-title elementor-size-default\">MK-M33 Vainilla precargada taza de caf\u00e9<\/h2>\t\t\t\t<\/div>\n\t\t\t\t<\/div>\n\t\t\t\t<div class=\"elementor-element elementor-element-3a2ba06 elementor-widget elementor-widget-html\" data-id=\"3a2ba06\" data-element_type=\"widget\" data-widget_type=\"html.default\">\n\t\t\t\t<div class=\"elementor-widget-container\">\n\t\t\t\t\t<table><tbody><tr><td>Resistencia<\/td><td>1,1ohmios<\/td><td>Talla<\/td><td>87,97*48*35,26 mm<\/td><\/tr><tr><td>Capacidad de e-l\u00edquido<\/td><td>8 ml<\/td><td>Capacidad de la bater\u00eda<\/td><td>500 mAh<\/td><\/tr><tr><td>Recargable<\/td><td>Tipo-C<\/td><td>Cable calefactor<\/td><td>Bobina de malla<\/td><\/tr><tr><td>Material<\/td><td colspan=\"3\">un solo color plastico+silicona Drip Tip<\/td><\/tr><\/tbody><\/table>\t\t\t\t<\/div>\n\t\t\t\t<\/div>\n\t\t\t\t<div class=\"elementor-element elementor-element-1ab7059 elementor-widget elementor-widget-image\" data-id=\"1ab7059\" data-element_type=\"widget\" data-widget_type=\"image.default\">\n\t\t\t\t<div class=\"elementor-widget-container\">\n\t\t\t\t\t\t\t\t\t\t\t\t\t\t\t<img fetchpriority=\"high\" decoding=\"async\" width=\"1920\" height=\"1080\" src=\"https:\/\/www.mokivape.com\/wp-content\/uploads\/M33_b_1.webp\" class=\"attachment-full size-full wp-image-8260\" alt=\"Vapeador en forma de copa M33\" srcset=\"https:\/\/www.mokivape.com\/wp-content\/uploads\/M33_b_1.webp 1920w, https:\/\/www.mokivape.com\/wp-content\/uploads\/M33_b_1-768x432.webp 768w, https:\/\/www.mokivape.com\/wp-content\/uploads\/M33_b_1-1536x864.webp 1536w, https:\/\/www.mokivape.com\/wp-content\/uploads\/M33_b_1-18x10.webp 18w, https:\/\/www.mokivape.com\/wp-content\/uploads\/M33_b_1-600x338.webp 600w\" sizes=\"(max-width: 1920px) 100vw, 1920px\" \/>\t\t\t\t\t\t\t\t\t\t\t\t\t\t\t<\/div>\n\t\t\t\t<\/div>\n\t\t\t\t<div class=\"elementor-element elementor-element-6daae96 elementor-widget elementor-widget-image\" data-id=\"6daae96\" data-element_type=\"widget\" data-widget_type=\"image.default\">\n\t\t\t\t<div class=\"elementor-widget-container\">\n\t\t\t\t\t\t\t\t\t\t\t\t\t\t\t<img decoding=\"async\" width=\"1920\" height=\"1080\" src=\"https:\/\/www.mokivape.com\/wp-content\/uploads\/M33_b_2.webp\" class=\"attachment-full size-full wp-image-8261\" alt=\"Vapeador en forma de copa M33\" srcset=\"https:\/\/www.mokivape.com\/wp-content\/uploads\/M33_b_2.webp 1920w, https:\/\/www.mokivape.com\/wp-content\/uploads\/M33_b_2-768x432.webp 768w, https:\/\/www.mokivape.com\/wp-content\/uploads\/M33_b_2-1536x864.webp 1536w, https:\/\/www.mokivape.com\/wp-content\/uploads\/M33_b_2-18x10.webp 18w, https:\/\/www.mokivape.com\/wp-content\/uploads\/M33_b_2-600x338.webp 600w\" sizes=\"(max-width: 1920px) 100vw, 1920px\" \/>\t\t\t\t\t\t\t\t\t\t\t\t\t\t\t<\/div>\n\t\t\t\t<\/div>\n\t\t\t\t<div class=\"elementor-element elementor-element-1ca15a9 elementor-widget elementor-widget-image\" data-id=\"1ca15a9\" data-element_type=\"widget\" data-widget_type=\"image.default\">\n\t\t\t\t<div class=\"elementor-widget-container\">\n\t\t\t\t\t\t\t\t\t\t\t\t\t\t\t<img decoding=\"async\" width=\"1920\" height=\"1080\" src=\"https:\/\/www.mokivape.com\/wp-content\/uploads\/M33_b_3.webp\" class=\"attachment-full size-full wp-image-8262\" alt=\"Vapeador en forma de copa M33\" srcset=\"https:\/\/www.mokivape.com\/wp-content\/uploads\/M33_b_3.webp 1920w, https:\/\/www.mokivape.com\/wp-content\/uploads\/M33_b_3-768x432.webp 768w, https:\/\/www.mokivape.com\/wp-content\/uploads\/M33_b_3-1536x864.webp 1536w, https:\/\/www.mokivape.com\/wp-content\/uploads\/M33_b_3-18x10.webp 18w, https:\/\/www.mokivape.com\/wp-content\/uploads\/M33_b_3-600x338.webp 600w\" sizes=\"(max-width: 1920px) 100vw, 1920px\" \/>\t\t\t\t\t\t\t\t\t\t\t\t\t\t\t<\/div>\n\t\t\t\t<\/div>\n\t\t\t\t<div class=\"elementor-element elementor-element-6befdda elementor-widget elementor-widget-image\" data-id=\"6befdda\" data-element_type=\"widget\" data-widget_type=\"image.default\">\n\t\t\t\t<div class=\"elementor-widget-container\">\n\t\t\t\t\t\t\t\t\t\t\t\t\t\t\t<img loading=\"lazy\" decoding=\"async\" width=\"1920\" height=\"1080\" src=\"https:\/\/www.mokivape.com\/wp-content\/uploads\/M33_b_4.webp\" class=\"attachment-full size-full wp-image-8263\" alt=\"Vapeador en forma de copa M33\" srcset=\"https:\/\/www.mokivape.com\/wp-content\/uploads\/M33_b_4.webp 1920w, https:\/\/www.mokivape.com\/wp-content\/uploads\/M33_b_4-768x432.webp 768w, https:\/\/www.mokivape.com\/wp-content\/uploads\/M33_b_4-1536x864.webp 1536w, https:\/\/www.mokivape.com\/wp-content\/uploads\/M33_b_4-18x10.webp 18w, https:\/\/www.mokivape.com\/wp-content\/uploads\/M33_b_4-600x338.webp 600w\" sizes=\"(max-width: 1920px) 100vw, 1920px\" \/>\t\t\t\t\t\t\t\t\t\t\t\t\t\t\t<\/div>\n\t\t\t\t<\/div>\n\t\t\t\t<div class=\"elementor-element elementor-element-7246cc8 elementor-widget elementor-widget-image\" data-id=\"7246cc8\" data-element_type=\"widget\" data-widget_type=\"image.default\">\n\t\t\t\t<div class=\"elementor-widget-container\">\n\t\t\t\t\t\t\t\t\t\t\t\t\t\t\t<img loading=\"lazy\" decoding=\"async\" width=\"1920\" height=\"1080\" src=\"https:\/\/www.mokivape.com\/wp-content\/uploads\/M33_b_5.webp\" class=\"attachment-full size-full wp-image-8264\" alt=\"Vapeador en forma de copa M33\" srcset=\"https:\/\/www.mokivape.com\/wp-content\/uploads\/M33_b_5.webp 1920w, https:\/\/www.mokivape.com\/wp-content\/uploads\/M33_b_5-768x432.webp 768w, https:\/\/www.mokivape.com\/wp-content\/uploads\/M33_b_5-1536x864.webp 1536w, https:\/\/www.mokivape.com\/wp-content\/uploads\/M33_b_5-18x10.webp 18w, https:\/\/www.mokivape.com\/wp-content\/uploads\/M33_b_5-600x338.webp 600w\" sizes=\"(max-width: 1920px) 100vw, 1920px\" \/>\t\t\t\t\t\t\t\t\t\t\t\t\t\t\t<\/div>\n\t\t\t\t<\/div>\n\t\t\t\t<div class=\"elementor-element elementor-element-5bcb192 elementor-widget elementor-widget-image\" data-id=\"5bcb192\" data-element_type=\"widget\" data-widget_type=\"image.default\">\n\t\t\t\t<div class=\"elementor-widget-container\">\n\t\t\t\t\t\t\t\t\t\t\t\t\t\t\t<img loading=\"lazy\" decoding=\"async\" width=\"1920\" height=\"1080\" src=\"https:\/\/www.mokivape.com\/wp-content\/uploads\/M33_b_06.webp\" class=\"attachment-full size-full wp-image-8265\" alt=\"Vapeador en forma de copa M33\" srcset=\"https:\/\/www.mokivape.com\/wp-content\/uploads\/M33_b_06.webp 1920w, https:\/\/www.mokivape.com\/wp-content\/uploads\/M33_b_06-768x432.webp 768w, https:\/\/www.mokivape.com\/wp-content\/uploads\/M33_b_06-1536x864.webp 1536w, https:\/\/www.mokivape.com\/wp-content\/uploads\/M33_b_06-18x10.webp 18w, https:\/\/www.mokivape.com\/wp-content\/uploads\/M33_b_06-600x338.webp 600w\" sizes=\"(max-width: 1920px) 100vw, 1920px\" \/>\t\t\t\t\t\t\t\t\t\t\t\t\t\t\t<\/div>\n\t\t\t\t<\/div>\n\t\t\t\t<div class=\"elementor-element elementor-element-37447f1 elementor-widget elementor-widget-image\" data-id=\"37447f1\" data-element_type=\"widget\" data-widget_type=\"image.default\">\n\t\t\t\t<div class=\"elementor-widget-container\">\n\t\t\t\t\t\t\t\t\t\t\t\t\t\t\t<img loading=\"lazy\" decoding=\"async\" width=\"1920\" height=\"1080\" src=\"https:\/\/www.mokivape.com\/wp-content\/uploads\/M33_b_07.webp\" class=\"attachment-full size-full wp-image-8266\" alt=\"Vapeador en forma de copa M33\" srcset=\"https:\/\/www.mokivape.com\/wp-content\/uploads\/M33_b_07.webp 1920w, https:\/\/www.mokivape.com\/wp-content\/uploads\/M33_b_07-768x432.webp 768w, https:\/\/www.mokivape.com\/wp-content\/uploads\/M33_b_07-1536x864.webp 1536w, https:\/\/www.mokivape.com\/wp-content\/uploads\/M33_b_07-18x10.webp 18w, https:\/\/www.mokivape.com\/wp-content\/uploads\/M33_b_07-600x338.webp 600w\" sizes=\"(max-width: 1920px) 100vw, 1920px\" \/>\t\t\t\t\t\t\t\t\t\t\t\t\t\t\t<\/div>\n\t\t\t\t<\/div>\n\t\t\t\t<\/div>\n\t\t\t\t<\/div>","protected":false},"excerpt":{"rendered":"<p>MOKI Coffee Cup Prefilled Vape Pod MK-M33 es un sistema de vapeo cerrado \u00fanico dise\u00f1ado para una est\u00e9tica de taza de caf\u00e9. Este dispositivo de 87.97*48*35.26mm ofrece una bater\u00eda de 500mAh y una bobina de malla de 1.1ohm para un vapor y sabor consistentes. Con una capacidad de e-l\u00edquido precargado de 8mL, el MK-M33 est\u00e1 listo para usar nada m\u00e1s sacarlo de la caja. Recarga con el puerto Tipo-C para mayor comodidad. Hecho de pl\u00e1stico de un solo color con una punta de goteo de silicona, esta barra de vapeo de alta calidad y venta caliente admite OEM y ODM, proporcionando una opci\u00f3n hecha a medida de un fabricante y proveedor de confianza: MOKI. La experiencia de la menta fresca vape y dispositivos puff bar con la caja MONI Coffee Cup Vape, un bol\u00edgrafo e desechable que es a la vez elegante y funcional.<\/p>","protected":false},"featured_media":8151,"comment_status":"open","ping_status":"closed","template":"","meta":[],"product_brand":[],"product_cat":[16],"product_tag":[],"class_list":{"0":"post-1413","1":"product","2":"type-product","3":"status-publish","4":"has-post-thumbnail","6":"product_cat-pod-kits-refillable-open-pods-cartridge-oem","8":"first","9":"instock","10":"shipping-taxable","11":"product-type-simple"},"_links":{"self":[{"href":"https:\/\/www.mokivape.com\/es\/wp-json\/wp\/v2\/product\/1413","targetHints":{"allow":["GET"]}}],"collection":[{"href":"https:\/\/www.mokivape.com\/es\/wp-json\/wp\/v2\/product"}],"about":[{"href":"https:\/\/www.mokivape.com\/es\/wp-json\/wp\/v2\/types\/product"}],"replies":[{"embeddable":true,"href":"https:\/\/www.mokivape.com\/es\/wp-json\/wp\/v2\/comments?post=1413"}],"version-history":[{"count":0,"href":"https:\/\/www.mokivape.com\/es\/wp-json\/wp\/v2\/product\/1413\/revisions"}],"wp:featuredmedia":[{"embeddable":true,"href":"https:\/\/www.mokivape.com\/es\/wp-json\/wp\/v2\/media\/8151"}],"wp:attachment":[{"href":"https:\/\/www.mokivape.com\/es\/wp-json\/wp\/v2\/media?parent=1413"}],"wp:term":[{"taxonomy":"product_brand","embeddable":true,"href":"https:\/\/www.mokivape.com\/es\/wp-json\/wp\/v2\/product_brand?post=1413"},{"taxonomy":"product_cat","embeddable":true,"href":"https:\/\/www.mokivape.com\/es\/wp-json\/wp\/v2\/product_cat?post=1413"},{"taxonomy":"product_tag","embeddable":true,"href":"https:\/\/www.mokivape.com\/es\/wp-json\/wp\/v2\/product_tag?post=1413"}],"curies":[{"name":"wp","href":"https:\/\/api.w.org\/{rel}","templated":true}]}}