{"id":1407,"date":"2024-04-17T09:10:13","date_gmt":"2024-04-17T09:10:13","guid":{"rendered":"https:\/\/www.mokiecig.com\/?post_type=product&#038;p=1407"},"modified":"2025-06-30T10:27:12","modified_gmt":"2025-06-30T10:27:12","slug":"mk-m2-tpd-compliant-vape","status":"publish","type":"product","link":"https:\/\/www.mokivape.com\/es\/producto\/mk-m2-tpd-compliant-vape\/","title":{"rendered":"Vapeador MK-M2 TPD Compliant"},"content":{"rendered":"<div data-elementor-type=\"product-post\" data-elementor-id=\"1407\" class=\"elementor elementor-1407\" data-elementor-post-type=\"product\">\n\t\t\t\t<div class=\"elementor-element elementor-element-116a862 e-con-full e-flex e-con e-parent\" data-id=\"116a862\" data-element_type=\"container\">\n\t\t\t\t<div class=\"elementor-element elementor-element-88b48fe elementor-widget elementor-widget-heading\" data-id=\"88b48fe\" data-element_type=\"widget\" data-widget_type=\"heading.default\">\n\t\t\t\t<div class=\"elementor-widget-container\">\n\t\t\t\t\t<h2 class=\"elementor-heading-title elementor-size-default\">Vapeador MK-M2 TPD Compliant<\/h2>\t\t\t\t<\/div>\n\t\t\t\t<\/div>\n\t\t\t\t<div class=\"elementor-element elementor-element-a6ca25a elementor-widget elementor-widget-html\" data-id=\"a6ca25a\" data-element_type=\"widget\" data-widget_type=\"html.default\">\n\t\t\t\t<div class=\"elementor-widget-container\">\n\t\t\t\t\t<table><tbody><tr><td>Resistencia<\/td><td>1.0ohm<\/td><td>Talla<\/td><td>64*42*20mm<\/td><\/tr><tr><td>Capacidad de e-l\u00edquido<\/td><td>2 ml<\/td><td>Capacidad de la bater\u00eda<\/td><td>400 mAh<\/td><\/tr><tr><td>Recargable<\/td><td>Tipo-C<\/td><td>Cable calefactor<\/td><td>Bobina de malla<\/td><\/tr><tr><td>Material<\/td><td colspan=\"3\">Inyecci\u00f3n bicolor PC+ABS<\/td><\/tr><\/tbody><\/table>\t\t\t\t<\/div>\n\t\t\t\t<\/div>\n\t\t\t\t<div class=\"elementor-element elementor-element-2e0ed70 elementor-widget elementor-widget-image\" data-id=\"2e0ed70\" data-element_type=\"widget\" data-widget_type=\"image.default\">\n\t\t\t\t<div class=\"elementor-widget-container\">\n\t\t\t\t\t\t\t\t\t\t\t\t\t\t\t<img fetchpriority=\"high\" decoding=\"async\" width=\"1920\" height=\"1080\" src=\"https:\/\/www.mokivape.com\/wp-content\/uploads\/M2_b_1.webp\" class=\"attachment-full size-full wp-image-8313\" alt=\"M2 Un Solo Uso TPD UK Vape\" srcset=\"https:\/\/www.mokivape.com\/wp-content\/uploads\/M2_b_1.webp 1920w, https:\/\/www.mokivape.com\/wp-content\/uploads\/M2_b_1-768x432.webp 768w, https:\/\/www.mokivape.com\/wp-content\/uploads\/M2_b_1-1536x864.webp 1536w, https:\/\/www.mokivape.com\/wp-content\/uploads\/M2_b_1-18x10.webp 18w, https:\/\/www.mokivape.com\/wp-content\/uploads\/M2_b_1-600x338.webp 600w\" sizes=\"(max-width: 1920px) 100vw, 1920px\" \/>\t\t\t\t\t\t\t\t\t\t\t\t\t\t\t<\/div>\n\t\t\t\t<\/div>\n\t\t\t\t<div class=\"elementor-element elementor-element-138982e elementor-widget elementor-widget-image\" data-id=\"138982e\" data-element_type=\"widget\" data-widget_type=\"image.default\">\n\t\t\t\t<div class=\"elementor-widget-container\">\n\t\t\t\t\t\t\t\t\t\t\t\t\t\t\t<img decoding=\"async\" width=\"1920\" height=\"1080\" src=\"https:\/\/www.mokivape.com\/wp-content\/uploads\/M2_b_2.webp\" class=\"attachment-full size-full wp-image-8314\" alt=\"M2 Un Solo Uso TPD UK Vape\" srcset=\"https:\/\/www.mokivape.com\/wp-content\/uploads\/M2_b_2.webp 1920w, https:\/\/www.mokivape.com\/wp-content\/uploads\/M2_b_2-768x432.webp 768w, https:\/\/www.mokivape.com\/wp-content\/uploads\/M2_b_2-1536x864.webp 1536w, https:\/\/www.mokivape.com\/wp-content\/uploads\/M2_b_2-18x10.webp 18w, https:\/\/www.mokivape.com\/wp-content\/uploads\/M2_b_2-600x338.webp 600w\" sizes=\"(max-width: 1920px) 100vw, 1920px\" \/>\t\t\t\t\t\t\t\t\t\t\t\t\t\t\t<\/div>\n\t\t\t\t<\/div>\n\t\t\t\t<div class=\"elementor-element elementor-element-b869597 elementor-widget elementor-widget-image\" data-id=\"b869597\" data-element_type=\"widget\" data-widget_type=\"image.default\">\n\t\t\t\t<div class=\"elementor-widget-container\">\n\t\t\t\t\t\t\t\t\t\t\t\t\t\t\t<img decoding=\"async\" width=\"1920\" height=\"1080\" src=\"https:\/\/www.mokivape.com\/wp-content\/uploads\/M2_b_3.webp\" class=\"attachment-full size-full wp-image-8315\" alt=\"M2 Un Solo Uso TPD UK Vape\" srcset=\"https:\/\/www.mokivape.com\/wp-content\/uploads\/M2_b_3.webp 1920w, https:\/\/www.mokivape.com\/wp-content\/uploads\/M2_b_3-768x432.webp 768w, https:\/\/www.mokivape.com\/wp-content\/uploads\/M2_b_3-1536x864.webp 1536w, https:\/\/www.mokivape.com\/wp-content\/uploads\/M2_b_3-18x10.webp 18w, https:\/\/www.mokivape.com\/wp-content\/uploads\/M2_b_3-600x338.webp 600w\" sizes=\"(max-width: 1920px) 100vw, 1920px\" \/>\t\t\t\t\t\t\t\t\t\t\t\t\t\t\t<\/div>\n\t\t\t\t<\/div>\n\t\t\t\t<div class=\"elementor-element elementor-element-7c24e2e elementor-widget elementor-widget-image\" data-id=\"7c24e2e\" data-element_type=\"widget\" data-widget_type=\"image.default\">\n\t\t\t\t<div class=\"elementor-widget-container\">\n\t\t\t\t\t\t\t\t\t\t\t\t\t\t\t<img loading=\"lazy\" decoding=\"async\" width=\"1920\" height=\"1080\" src=\"https:\/\/www.mokivape.com\/wp-content\/uploads\/M2_b_4.webp\" class=\"attachment-full size-full wp-image-8316\" alt=\"M2 Un Solo Uso TPD UK Vape\" srcset=\"https:\/\/www.mokivape.com\/wp-content\/uploads\/M2_b_4.webp 1920w, https:\/\/www.mokivape.com\/wp-content\/uploads\/M2_b_4-768x432.webp 768w, https:\/\/www.mokivape.com\/wp-content\/uploads\/M2_b_4-1536x864.webp 1536w, https:\/\/www.mokivape.com\/wp-content\/uploads\/M2_b_4-18x10.webp 18w, https:\/\/www.mokivape.com\/wp-content\/uploads\/M2_b_4-600x338.webp 600w\" sizes=\"(max-width: 1920px) 100vw, 1920px\" \/>\t\t\t\t\t\t\t\t\t\t\t\t\t\t\t<\/div>\n\t\t\t\t<\/div>\n\t\t\t\t<\/div>\n\t\t\t\t<\/div>","protected":false},"excerpt":{"rendered":"<p>El vaporizador MOKI MK-M2 cumple con la normativa TPD y es un dispositivo de alta calidad dise\u00f1ado para cumplir con la normativa TPD. Este vaporizador compacto de 64*42*20mm cuenta con una bater\u00eda de 400mAh y una bobina de malla de 1.0ohm para un rendimiento consistente. Con una capacidad de e-l\u00edquido de 2mL, es perfecto para satisfacer tus ansias de nicotina.<br \/>\nRecarga con el puerto Type-C para mayor comodidad. Fabricado con material PC+ABS inyectado en dos colores, este dispositivo no solo es duradero, sino tambi\u00e9n elegante. Ideal para la marca blanca, el MOKI TPD Vaporizador MK-M2 es una venta caliente, producto hecho a la orden de un fabricante de renombre y proveedor MOKI. MK-M2 soporta OEM y ODM, es una soluci\u00f3n hecha en f\u00e1brica para la fabricaci\u00f3n de bares vape, asegurando el cumplimiento y la calidad.<\/p>","protected":false},"featured_media":8145,"comment_status":"open","ping_status":"closed","template":"","meta":[],"product_brand":[],"product_cat":[16],"product_tag":[],"class_list":{"0":"post-1407","1":"product","2":"type-product","3":"status-publish","4":"has-post-thumbnail","6":"product_cat-pod-kits-refillable-open-pods-cartridge-oem","8":"first","9":"instock","10":"shipping-taxable","11":"product-type-simple"},"_links":{"self":[{"href":"https:\/\/www.mokivape.com\/es\/wp-json\/wp\/v2\/product\/1407","targetHints":{"allow":["GET"]}}],"collection":[{"href":"https:\/\/www.mokivape.com\/es\/wp-json\/wp\/v2\/product"}],"about":[{"href":"https:\/\/www.mokivape.com\/es\/wp-json\/wp\/v2\/types\/product"}],"replies":[{"embeddable":true,"href":"https:\/\/www.mokivape.com\/es\/wp-json\/wp\/v2\/comments?post=1407"}],"version-history":[{"count":0,"href":"https:\/\/www.mokivape.com\/es\/wp-json\/wp\/v2\/product\/1407\/revisions"}],"wp:featuredmedia":[{"embeddable":true,"href":"https:\/\/www.mokivape.com\/es\/wp-json\/wp\/v2\/media\/8145"}],"wp:attachment":[{"href":"https:\/\/www.mokivape.com\/es\/wp-json\/wp\/v2\/media?parent=1407"}],"wp:term":[{"taxonomy":"product_brand","embeddable":true,"href":"https:\/\/www.mokivape.com\/es\/wp-json\/wp\/v2\/product_brand?post=1407"},{"taxonomy":"product_cat","embeddable":true,"href":"https:\/\/www.mokivape.com\/es\/wp-json\/wp\/v2\/product_cat?post=1407"},{"taxonomy":"product_tag","embeddable":true,"href":"https:\/\/www.mokivape.com\/es\/wp-json\/wp\/v2\/product_tag?post=1407"}],"curies":[{"name":"wp","href":"https:\/\/api.w.org\/{rel}","templated":true}]}}