{"id":1405,"date":"2024-04-17T09:08:25","date_gmt":"2024-04-17T09:08:25","guid":{"rendered":"https:\/\/www.mokiecig.com\/?post_type=product&#038;p=1405"},"modified":"2025-01-03T06:53:57","modified_gmt":"2025-01-03T06:53:57","slug":"fm-20-ceramic-coil-tpd-vape-pen","status":"publish","type":"product","link":"https:\/\/www.mokivape.com\/es\/producto\/fm-20-bobina-de-ceramica-tpd-vape-pen\/","title":{"rendered":"Vapeador TPD con bobina de cer\u00e1mica MK-FM-20"},"content":{"rendered":"<div data-elementor-type=\"product-post\" data-elementor-id=\"1405\" class=\"elementor elementor-1405\" data-elementor-post-type=\"product\">\n\t\t\t\t<div class=\"elementor-element elementor-element-da4f1ec e-con-full e-flex e-con e-parent\" data-id=\"da4f1ec\" data-element_type=\"container\">\n\t\t\t\t<div class=\"elementor-element elementor-element-9b876d3 elementor-widget elementor-widget-heading\" data-id=\"9b876d3\" data-element_type=\"widget\" data-widget_type=\"heading.default\">\n\t\t\t\t<div class=\"elementor-widget-container\">\n\t\t\t\t\t<h2 class=\"elementor-heading-title elementor-size-default\">Vapeador TPD con bobina de cer\u00e1mica MK-FM-20<\/h2>\t\t\t\t<\/div>\n\t\t\t\t<\/div>\n\t\t\t\t<div class=\"elementor-element elementor-element-b13f5cb elementor-widget elementor-widget-html\" data-id=\"b13f5cb\" data-element_type=\"widget\" data-widget_type=\"html.default\">\n\t\t\t\t<div class=\"elementor-widget-container\">\n\t\t\t\t\t<table><tbody><tr><td>Talla<\/td><td>13*20*110,5 mm<\/td><td>Resistencia<\/td><td>1\u03a9<\/td><\/tr><tr><td>Capacidad de la bater\u00eda<\/td><td>400 mAh<\/td><td>Material<\/td><td>PC<\/td><\/tr><tr><td>Puffs<\/td><td>300 bocanadas<\/td><td>Peso<\/td><td>21.1g<\/td><\/tr><\/tbody><\/table>\t\t\t\t<\/div>\n\t\t\t\t<\/div>\n\t\t\t\t<div class=\"elementor-element elementor-element-b1953de elementor-widget elementor-widget-image\" data-id=\"b1953de\" data-element_type=\"widget\" data-widget_type=\"image.default\">\n\t\t\t\t<div class=\"elementor-widget-container\">\n\t\t\t\t\t\t\t\t\t\t\t\t\t\t\t<img fetchpriority=\"high\" decoding=\"async\" width=\"1920\" height=\"1080\" src=\"https:\/\/www.mokivape.com\/wp-content\/uploads\/FM20_b_1.webp\" class=\"attachment-full size-full wp-image-8327\" alt=\"Vapeador TPD con bobina de cer\u00e1mica FM-20\" srcset=\"https:\/\/www.mokivape.com\/wp-content\/uploads\/FM20_b_1.webp 1920w, https:\/\/www.mokivape.com\/wp-content\/uploads\/FM20_b_1-768x432.webp 768w, https:\/\/www.mokivape.com\/wp-content\/uploads\/FM20_b_1-1536x864.webp 1536w, https:\/\/www.mokivape.com\/wp-content\/uploads\/FM20_b_1-18x10.webp 18w, https:\/\/www.mokivape.com\/wp-content\/uploads\/FM20_b_1-600x338.webp 600w\" sizes=\"(max-width: 1920px) 100vw, 1920px\" \/>\t\t\t\t\t\t\t\t\t\t\t\t\t\t\t<\/div>\n\t\t\t\t<\/div>\n\t\t\t\t<div class=\"elementor-element elementor-element-cc390db elementor-widget elementor-widget-image\" data-id=\"cc390db\" data-element_type=\"widget\" data-widget_type=\"image.default\">\n\t\t\t\t<div class=\"elementor-widget-container\">\n\t\t\t\t\t\t\t\t\t\t\t\t\t\t\t<img decoding=\"async\" width=\"2560\" height=\"1441\" src=\"https:\/\/www.mokivape.com\/wp-content\/uploads\/FM20_b_2-scaled.webp\" class=\"attachment-full size-full wp-image-8328\" alt=\"Vapeador TPD con bobina de cer\u00e1mica FM-20\" srcset=\"https:\/\/www.mokivape.com\/wp-content\/uploads\/FM20_b_2-scaled.webp 2560w, https:\/\/www.mokivape.com\/wp-content\/uploads\/FM20_b_2-768x432.webp 768w, https:\/\/www.mokivape.com\/wp-content\/uploads\/FM20_b_2-1536x864.webp 1536w, https:\/\/www.mokivape.com\/wp-content\/uploads\/FM20_b_2-2048x1153.webp 2048w, https:\/\/www.mokivape.com\/wp-content\/uploads\/FM20_b_2-18x10.webp 18w, https:\/\/www.mokivape.com\/wp-content\/uploads\/FM20_b_2-600x338.webp 600w\" sizes=\"(max-width: 2560px) 100vw, 2560px\" \/>\t\t\t\t\t\t\t\t\t\t\t\t\t\t\t<\/div>\n\t\t\t\t<\/div>\n\t\t\t\t<div class=\"elementor-element elementor-element-da3717f elementor-widget elementor-widget-image\" data-id=\"da3717f\" data-element_type=\"widget\" data-widget_type=\"image.default\">\n\t\t\t\t<div class=\"elementor-widget-container\">\n\t\t\t\t\t\t\t\t\t\t\t\t\t\t\t<img decoding=\"async\" width=\"1920\" height=\"1080\" src=\"https:\/\/www.mokivape.com\/wp-content\/uploads\/FM20_b_3.webp\" class=\"attachment-full size-full wp-image-8329\" alt=\"Vapeador TPD con bobina de cer\u00e1mica FM-20\" srcset=\"https:\/\/www.mokivape.com\/wp-content\/uploads\/FM20_b_3.webp 1920w, https:\/\/www.mokivape.com\/wp-content\/uploads\/FM20_b_3-768x432.webp 768w, https:\/\/www.mokivape.com\/wp-content\/uploads\/FM20_b_3-1536x864.webp 1536w, https:\/\/www.mokivape.com\/wp-content\/uploads\/FM20_b_3-18x10.webp 18w, https:\/\/www.mokivape.com\/wp-content\/uploads\/FM20_b_3-600x338.webp 600w\" sizes=\"(max-width: 1920px) 100vw, 1920px\" \/>\t\t\t\t\t\t\t\t\t\t\t\t\t\t\t<\/div>\n\t\t\t\t<\/div>\n\t\t\t\t<div class=\"elementor-element elementor-element-20351c4 elementor-widget elementor-widget-image\" data-id=\"20351c4\" data-element_type=\"widget\" data-widget_type=\"image.default\">\n\t\t\t\t<div class=\"elementor-widget-container\">\n\t\t\t\t\t\t\t\t\t\t\t\t\t\t\t<img loading=\"lazy\" decoding=\"async\" width=\"1920\" height=\"1080\" src=\"https:\/\/www.mokivape.com\/wp-content\/uploads\/FM20_b_4.webp\" class=\"attachment-full size-full wp-image-8330\" alt=\"Vapeador TPD con bobina de cer\u00e1mica FM-20\" srcset=\"https:\/\/www.mokivape.com\/wp-content\/uploads\/FM20_b_4.webp 1920w, https:\/\/www.mokivape.com\/wp-content\/uploads\/FM20_b_4-768x432.webp 768w, https:\/\/www.mokivape.com\/wp-content\/uploads\/FM20_b_4-1536x864.webp 1536w, https:\/\/www.mokivape.com\/wp-content\/uploads\/FM20_b_4-18x10.webp 18w, https:\/\/www.mokivape.com\/wp-content\/uploads\/FM20_b_4-600x338.webp 600w\" sizes=\"(max-width: 1920px) 100vw, 1920px\" \/>\t\t\t\t\t\t\t\t\t\t\t\t\t\t\t<\/div>\n\t\t\t\t<\/div>\n\t\t\t\t<\/div>\n\t\t\t\t<\/div>","protected":false},"excerpt":{"rendered":"<p>MOKI Ceramic Coil TPD Vape Pen MK-FM20 es un dispositivo de alta calidad que se adhiere a las leyes TPD, perfecto para el mercado vaping Reino Unido. Esta serie TPD vape pluma est\u00e1 dise\u00f1ada con una bobina de cer\u00e1mica para el sabor puro y est\u00e1 hecho para cumplir con las estrictas regulaciones de las leyes TPD. Es compatible con OEM y ODM, como un fabricante de confianza y proveedor, MOKI proporcionar a la orden vaping producto dispositivo. Ya sea que usted est\u00e1 buscando un vaporizador de cer\u00e1mica TPD o una pluma vape uk cumplir con las regulaciones TPD, el MOKI TPD Vape Pen MK-FM20 ofrece una experiencia de primera calidad. Como un art\u00edculo de venta caliente de una f\u00e1brica comprometida con la calidad, es la barra de vape que respeta las leyes TPD al tiempo que satisface sus necesidades vaping.<\/p>","protected":false},"featured_media":8143,"comment_status":"open","ping_status":"closed","template":"","meta":[],"product_brand":[],"product_cat":[16,32],"product_tag":[],"class_list":{"0":"post-1405","1":"product","2":"type-product","3":"status-publish","4":"has-post-thumbnail","6":"product_cat-pod-kits-refillable-open-pods-cartridge-oem","7":"product_cat-ceramic-coil-vape-pod-kits-fruit-flavor-ecigarette","9":"first","10":"instock","11":"shipping-taxable","12":"product-type-simple"},"_links":{"self":[{"href":"https:\/\/www.mokivape.com\/es\/wp-json\/wp\/v2\/product\/1405","targetHints":{"allow":["GET"]}}],"collection":[{"href":"https:\/\/www.mokivape.com\/es\/wp-json\/wp\/v2\/product"}],"about":[{"href":"https:\/\/www.mokivape.com\/es\/wp-json\/wp\/v2\/types\/product"}],"replies":[{"embeddable":true,"href":"https:\/\/www.mokivape.com\/es\/wp-json\/wp\/v2\/comments?post=1405"}],"version-history":[{"count":0,"href":"https:\/\/www.mokivape.com\/es\/wp-json\/wp\/v2\/product\/1405\/revisions"}],"wp:featuredmedia":[{"embeddable":true,"href":"https:\/\/www.mokivape.com\/es\/wp-json\/wp\/v2\/media\/8143"}],"wp:attachment":[{"href":"https:\/\/www.mokivape.com\/es\/wp-json\/wp\/v2\/media?parent=1405"}],"wp:term":[{"taxonomy":"product_brand","embeddable":true,"href":"https:\/\/www.mokivape.com\/es\/wp-json\/wp\/v2\/product_brand?post=1405"},{"taxonomy":"product_cat","embeddable":true,"href":"https:\/\/www.mokivape.com\/es\/wp-json\/wp\/v2\/product_cat?post=1405"},{"taxonomy":"product_tag","embeddable":true,"href":"https:\/\/www.mokivape.com\/es\/wp-json\/wp\/v2\/product_tag?post=1405"}],"curies":[{"name":"wp","href":"https:\/\/api.w.org\/{rel}","templated":true}]}}