{"id":6793,"date":"2024-08-30T08:12:08","date_gmt":"2024-08-30T08:12:08","guid":{"rendered":"https:\/\/www.mokiecig.com\/?page_id=6793"},"modified":"2025-12-08T02:07:28","modified_gmt":"2025-12-08T02:07:28","slug":"privacy-policy-2","status":"publish","type":"page","link":"https:\/\/www.mokivape.com\/es\/politica-de-privacidad-2\/","title":{"rendered":"Pol\u00edtica de privacidad"},"content":{"rendered":"<p>No puede utilizar ning\u00fan \"enlace profundo\", \"page-scrape\", \"robot\", \"ara\u00f1a\" u otros dispositivos autom\u00e1ticos, programa, algoritmo o metodolog\u00eda, o cualquier proceso manual similar o equivalente, para acceder, adquirir, copiar o supervisar cualquier parte del sitio o cualquier contenido, o de cualquier forma reproducir o eludir la estructura de navegaci\u00f3n o presentaci\u00f3n del sitio o cualquier contenido, para obtener o intentar obtener cualquier material, documento o informaci\u00f3n a trav\u00e9s de cualquier medio que no se haya puesto a disposici\u00f3n a prop\u00f3sito a trav\u00e9s del sitio. MOKI vape se reserva el derecho de prohibir cualquier actividad de este tipo. No puede intentar obtener acceso no autorizado a ninguna parte o caracter\u00edstica del sitio Web, ni a ning\u00fan otro sistema o red conectados al sitio Web o a cualquier servidor de MOKI vape, ni a ninguno de los servicios ofrecidos en el sitio Web o a trav\u00e9s de \u00e9l, mediante pirater\u00eda inform\u00e1tica, \"extracci\u00f3n\" de contrase\u00f1as o cualquier otro medio ileg\u00edtimo.<\/p>\n\n\n\n<p>No puede sondear, escanear o probar la vulnerabilidad del sitio Web o de cualquier red conectada al sitio Web, ni violar las medidas de seguridad o autenticaci\u00f3n del sitio Web o de cualquier red conectada al sitio Web. No podr\u00e1 realizar b\u00fasquedas inversas, rastrear o intentar rastrear cualquier informaci\u00f3n sobre cualquier otro usuario o visitante del Sitio, o cualquier otro cliente de MOKI vape, incluyendo cualquier cuenta de MOKI vape que no sea de su propiedad, hasta su fuente, ni explotar el Sitio o cualquier servicio o informaci\u00f3n puesta a disposici\u00f3n u ofrecida por o a trav\u00e9s del Sitio, de cualquier forma en la que el prop\u00f3sito sea revelar cualquier informaci\u00f3n, incluyendo pero sin limitarse a la identificaci\u00f3n o informaci\u00f3n personal, que no sea su propia informaci\u00f3n, seg\u00fan lo dispuesto por el Sitio.<\/p>\n\n\n\n<p>El usuario acepta no realizar ninguna acci\u00f3n que imponga una carga irrazonable o desproporcionadamente grande en la infraestructura del sitio Web o en los sistemas o redes de MOKI vape, o en cualquier sistema o red conectados al sitio Web o a MOKI vape.<\/p>\n\n\n\n<p>Usted se compromete a no utilizar ning\u00fan dispositivo, software o rutina para interferir o intentar interferir en el correcto funcionamiento del Sitio o en cualquier transacci\u00f3n que se realice en el Sitio, o en el uso del Sitio por parte de cualquier otra persona.<\/p>\n\n\n\n<p>No puede falsificar encabezados ni manipular identificadores para ocultar el origen de cualquier mensaje o transmisi\u00f3n que env\u00ede a MOKI vape a trav\u00e9s del sitio Web o de cualquier servicio ofrecido en el sitio Web o a trav\u00e9s de \u00e9l. No puede fingir que es otra persona o que la representa, ni hacerse pasar por otra persona o entidad. No puede utilizar el sitio Web ni ning\u00fan contenido para fines ilegales o prohibidos por estas condiciones de uso, ni para solicitar la realizaci\u00f3n de actividades ilegales u otras actividades que infrinjan los derechos de MOKI vape u otros.<\/p>\n\n\n\n<h3 class=\"wp-block-heading\">\u00bfQU\u00c9 INFORMACI\u00d3N RECOGEMOS?<\/h3>\n\n\n\n<p>Recopilamos informaci\u00f3n sobre usted cuando se registra en nuestro sitio, realiza un pedido o rellena un formulario. Al realizar un pedido o registrarse en nuestro sitio, seg\u00fan proceda, es posible que se le pida que introduzca su nombre, direcci\u00f3n de correo electr\u00f3nico o direcci\u00f3n postal. No obstante, puede visitar nuestro sitio de forma an\u00f3nima.<\/p>\n\n\n\n<h3 class=\"wp-block-heading\">\u00bfPARA QU\u00c9 UTILIZAMOS SUS DATOS?<\/h3>\n\n\n\n<p>Toda la informaci\u00f3n que recopilemos sobre usted podr\u00e1 utilizarse de una de las siguientes maneras:<\/p>\n\n\n\n<p>*Para personalizar su experiencia<\/p>\n\n\n\n<p>(su informaci\u00f3n nos ayuda a responder mejor a sus necesidades individuales)<\/p>\n\n\n\n<p>*Mejorar nuestro sitio web<\/p>\n\n\n\n<p>(nos esforzamos continuamente por mejorar la oferta de nuestro sitio web bas\u00e1ndonos en la informaci\u00f3n y los comentarios que recibimos de usted)<\/p>\n\n\n\n<p>*Mejorar el servicio al cliente<\/p>\n\n\n\n<p>(su informaci\u00f3n nos ayuda a responder m\u00e1s eficazmente a sus solicitudes de servicio al cliente y a sus necesidades de asistencia)<\/p>\n\n\n\n<p>*Para procesar transacciones<\/p>\n\n\n\n<p>Su informaci\u00f3n, ya sea p\u00fablica o privada, no se vender\u00e1, intercambiar\u00e1, transferir\u00e1 ni dar\u00e1 a ninguna otra empresa por ning\u00fan motivo, sin su consentimiento, salvo con el fin expreso de entregar el producto adquirido o el servicio solicitado.<\/p>\n\n\n\n<p>*Para enviar correos electr\u00f3nicos peri\u00f3dicos<\/p>\n\n\n\n<p>La direcci\u00f3n de correo electr\u00f3nico que facilite para tramitar el pedido podr\u00e1 utilizarse para enviarle informaci\u00f3n y actualizaciones relativas a su pedido, adem\u00e1s de recibir ocasionalmente noticias de la empresa, actualizaciones, informaci\u00f3n relacionada con productos o servicios, etc.<\/p>\n\n\n\n<h3 class=\"wp-block-heading\">\u00bfC\u00d3MO PROTEGEMOS SU INFORMACI\u00d3N?<\/h3>\n\n\n\n<p>Aplicamos diversas medidas de seguridad para mantener la seguridad de su informaci\u00f3n personal cuando realiza un pedido o introduce, env\u00eda o accede a su informaci\u00f3n personal.<\/p>\n\n\n\n<p>Ofrecemos el uso de un servidor seguro.<\/p>\n\n\n\n<h3 class=\"wp-block-heading\">\u00bfDIVULGAMOS INFORMACI\u00d3N A TERCEROS?<\/h3>\n\n\n\n<p>No vendemos, intercambiamos ni transferimos a terceros sus datos personales. Esto no incluye a terceros de confianza que nos ayuden a gestionar nuestro sitio web, llevar a cabo nuestro negocio o prestarle servicios, siempre y cuando dichas partes se comprometan a mantener la confidencialidad de esta informaci\u00f3n. Tambi\u00e9n podemos divulgar su informaci\u00f3n cuando creamos que es apropiado para cumplir la ley, hacer cumplir las pol\u00edticas de nuestro sitio o proteger nuestros derechos, propiedad o seguridad o los de otros. No obstante, la informaci\u00f3n no personal de los visitantes puede ser facilitada a terceros para fines de marketing, publicidad u otros usos.<\/p>\n\n\n\n<h3 class=\"wp-block-heading\">S\u00d3LO POL\u00cdTICA DE PRIVACIDAD EN L\u00cdNEA<\/h3>\n\n\n\n<p>Esta pol\u00edtica de privacidad en l\u00ednea s\u00f3lo se aplica a la informaci\u00f3n recogida a trav\u00e9s de nuestro sitio web y no a la informaci\u00f3n recogida fuera de l\u00ednea.<\/p>\n\n\n\n<h3 class=\"wp-block-heading\">SU CONSENTIMIENTO<\/h3>\n\n\n\n<p>Al utilizar nuestro sitio, usted acepta nuestra pol\u00edtica de privacidad.<\/p>\n\n\n\n<p>Violaci\u00f3n de estas condiciones de uso<\/p>\n\n\n\n<p>MOKI vape puede revelar cualquier informaci\u00f3n que tengamos sobre usted (incluida su identidad) si determinamos que dicha revelaci\u00f3n es necesaria en relaci\u00f3n con cualquier investigaci\u00f3n o queja relativa a su uso del sitio Web, o para identificar, contactar o emprender acciones legales contra alguien que pueda estar causando da\u00f1os o interfiriendo (intencionadamente o no) en los derechos o la propiedad de MOKI vape, o en los derechos o la propiedad de los visitantes o usuarios del sitio Web, incluidos los clientes de MOKI vape. MOKI vape se reserva el derecho en todo momento de revelar cualquier informaci\u00f3n que MOKI vape considere necesaria para cumplir con cualquier ley, normativa, proceso legal o solicitud gubernamental aplicable.<\/p>\n\n\n\n<p>MOKI vape tambi\u00e9n puede revelar su informaci\u00f3n cuando MOKI vape determine que la legislaci\u00f3n aplicable exige o permite dicha revelaci\u00f3n, incluido el intercambio de informaci\u00f3n con otras empresas y organizaciones con fines de protecci\u00f3n contra el fraude.<\/p>\n\n\n\n<p>El usuario reconoce y acepta que MOKI vape puede conservar cualquier transmisi\u00f3n o comunicaci\u00f3n del usuario con MOKI vape a trav\u00e9s del sitio Web o de cualquier servicio ofrecido en o a trav\u00e9s del sitio Web, y tambi\u00e9n puede revelar dichos datos si as\u00ed lo exige la ley o si MOKI vape determina que dicha conservaci\u00f3n o revelaci\u00f3n es razonablemente necesaria para (1) cumplir con un proceso legal, (2) hacer cumplir estas condiciones de uso, (3) responder a reclamaciones de que cualquiera de estos datos viola los derechos de otros, o (4) proteger los derechos, la propiedad o la seguridad personal de MOKI vape, sus empleados, los usuarios o visitantes del sitio Web y el p\u00fablico.<\/p>\n\n\n\n<p>Acepta que MOKI vape puede, a su entera discreci\u00f3n y sin previo aviso, finalizar su acceso al sitio Web y\/o bloquear su acceso futuro al sitio Web si determinamos que ha infringido estas condiciones de uso u otros acuerdos o directrices que puedan estar asociados con su uso del sitio Web. Tambi\u00e9n acepta que cualquier infracci\u00f3n por su parte de estas Condiciones de uso constituir\u00e1 una pr\u00e1ctica comercial ilegal y desleal, y causar\u00e1 un da\u00f1o irreparable a MOKI vape, para el que los da\u00f1os monetarios ser\u00edan inadecuados, y da su consentimiento para que MOKI vape obtenga cualquier medida cautelar o equitativa que MOKI vape considere necesaria o apropiada en tales circunstancias. Estos recursos se suman a cualquier otro recurso que MOKI vape pueda tener por ley o en equidad.<\/p>\n\n\n\n<p>El usuario acepta que MOKI vape puede, a su entera discreci\u00f3n y sin previo aviso, cancelar su acceso al sitio Web, por causa justificada, que incluye (pero no se limita a) (1) solicitudes de las fuerzas de seguridad u otros organismos gubernamentales, (2) una solicitud del usuario (eliminaci\u00f3n de cuentas iniciada por el usuario), (3) interrupci\u00f3n o modificaci\u00f3n material del sitio Web o de cualquier servicio ofrecido en el sitio Web o a trav\u00e9s de \u00e9l, o (4) cuestiones o problemas t\u00e9cnicos inesperados.<\/p>\n\n\n\n<p>Si MOKI vape emprende acciones legales contra el usuario como resultado de la infracci\u00f3n de estas condiciones de uso, MOKI vape tendr\u00e1 derecho a recuperar de \u00e9ste, y el usuario acepta pagar, todos los honorarios razonables de abogados y los costes de dicha acci\u00f3n, adem\u00e1s de cualquier otra compensaci\u00f3n concedida a MOKI vape. Acepta que MOKI vape no ser\u00e1 responsable ante usted ni ante terceros por la finalizaci\u00f3n de su acceso al sitio Web como resultado de cualquier infracci\u00f3n de estas condiciones de uso.<\/p>\n\n\n\n<h3 class=\"wp-block-heading\">CAMBIOS EN ESTA DECLARACI\u00d3N DE PRIVACIDAD<\/h3>\n\n\n\n<p>Si decidimos cambiar nuestra pol\u00edtica de privacidad, publicaremos dichos cambios en esta declaraci\u00f3n de privacidad, en la p\u00e1gina de inicio y en otros lugares que consideremos apropiados, para que usted sepa qu\u00e9 informaci\u00f3n recopilamos, c\u00f3mo la utilizamos y en qu\u00e9 circunstancias, si las hubiera, la revelamos.<\/p>\n\n\n\n<p>Nos reservamos el derecho a modificar esta declaraci\u00f3n de privacidad en cualquier momento, por lo que le rogamos que la revise con frecuencia. Si realizamos cambios sustanciales en esta pol\u00edtica, se lo notificaremos aqu\u00ed, por correo electr\u00f3nico o mediante un aviso en nuestra p\u00e1gina de inicio.<\/p>","protected":false},"excerpt":{"rendered":"<p>You may not use any \u201cdeep-link\u201d, \u201cpage-scrape\u201d, \u201crobot\u201d, \u201cspider\u201d or other automatic devices, program, algorithm or methodology, or any similar or equivalent manual process, to access, acquire, copy or monitor any portion of the Site or any Content, or in any way reproduce or circumvent the navigational structure or presentation of the Site or any [&hellip;]<\/p>","protected":false},"author":1,"featured_media":0,"parent":0,"menu_order":0,"comment_status":"closed","ping_status":"closed","template":"","meta":{"footnotes":""},"class_list":["post-6793","page","type-page","status-publish","hentry"],"_links":{"self":[{"href":"https:\/\/www.mokivape.com\/es\/wp-json\/wp\/v2\/pages\/6793","targetHints":{"allow":["GET"]}}],"collection":[{"href":"https:\/\/www.mokivape.com\/es\/wp-json\/wp\/v2\/pages"}],"about":[{"href":"https:\/\/www.mokivape.com\/es\/wp-json\/wp\/v2\/types\/page"}],"author":[{"embeddable":true,"href":"https:\/\/www.mokivape.com\/es\/wp-json\/wp\/v2\/users\/1"}],"replies":[{"embeddable":true,"href":"https:\/\/www.mokivape.com\/es\/wp-json\/wp\/v2\/comments?post=6793"}],"version-history":[{"count":0,"href":"https:\/\/www.mokivape.com\/es\/wp-json\/wp\/v2\/pages\/6793\/revisions"}],"wp:attachment":[{"href":"https:\/\/www.mokivape.com\/es\/wp-json\/wp\/v2\/media?parent=6793"}],"curies":[{"name":"wp","href":"https:\/\/api.w.org\/{rel}","templated":true}]}}