{"id":6791,"date":"2024-08-30T08:06:50","date_gmt":"2024-08-30T08:06:50","guid":{"rendered":"https:\/\/www.mokiecig.com\/?page_id=6791"},"modified":"2025-12-08T01:43:22","modified_gmt":"2025-12-08T01:43:22","slug":"terms","status":"publish","type":"page","link":"https:\/\/www.mokivape.com\/es\/terminos\/","title":{"rendered":"T\u00e9rminos"},"content":{"rendered":"<h3 class=\"wp-block-heading\">CONDICIONES GENERALES<\/h3>\n\n\n\n<p>Estos T\u00e9rminos y condiciones de uso (\"Acuerdo\") se aplican al sitio Web de MOKI vape ubicado en mokivape.com y a todos los sitios asociados vinculados a mokivape.com por MOKI vape, sus subsidiarias y filiales, incluidos los sitios de MOKI vape de todo el mundo (colectivamente, el \"sitio\"). El sitio de MOKI vape y sus licenciantes.<\/p>\n\n\n\n<p>AL UTILIZAR EL SITIO, ACEPTA ESTAS CONDICIONES DE USO; SI NO EST\u00c1 DE ACUERDO, NO UTILICE EL SITIO. MOKI vape se reserva el derecho, a su entera discreci\u00f3n, de cambiar, modificar, a\u00f1adir o eliminar partes de estas Condiciones de uso, en cualquier momento. Es responsabilidad del usuario comprobar peri\u00f3dicamente si se han producido cambios en estas Condiciones de uso. Su uso continuado del Sitio tras la publicaci\u00f3n de los cambios significar\u00e1 que acepta y est\u00e1 de acuerdo con los mismos. Siempre que cumpla estas Condiciones de uso, MOKI vape le concede un privilegio personal, no exclusivo, intransferible y limitado para entrar y utilizar el sitio Web. Por lo tanto, le rogamos que las lea detenidamente. El usuario del sitio Web tambi\u00e9n se rige por nuestra Pol\u00edtica de privacidad, que se incorpora y forma parte de este Acuerdo.Los materiales contenidos en este sitio Web est\u00e1n protegidos por la legislaci\u00f3n aplicable en materia de derechos de autor y marcas comerciales.<\/p>\n\n\n\n<p>AL ENTRAR EN ESTE SITIO, USTED AFIRMA Y GARANTIZA QUE TIENE VEINTI\u00daN (21) A\u00d1OS O M\u00c1S.<\/p>\n\n\n\n<h3 class=\"wp-block-heading\">Contenido<\/h3>\n\n\n\n<p>Todo el texto, los gr\u00e1ficos, las interfaces de usuario, las interfaces visuales, las fotograf\u00edas, las marcas comerciales, los logotipos, los sonidos, la m\u00fasica, las ilustraciones y el c\u00f3digo inform\u00e1tico (colectivamente, el \"Contenido\"), incluidos, entre otros, el dise\u00f1o, la estructura, la selecci\u00f3n, la coordinaci\u00f3n, la expresi\u00f3n, el \"aspecto y la sensaci\u00f3n\" y la disposici\u00f3n de dicho Contenido, contenidos en el sitio Web son propiedad de MOKI vape, est\u00e1n bajo su control o licencia, y est\u00e1n protegidos por las leyes de imagen comercial, derechos de autor, patentes y marcas comerciales, as\u00ed como por otros derechos de propiedad intelectual y leyes de competencia desleal.Salvo que se estipule expresamente en estas condiciones de uso, ninguna parte del sitio Web ni ning\u00fan contenido se puede copiar, reproducir, volver a publicar, cargar, enviar, mostrar p\u00fablicamente, codificar, traducir, transmitir o distribuir de ninguna forma (incluida la \"duplicaci\u00f3n\") a ning\u00fan otro ordenador, servidor, sitio Web u otro medio para su publicaci\u00f3n o distribuci\u00f3n o para cualquier empresa comercial, sin el consentimiento expreso previo por escrito de MOKI vape.<\/p>\n\n\n\n<h3 class=\"wp-block-heading\">Colores<\/h3>\n\n\n\n<p>Hemos hecho todo lo posible para mostrar, con la mayor precisi\u00f3n posible, los colores de nuestros productos que aparecen en el sitio. Sin embargo, como los colores reales que vea depender\u00e1n de su monitor, no podemos garantizar que la visualizaci\u00f3n de cualquier color en su monitor sea exacta.<\/p>\n\n\n\n<h3 class=\"wp-block-heading\">Copyright<\/h3>\n\n\n\n<p>Los derechos de autor de este sitio web (incluidos, entre otros, textos, gr\u00e1ficos, logotipos, sonidos y v\u00eddeos) son propiedad de MOKI vape y est\u00e1n sujetos a licencia. Todos los materiales contenidos en este sitio est\u00e1n protegidos por las leyes chinas e internacionales de derechos de autor y no pueden copiarse, reproducirse, distribuirse, transmitirse, mostrarse, publicarse, adaptarse o tratarse de ninguna forma ni por ning\u00fan medio sin el permiso previo por escrito de MOKI vape. No puede alterar ni eliminar ning\u00fan copyright u otro aviso de las copias del contenido. No puede, sin el permiso expreso por escrito de MOKI vape, \"reflejar\" ning\u00fan material contenido en este sitio o en cualquier otro servidor. Cualquier permiso concedido en este documento finalizar\u00e1 autom\u00e1ticamente sin previo aviso si incumple cualquiera de los t\u00e9rminos anteriores. Tras dicha terminaci\u00f3n, usted acepta destruir inmediatamente cualquier material descargado y\/o impreso. Cualquier uso no autorizado de cualquier material contenido en este sitio puede violar las leyes nacionales y\/o internacionales de derechos de autor, las leyes de privacidad y publicidad, y las comunicaciones, reglamentos y estatutos.<\/p>\n\n\n\n<h3 class=\"wp-block-heading\">Revisiones<\/h3>\n\n\n\n<p>Los materiales que aparecen en el sitio web de MOKI vape podr\u00edan incluir errores t\u00e9cnicos, tipogr\u00e1ficos o fotogr\u00e1ficos. MOKI vape no garantiza que ninguno de los materiales de su sitio Web sea preciso, completo o actual. MOKI vape puede realizar cambios en los materiales contenidos en su sitio Web en cualquier momento y sin previo aviso. Sin embargo, MOKI vape no se compromete a actualizar los materiales.<\/p>\n\n\n\n<h3 class=\"wp-block-heading\">Marca<\/h3>\n\n\n\n<p>MOKI vape es una marca comercial de MOKI vape Co., Ltd. y est\u00e1 protegida legalmente. S\u00f3lo puede utilizarse con el permiso previo por escrito de MOKI vape Co., Ltd. en cada caso espec\u00edfico. El uso de la marca comercial MOKI vape con fines comerciales sin el permiso previo por escrito de MOKI vape constituir\u00e1 una infracci\u00f3n de la marca comercial y una competencia desleal que infringe la ley.<\/p>\n\n\n\n<h3 class=\"wp-block-heading\">Descargo de responsabilidad<\/h3>\n\n\n\n<p>MOKI VAPE NO PROMETE QUE EL SITIO O CUALQUIER CONTENIDO, SERVICIO O CARACTER\u00cdSTICA DEL SITIO ESTAR\u00c1 LIBRE DE ERRORES O SER\u00c1 ININTERRUMPIDO, O QUE CUALQUIER DEFECTO SER\u00c1 CORREGIDO, O QUE SU USO DEL SITIO PROPORCIONAR\u00c1 RESULTADOS ESPEC\u00cdFICOS. EL SITIO Y SU CONTENIDO SE OFRECEN \"TAL CUAL\" Y \"SEG\u00daN DISPONIBILIDAD\". Y \"SEG\u00daN DISPONIBILIDAD\". TODA LA INFORMACI\u00d3N PROPORCIONADA EN EL SITIO EST\u00c1 SUJETA A CAMBIOS SIN PREVIO AVISO. MOKI vape NO PUEDE GARANTIZAR QUE LOS ARCHIVOS U OTROS DATOS QUE DESCARGUE DEL SITIO EST\u00c9N LIBRES DE VIRUS O CONTAMINACI\u00d3N O CARACTER\u00cdSTICAS DESTRUCTIVAS. MOKI vape NIEGA TODAS LAS GARANT\u00cdAS, EXPRESAS O IMPL\u00cdCITAS, INCLUIDA CUALQUIER GARANT\u00cdA DE PRECISI\u00d3N, NO INFRACCI\u00d3N, COMERCIABILIDAD E IDONEIDAD PARA UN PROP\u00d3SITO PARTICULAR. MOKI vape RECHAZA TODA RESPONSABILIDAD POR LOS ACTOS, OMISIONES Y CONDUCTA DE TERCEROS EN CONEXI\u00d3N CON O RELACIONADOS CON SU USO DEL SITIO Y\/O DE CUALQUIER SERVICIO DE MOKI vape. USTED ASUME LA RESPONSABILIDAD TOTAL DEL USO DEL SITIO Y DE CUALQUIER SITIO VINCULADO. SU \u00daNICO RECURSO CONTRA MOKI vape POR DISCONFORMIDAD CON EL SITIO O CUALQUIER CONTENIDO ES DEJAR DE USAR EL SITIO O CUALQUIER CONTENIDO. ESTA LIMITACI\u00d3N DE REPARACI\u00d3N FORMA PARTE DEL ACUERDO ENTRE LAS PARTES.<\/p>\n\n\n\n<p>El anterior descargo de responsabilidad se aplica a cualquier da\u00f1o, responsabilidad o perjuicio causado por cualquier fallo de funcionamiento, error, omisi\u00f3n, interrupci\u00f3n, supresi\u00f3n, defecto, retraso en el funcionamiento o transmisi\u00f3n, virus inform\u00e1tico, fallo de la l\u00ednea de comunicaci\u00f3n, robo o destrucci\u00f3n o acceso no autorizado, alteraci\u00f3n o uso, ya sea por incumplimiento de contrato, agravio, negligencia o cualquier otra causa de acci\u00f3n.<\/p>\n\n\n\n<p>MOKI vape se reserva el derecho a realizar cualquiera de las siguientes acciones, en cualquier momento y sin previo aviso: (1) modificar, suspender o finalizar el funcionamiento o el acceso al sitio Web, o a cualquier parte del mismo, por cualquier motivo; (2) modificar o cambiar el sitio Web, o cualquier parte del mismo, y cualquier pol\u00edtica o condici\u00f3n aplicable; e (3) interrumpir el funcionamiento del sitio Web, o de cualquier parte del mismo, seg\u00fan sea necesario para realizar tareas de mantenimiento rutinarias o no rutinarias, correcci\u00f3n de errores u otros cambios.<\/p>\n\n\n\n<h3 class=\"wp-block-heading\">Varios<\/h3>\n\n\n\n<p>Queda prohibido utilizar, exportar o reexportar cualquier Contenido o cualquier copia o adaptaci\u00f3n de dicho Contenido, o cualquier producto o servicio ofrecido en el Sitio, infringiendo cualquier ley o normativa aplicable, incluidas, entre otras, las leyes y normativas de exportaci\u00f3n de Estados Unidos.<\/p>\n\n\n\n<p>Si alguna de las disposiciones de estas Condiciones de uso es declarada nula o inaplicable por un juzgado u otro tribunal de jurisdicci\u00f3n competente, dichas disposiciones se limitar\u00e1n o eliminar\u00e1n en la medida m\u00ednima necesaria y se sustituir\u00e1n por una disposici\u00f3n v\u00e1lida que represente mejor la intenci\u00f3n de estas Condiciones de uso, de modo que estas Condiciones de uso permanezcan en pleno vigor y efecto. Estas condiciones de uso constituyen el acuerdo completo entre el usuario y MOKI vape con respecto al uso del sitio Web, y por la presente se sustituyen y cancelan todos y cada uno de los dem\u00e1s acuerdos o entendimientos escritos u orales previamente existentes entre el usuario y MOKI vape con respecto a dicho uso. Aparte de lo estipulado en un acuerdo de compra que celebre con MOKI vape, MOKI vape no aceptar\u00e1 ninguna contraoferta a estas Condiciones de uso, y por la presente se rechazan categ\u00f3ricamente todas las ofertas de este tipo. El hecho de que MOKI vape no insista o exija el estricto cumplimiento de estas Condiciones de uso no se interpretar\u00e1 como una renuncia por parte de MOKI vape de ninguna disposici\u00f3n ni de ning\u00fan derecho que tenga a exigir el cumplimiento de estas Condiciones de uso, ni se considerar\u00e1 que ning\u00fan curso de conducta entre MOKI vape y el usuario o cualquier otra parte modifica ninguna disposici\u00f3n de estas Condiciones de uso. Estas Condiciones de uso no se interpretar\u00e1n ni se interpretar\u00e1n para conferir derechos o recursos a terceros.<\/p>\n\n\n\n<p>MOKI vape proporciona acceso a los datos internacionales de MOKI vape y, por lo tanto, puede contener referencias o referencias cruzadas a productos, programas y servicios de MOKI vape que no se anuncian en su pa\u00eds. Dichas referencias no implican que MOKI vape en su pa\u00eds tenga la intenci\u00f3n de anunciar dichos productos, programas o servicios.<\/p>\n\n\n\n<h3 class=\"wp-block-heading\">Comentarios e informaci\u00f3n<\/h3>\n\n\n\n<p>Cualquier informaci\u00f3n que proporcione en este sitio se considerar\u00e1 no confidencial. MOKI vape ser\u00e1 libre de utilizar dicha informaci\u00f3n sin restricciones.<\/p>\n\n\n\n<h3 class=\"wp-block-heading\">MOKI vape Comunicaci\u00f3n<\/h3>\n\n\n\n<p>Acepta que MOKI vape puede enviarle correo electr\u00f3nico con el fin de informarle de cambios o adiciones a este sitio, sobre cualquiera de los productos o servicios de MOKI vape, o para otros fines que MOKI vape considere apropiados.<\/p>\n\n\n\n<h3 class=\"wp-block-heading\">Sitios web de terceros<\/h3>\n\n\n\n<p>MOKI mokivape.com puede contener enlaces a otros sitios Web en Internet que son propiedad y est\u00e1n gestionados por terceros. No tenemos ning\u00fan control sobre la informaci\u00f3n, los servicios o los productos disponibles en estos sitios de terceros. La inclusi\u00f3n de enlaces a estos sitios no implica nuestra aprobaci\u00f3n del sitio web, ni ninguna asociaci\u00f3n con los propietarios\/operadores del sitio web. Dado que no mantenemos ning\u00fan control sobre dichos sitios web y recursos, usted acepta que no somos responsables en modo alguno de la disponibilidad o el funcionamiento de estos sitios web externos. No nos hacemos responsables de ning\u00fan material ubicado o disponible en estos sitios web para la protecci\u00f3n de sus datos por parte de terceros; una vez que abandona nuestro sitio, no podemos garantizar la protecci\u00f3n o seguridad de la informaci\u00f3n en otros lugares. En caso de que usted participe o tenga tratos con cualquier de manera, participaciones en promociones ofrecidas por los anunciantes en el sitio web, y esto incluye el pago y la entrega de estos bienes o servicios, y cualesquiera otros t\u00e9rminos, condiciones, garant\u00edas o representaciones asociadas con estos tratos y \/ o promociones, tales interacciones son entre usted y el anunciante \/ tercero aplicable. Usted acepta que no seremos responsables, directa o indirectamente, de cualquier p\u00e9rdida o da\u00f1o causado por el uso o la confianza depositada en cualquier material disponible en o a trav\u00e9s de cualquier sitio o trato o promoci\u00f3n.<\/p>\n\n\n\n<h3 class=\"wp-block-heading\">P\u00e9rdida o robo de paquetes<\/h3>\n\n\n\n<p>MOKI vape no se hace responsable de paquetes perdidos o robados. Si usted no recibi\u00f3 un paquete que est\u00e1 marcado como entregado, es su responsabilidad resolver este problema con la oficina de correos. Los paquetes perdidos o robados son muy frustrantes y haremos todo lo posible para ayudarle a resolver el problema. Por favor, comprenda que esto est\u00e1 completamente fuera de nuestro control y requiere que se ponga en contacto con la oficina de correos para obtener ayuda.<\/p>","protected":false},"excerpt":{"rendered":"<p>TERMS &amp; CONDITIONS These Terms and Conditions of Use (\u2018Agreement\u2019) apply to the MOKI vape web located at mokivape.com and all associated sites linked to mokivape.com by MOKI vape, its subsidiaries and affiliates, including MOKI vape sites all around the word(collectively, the \u201csite\u201d). The site of MOKI vape and its licensors. BY USING THE SITE, [&hellip;]<\/p>","protected":false},"author":1,"featured_media":0,"parent":0,"menu_order":0,"comment_status":"closed","ping_status":"closed","template":"","meta":{"footnotes":""},"class_list":["post-6791","page","type-page","status-publish","hentry"],"_links":{"self":[{"href":"https:\/\/www.mokivape.com\/es\/wp-json\/wp\/v2\/pages\/6791","targetHints":{"allow":["GET"]}}],"collection":[{"href":"https:\/\/www.mokivape.com\/es\/wp-json\/wp\/v2\/pages"}],"about":[{"href":"https:\/\/www.mokivape.com\/es\/wp-json\/wp\/v2\/types\/page"}],"author":[{"embeddable":true,"href":"https:\/\/www.mokivape.com\/es\/wp-json\/wp\/v2\/users\/1"}],"replies":[{"embeddable":true,"href":"https:\/\/www.mokivape.com\/es\/wp-json\/wp\/v2\/comments?post=6791"}],"version-history":[{"count":0,"href":"https:\/\/www.mokivape.com\/es\/wp-json\/wp\/v2\/pages\/6791\/revisions"}],"wp:attachment":[{"href":"https:\/\/www.mokivape.com\/es\/wp-json\/wp\/v2\/media?parent=6791"}],"curies":[{"name":"wp","href":"https:\/\/api.w.org\/{rel}","templated":true}]}}