{"id":8447,"date":"2025-01-10T03:47:41","date_gmt":"2025-01-10T03:47:41","guid":{"rendered":"https:\/\/www.mokiecig.com\/?post_type=product&#038;p=8447"},"modified":"2025-01-10T03:55:52","modified_gmt":"2025-01-10T03:55:52","slug":"d10-mint-flavored-vape-pod-cartridge","status":"publish","type":"product","link":"https:\/\/www.mokivape.com\/de\/produkt\/d10-minze-aromatisiert-vape-pod-patrone\/","title":{"rendered":"Minze aromatisiert Vape Pod Patrone D10"},"content":{"rendered":"<div class=\"tg-wrap\">\n<table>\n<tbody>\n<tr>\n<td>Gr\u00f6\u00dfe<\/td>\n<td>54.32*19.59*10.49mm<\/td>\n<td>Widerstand<\/td>\n<td>1.1-1.3ohm<\/td>\n<\/tr>\n<tr>\n<td>E-Fl\u00fcssigkeitskapazit\u00e4t<\/td>\n<td>2.3mL<\/td>\n<td>Material<\/td>\n<td>PCTG<\/td>\n<\/tr>\n<tr>\n<td>Heizdraht<\/td>\n<td>Keramische Spule<\/td>\n<td><\/td>\n<td><\/td>\n<\/tr>\n<\/tbody>\n<\/table>\n<\/div>\n<div><img fetchpriority=\"high\" decoding=\"async\" class=\"alignnone size-full wp-image-8436\" src=\"https:\/\/www.mokiecig.com\/wp-content\/uploads\/moki_compatible_vape_pod_cartridge.webp\" alt=\"moki compatible vape pods cartridges\" width=\"1080\" height=\"687\" srcset=\"https:\/\/www.mokivape.com\/wp-content\/uploads\/moki_compatible_vape_pod_cartridge.webp 1080w, https:\/\/www.mokivape.com\/wp-content\/uploads\/moki_compatible_vape_pod_cartridge-768x489.webp 768w, https:\/\/www.mokivape.com\/wp-content\/uploads\/moki_compatible_vape_pod_cartridge-18x12.webp 18w, https:\/\/www.mokivape.com\/wp-content\/uploads\/moki_compatible_vape_pod_cartridge-600x382.webp 600w\" sizes=\"(max-width: 1080px) 100vw, 1080px\" \/><\/div>","protected":false},"excerpt":{"rendered":"<p>Mint Flavored Vape Pod Cartridge MK-D10 ist ein Premium Prefilled Pod Serie Angebot f\u00fcr e-Fl\u00fcssigkeit Enthusiasten. Diese 54,32*19,59*10,49mm Vape-Pod-Patrone bietet eine gro\u00dfz\u00fcgige 2,3mL E-Liquid-Kapazit\u00e4t, die l\u00e4ngere Vaping-Sessions erm\u00f6glicht. Ausgestattet mit einer Keramikspule und einem Widerstandsbereich von 1,1-1,3 Ohm, sorgt sie f\u00fcr einen geschmackvollen und befriedigenden Vape. Gefertigt aus PCTG-Material, ist es sowohl langlebig und zuverl\u00e4ssig. MK-D10 Unterst\u00fctzung OEM und ODM, die Mint Flavored Vape Pod Cartridge MK-D10 ist ein hochwertiges, hei\u00dfer Verkauf vaping Produkt, um von einem f\u00fchrenden Hersteller und Lieferanten MOKI gemacht. Erleben Sie den Komfort und die Leistung einer Vape-Patrone, die neue Ma\u00dfst\u00e4be in der Branche setzt.<\/p>","protected":false},"featured_media":8433,"comment_status":"open","ping_status":"closed","template":"","meta":[],"product_brand":[],"product_cat":[472],"product_tag":[],"class_list":{"0":"post-8447","1":"product","2":"type-product","3":"status-publish","4":"has-post-thumbnail","6":"product_cat-compatibale-vape-pods","8":"first","9":"instock","10":"shipping-taxable","11":"product-type-simple"},"_links":{"self":[{"href":"https:\/\/www.mokivape.com\/de\/wp-json\/wp\/v2\/product\/8447","targetHints":{"allow":["GET"]}}],"collection":[{"href":"https:\/\/www.mokivape.com\/de\/wp-json\/wp\/v2\/product"}],"about":[{"href":"https:\/\/www.mokivape.com\/de\/wp-json\/wp\/v2\/types\/product"}],"replies":[{"embeddable":true,"href":"https:\/\/www.mokivape.com\/de\/wp-json\/wp\/v2\/comments?post=8447"}],"version-history":[{"count":0,"href":"https:\/\/www.mokivape.com\/de\/wp-json\/wp\/v2\/product\/8447\/revisions"}],"wp:featuredmedia":[{"embeddable":true,"href":"https:\/\/www.mokivape.com\/de\/wp-json\/wp\/v2\/media\/8433"}],"wp:attachment":[{"href":"https:\/\/www.mokivape.com\/de\/wp-json\/wp\/v2\/media?parent=8447"}],"wp:term":[{"taxonomy":"product_brand","embeddable":true,"href":"https:\/\/www.mokivape.com\/de\/wp-json\/wp\/v2\/product_brand?post=8447"},{"taxonomy":"product_cat","embeddable":true,"href":"https:\/\/www.mokivape.com\/de\/wp-json\/wp\/v2\/product_cat?post=8447"},{"taxonomy":"product_tag","embeddable":true,"href":"https:\/\/www.mokivape.com\/de\/wp-json\/wp\/v2\/product_tag?post=8447"}],"curies":[{"name":"wp","href":"https:\/\/api.w.org\/{rel}","templated":true}]}}