{"id":1416,"date":"2024-04-17T09:14:36","date_gmt":"2024-04-17T09:14:36","guid":{"rendered":"https:\/\/www.mokiecig.com\/?post_type=product&#038;p=1416"},"modified":"2025-01-03T06:23:54","modified_gmt":"2025-01-03T06:23:54","slug":"m40-nicotine-salt-open-pod-vape-kits","status":"publish","type":"product","link":"https:\/\/www.mokivape.com\/de\/produkt\/m40-nikotin-salz-offen-pod-vape-kits\/","title":{"rendered":"MK-M40 Nikotinsalz offene Pod Vape Kits"},"content":{"rendered":"<div data-elementor-type=\"product-post\" data-elementor-id=\"1416\" class=\"elementor elementor-1416\" data-elementor-post-type=\"product\">\n\t\t\t\t<div class=\"elementor-element elementor-element-e4c9c1b e-con-full e-flex e-con e-parent\" data-id=\"e4c9c1b\" data-element_type=\"container\">\n\t\t\t\t<div class=\"elementor-element elementor-element-d5fe4e9 elementor-widget elementor-widget-heading\" data-id=\"d5fe4e9\" data-element_type=\"widget\" data-widget_type=\"heading.default\">\n\t\t\t\t<div class=\"elementor-widget-container\">\n\t\t\t\t\t<h2 class=\"elementor-heading-title elementor-size-default\">MK-M40 Nikotinsalz offene Pod Vape Kits<\/h2>\t\t\t\t<\/div>\n\t\t\t\t<\/div>\n\t\t\t\t<div class=\"elementor-element elementor-element-270716c elementor-widget elementor-widget-html\" data-id=\"270716c\" data-element_type=\"widget\" data-widget_type=\"html.default\">\n\t\t\t\t<div class=\"elementor-widget-container\">\n\t\t\t\t\t<table><tbody><tr><td>Widerstand<\/td><td>1.0-1.25ohm<\/td><td>Gr\u00f6\u00dfe<\/td><td>22.9*14.2*89.7mm<\/td><\/tr><tr><td>E-Fl\u00fcssigkeit Kapazit\u00e4t<\/td><td>2.5mL<\/td><td>Batteriekapazit\u00e4t<\/td><td>280mAh<\/td><\/tr><tr><td>Wiederaufladbar<\/td><td>Typ-C<\/td><td>Heizdraht<\/td><td>Maschenspule<\/td><\/tr><tr><td>Material<\/td><td colspan=\"3\">Einfarbiger Kunststoff+Patch<\/td><\/tr><\/tbody><\/table>\t\t\t\t<\/div>\n\t\t\t\t<\/div>\n\t\t\t\t<div class=\"elementor-element elementor-element-5fed6d8 elementor-widget elementor-widget-image\" data-id=\"5fed6d8\" data-element_type=\"widget\" data-widget_type=\"image.default\">\n\t\t\t\t<div class=\"elementor-widget-container\">\n\t\t\t\t\t\t\t\t\t\t\t\t\t\t\t<img fetchpriority=\"high\" decoding=\"async\" width=\"1920\" height=\"1080\" src=\"https:\/\/www.mokivape.com\/wp-content\/uploads\/M40_b_1.webp\" class=\"attachment-full size-full wp-image-8236\" alt=\"MOKI MK40 Nikotin Salz offen Pod Vape Kits\" srcset=\"https:\/\/www.mokivape.com\/wp-content\/uploads\/M40_b_1.webp 1920w, https:\/\/www.mokivape.com\/wp-content\/uploads\/M40_b_1-768x432.webp 768w, https:\/\/www.mokivape.com\/wp-content\/uploads\/M40_b_1-1536x864.webp 1536w, https:\/\/www.mokivape.com\/wp-content\/uploads\/M40_b_1-18x10.webp 18w, https:\/\/www.mokivape.com\/wp-content\/uploads\/M40_b_1-600x338.webp 600w\" sizes=\"(max-width: 1920px) 100vw, 1920px\" \/>\t\t\t\t\t\t\t\t\t\t\t\t\t\t\t<\/div>\n\t\t\t\t<\/div>\n\t\t\t\t<div class=\"elementor-element elementor-element-85f16f2 elementor-widget elementor-widget-image\" data-id=\"85f16f2\" data-element_type=\"widget\" data-widget_type=\"image.default\">\n\t\t\t\t<div class=\"elementor-widget-container\">\n\t\t\t\t\t\t\t\t\t\t\t\t\t\t\t<img decoding=\"async\" width=\"1920\" height=\"1080\" src=\"https:\/\/www.mokivape.com\/wp-content\/uploads\/M40_b_2.webp\" class=\"attachment-full size-full wp-image-8237\" alt=\"MOKI MK40 Nikotin Salz offen Pod Vape Kits\" srcset=\"https:\/\/www.mokivape.com\/wp-content\/uploads\/M40_b_2.webp 1920w, https:\/\/www.mokivape.com\/wp-content\/uploads\/M40_b_2-768x432.webp 768w, https:\/\/www.mokivape.com\/wp-content\/uploads\/M40_b_2-1536x864.webp 1536w, https:\/\/www.mokivape.com\/wp-content\/uploads\/M40_b_2-18x10.webp 18w, https:\/\/www.mokivape.com\/wp-content\/uploads\/M40_b_2-600x338.webp 600w\" sizes=\"(max-width: 1920px) 100vw, 1920px\" \/>\t\t\t\t\t\t\t\t\t\t\t\t\t\t\t<\/div>\n\t\t\t\t<\/div>\n\t\t\t\t<div class=\"elementor-element elementor-element-872964a elementor-widget elementor-widget-image\" data-id=\"872964a\" data-element_type=\"widget\" data-widget_type=\"image.default\">\n\t\t\t\t<div class=\"elementor-widget-container\">\n\t\t\t\t\t\t\t\t\t\t\t\t\t\t\t<img decoding=\"async\" width=\"1920\" height=\"1080\" src=\"https:\/\/www.mokivape.com\/wp-content\/uploads\/M40_b_3.webp\" class=\"attachment-full size-full wp-image-8238\" alt=\"MOKI MK40 Nikotin Salz offen Pod Vape Kits\" srcset=\"https:\/\/www.mokivape.com\/wp-content\/uploads\/M40_b_3.webp 1920w, https:\/\/www.mokivape.com\/wp-content\/uploads\/M40_b_3-768x432.webp 768w, https:\/\/www.mokivape.com\/wp-content\/uploads\/M40_b_3-1536x864.webp 1536w, https:\/\/www.mokivape.com\/wp-content\/uploads\/M40_b_3-18x10.webp 18w, https:\/\/www.mokivape.com\/wp-content\/uploads\/M40_b_3-600x338.webp 600w\" sizes=\"(max-width: 1920px) 100vw, 1920px\" \/>\t\t\t\t\t\t\t\t\t\t\t\t\t\t\t<\/div>\n\t\t\t\t<\/div>\n\t\t\t\t<div class=\"elementor-element elementor-element-04b8749 elementor-widget elementor-widget-image\" data-id=\"04b8749\" data-element_type=\"widget\" data-widget_type=\"image.default\">\n\t\t\t\t<div class=\"elementor-widget-container\">\n\t\t\t\t\t\t\t\t\t\t\t\t\t\t\t<img loading=\"lazy\" decoding=\"async\" width=\"1920\" height=\"1080\" src=\"https:\/\/www.mokivape.com\/wp-content\/uploads\/M40_b_4.webp\" class=\"attachment-full size-full wp-image-8239\" alt=\"MOKI MK40 Nikotin Salz offen Pod Vape Kits\" srcset=\"https:\/\/www.mokivape.com\/wp-content\/uploads\/M40_b_4.webp 1920w, https:\/\/www.mokivape.com\/wp-content\/uploads\/M40_b_4-768x432.webp 768w, https:\/\/www.mokivape.com\/wp-content\/uploads\/M40_b_4-1536x864.webp 1536w, https:\/\/www.mokivape.com\/wp-content\/uploads\/M40_b_4-18x10.webp 18w, https:\/\/www.mokivape.com\/wp-content\/uploads\/M40_b_4-600x338.webp 600w\" sizes=\"(max-width: 1920px) 100vw, 1920px\" \/>\t\t\t\t\t\t\t\t\t\t\t\t\t\t\t<\/div>\n\t\t\t\t<\/div>\n\t\t\t\t<\/div>\n\t\t\t\t<\/div>","protected":false},"excerpt":{"rendered":"<p>MOKI Nicotine Salt Open Pod Vape Kits MK-M40 ist vielseitig und effizient vaping Ger\u00e4te aus der Open Pod Serie. Diese Pod-Kits ist f\u00fcr Nikotinsalz e-Fl\u00fcssigkeiten zugeschnitten und bietet eine 2,5 ml Kapazit\u00e4t und eine 1,0-1,25 Ohm Mesh-Spule f\u00fcr optimale Verdampfung und Geschmack. Die kompakte Gr\u00f6\u00dfe von 22,9*14,2*89,7mm und der 280mAh-Akku garantieren Tragbarkeit und ganzt\u00e4gigen Gebrauch. Aufladen mit dem praktischen Typ-C-Anschluss.<\/p>\n<p>Konstruiert mit einfarbigem Kunststoff und einem Patch, diese hochwertige, hei\u00dfer Verkauf Pod-Kits unterst\u00fctzen OEM und ODM, eine Made-to-Order-Option von einem vertrauensw\u00fcrdigen Hersteller und Lieferanten MOKI bietet. Befriedigen Sie Ihr Verlangen nach Nikotin mit dem MOKI Open Pod Vape Kits MK-M40, eine werkseitig hergestellte L\u00f6sung f\u00fcr vorgef\u00fcllte Vape Pod-Enthusiasten.<\/p>","protected":false},"featured_media":8154,"comment_status":"open","ping_status":"closed","template":"","meta":[],"product_brand":[],"product_cat":[16],"product_tag":[121,122,123],"class_list":{"0":"post-1416","1":"product","2":"type-product","3":"status-publish","4":"has-post-thumbnail","6":"product_cat-pod-kits-refillable-open-pods-cartridge-oem","7":"product_tag-open-pod","8":"product_tag-pod-kits","9":"product_tag-vape-kits","11":"first","12":"instock","13":"shipping-taxable","14":"product-type-simple"},"_links":{"self":[{"href":"https:\/\/www.mokivape.com\/de\/wp-json\/wp\/v2\/product\/1416","targetHints":{"allow":["GET"]}}],"collection":[{"href":"https:\/\/www.mokivape.com\/de\/wp-json\/wp\/v2\/product"}],"about":[{"href":"https:\/\/www.mokivape.com\/de\/wp-json\/wp\/v2\/types\/product"}],"replies":[{"embeddable":true,"href":"https:\/\/www.mokivape.com\/de\/wp-json\/wp\/v2\/comments?post=1416"}],"version-history":[{"count":0,"href":"https:\/\/www.mokivape.com\/de\/wp-json\/wp\/v2\/product\/1416\/revisions"}],"wp:featuredmedia":[{"embeddable":true,"href":"https:\/\/www.mokivape.com\/de\/wp-json\/wp\/v2\/media\/8154"}],"wp:attachment":[{"href":"https:\/\/www.mokivape.com\/de\/wp-json\/wp\/v2\/media?parent=1416"}],"wp:term":[{"taxonomy":"product_brand","embeddable":true,"href":"https:\/\/www.mokivape.com\/de\/wp-json\/wp\/v2\/product_brand?post=1416"},{"taxonomy":"product_cat","embeddable":true,"href":"https:\/\/www.mokivape.com\/de\/wp-json\/wp\/v2\/product_cat?post=1416"},{"taxonomy":"product_tag","embeddable":true,"href":"https:\/\/www.mokivape.com\/de\/wp-json\/wp\/v2\/product_tag?post=1416"}],"curies":[{"name":"wp","href":"https:\/\/api.w.org\/{rel}","templated":true}]}}