{"id":1413,"date":"2024-04-17T09:13:12","date_gmt":"2024-04-17T09:13:12","guid":{"rendered":"https:\/\/www.mokiecig.com\/?post_type=product&#038;p=1413"},"modified":"2025-01-03T06:30:52","modified_gmt":"2025-01-03T06:30:52","slug":"m33-coffee-cup-prefilled-vape-pod","status":"publish","type":"product","link":"https:\/\/www.mokivape.com\/de\/produkt\/m33-kaffeetasse-vorgefullte-vape-pod\/","title":{"rendered":"MK-M33 Kaffeetasse vorgef\u00fcllte Vape Pod"},"content":{"rendered":"<div data-elementor-type=\"product-post\" data-elementor-id=\"1413\" class=\"elementor elementor-1413\" data-elementor-post-type=\"product\">\n\t\t\t\t<div class=\"elementor-element elementor-element-60f3b16 e-con-full e-flex e-con e-parent\" data-id=\"60f3b16\" data-element_type=\"container\">\n\t\t\t\t<div class=\"elementor-element elementor-element-dce710f elementor-widget elementor-widget-heading\" data-id=\"dce710f\" data-element_type=\"widget\" data-widget_type=\"heading.default\">\n\t\t\t\t<div class=\"elementor-widget-container\">\n\t\t\t\t\t<h2 class=\"elementor-heading-title elementor-size-default\">MK-M33 Kaffeetasse vorgef\u00fcllte Vape Pod<\/h2>\t\t\t\t<\/div>\n\t\t\t\t<\/div>\n\t\t\t\t<div class=\"elementor-element elementor-element-3a2ba06 elementor-widget elementor-widget-html\" data-id=\"3a2ba06\" data-element_type=\"widget\" data-widget_type=\"html.default\">\n\t\t\t\t<div class=\"elementor-widget-container\">\n\t\t\t\t\t<table><tbody><tr><td>Widerstand<\/td><td>1.1ohm<\/td><td>Gr\u00f6\u00dfe<\/td><td>87.97*48*35.26mm<\/td><\/tr><tr><td>E-Fl\u00fcssigkeitskapazit\u00e4t<\/td><td>8mL<\/td><td>Batteriekapazit\u00e4t<\/td><td>500mAh<\/td><\/tr><tr><td>Wiederaufladbar<\/td><td>Typ-C<\/td><td>Heizdraht<\/td><td>Maschenspule<\/td><\/tr><tr><td>Material<\/td><td colspan=\"3\">einzelne Farbe Kunststoff+Silikon Drip Tip<\/td><\/tr><\/tbody><\/table>\t\t\t\t<\/div>\n\t\t\t\t<\/div>\n\t\t\t\t<div class=\"elementor-element elementor-element-1ab7059 elementor-widget elementor-widget-image\" data-id=\"1ab7059\" data-element_type=\"widget\" data-widget_type=\"image.default\">\n\t\t\t\t<div class=\"elementor-widget-container\">\n\t\t\t\t\t\t\t\t\t\t\t\t\t\t\t<img fetchpriority=\"high\" decoding=\"async\" width=\"1920\" height=\"1080\" src=\"https:\/\/www.mokivape.com\/wp-content\/uploads\/M33_b_1.webp\" class=\"attachment-full size-full wp-image-8260\" alt=\"M33 Cup-f\u00f6rmige Vape Ger\u00e4t\" srcset=\"https:\/\/www.mokivape.com\/wp-content\/uploads\/M33_b_1.webp 1920w, https:\/\/www.mokivape.com\/wp-content\/uploads\/M33_b_1-768x432.webp 768w, https:\/\/www.mokivape.com\/wp-content\/uploads\/M33_b_1-1536x864.webp 1536w, https:\/\/www.mokivape.com\/wp-content\/uploads\/M33_b_1-18x10.webp 18w, https:\/\/www.mokivape.com\/wp-content\/uploads\/M33_b_1-600x338.webp 600w\" sizes=\"(max-width: 1920px) 100vw, 1920px\" \/>\t\t\t\t\t\t\t\t\t\t\t\t\t\t\t<\/div>\n\t\t\t\t<\/div>\n\t\t\t\t<div class=\"elementor-element elementor-element-6daae96 elementor-widget elementor-widget-image\" data-id=\"6daae96\" data-element_type=\"widget\" data-widget_type=\"image.default\">\n\t\t\t\t<div class=\"elementor-widget-container\">\n\t\t\t\t\t\t\t\t\t\t\t\t\t\t\t<img decoding=\"async\" width=\"1920\" height=\"1080\" src=\"https:\/\/www.mokivape.com\/wp-content\/uploads\/M33_b_2.webp\" class=\"attachment-full size-full wp-image-8261\" alt=\"M33 Cup-f\u00f6rmige Vape Ger\u00e4t\" srcset=\"https:\/\/www.mokivape.com\/wp-content\/uploads\/M33_b_2.webp 1920w, https:\/\/www.mokivape.com\/wp-content\/uploads\/M33_b_2-768x432.webp 768w, https:\/\/www.mokivape.com\/wp-content\/uploads\/M33_b_2-1536x864.webp 1536w, https:\/\/www.mokivape.com\/wp-content\/uploads\/M33_b_2-18x10.webp 18w, https:\/\/www.mokivape.com\/wp-content\/uploads\/M33_b_2-600x338.webp 600w\" sizes=\"(max-width: 1920px) 100vw, 1920px\" \/>\t\t\t\t\t\t\t\t\t\t\t\t\t\t\t<\/div>\n\t\t\t\t<\/div>\n\t\t\t\t<div class=\"elementor-element elementor-element-1ca15a9 elementor-widget elementor-widget-image\" data-id=\"1ca15a9\" data-element_type=\"widget\" data-widget_type=\"image.default\">\n\t\t\t\t<div class=\"elementor-widget-container\">\n\t\t\t\t\t\t\t\t\t\t\t\t\t\t\t<img decoding=\"async\" width=\"1920\" height=\"1080\" src=\"https:\/\/www.mokivape.com\/wp-content\/uploads\/M33_b_3.webp\" class=\"attachment-full size-full wp-image-8262\" alt=\"M33 Cup-f\u00f6rmige Vape Ger\u00e4t\" srcset=\"https:\/\/www.mokivape.com\/wp-content\/uploads\/M33_b_3.webp 1920w, https:\/\/www.mokivape.com\/wp-content\/uploads\/M33_b_3-768x432.webp 768w, https:\/\/www.mokivape.com\/wp-content\/uploads\/M33_b_3-1536x864.webp 1536w, https:\/\/www.mokivape.com\/wp-content\/uploads\/M33_b_3-18x10.webp 18w, https:\/\/www.mokivape.com\/wp-content\/uploads\/M33_b_3-600x338.webp 600w\" sizes=\"(max-width: 1920px) 100vw, 1920px\" \/>\t\t\t\t\t\t\t\t\t\t\t\t\t\t\t<\/div>\n\t\t\t\t<\/div>\n\t\t\t\t<div class=\"elementor-element elementor-element-6befdda elementor-widget elementor-widget-image\" data-id=\"6befdda\" data-element_type=\"widget\" data-widget_type=\"image.default\">\n\t\t\t\t<div class=\"elementor-widget-container\">\n\t\t\t\t\t\t\t\t\t\t\t\t\t\t\t<img loading=\"lazy\" decoding=\"async\" width=\"1920\" height=\"1080\" src=\"https:\/\/www.mokivape.com\/wp-content\/uploads\/M33_b_4.webp\" class=\"attachment-full size-full wp-image-8263\" alt=\"M33 Cup-f\u00f6rmige Vape Ger\u00e4t\" srcset=\"https:\/\/www.mokivape.com\/wp-content\/uploads\/M33_b_4.webp 1920w, https:\/\/www.mokivape.com\/wp-content\/uploads\/M33_b_4-768x432.webp 768w, https:\/\/www.mokivape.com\/wp-content\/uploads\/M33_b_4-1536x864.webp 1536w, https:\/\/www.mokivape.com\/wp-content\/uploads\/M33_b_4-18x10.webp 18w, https:\/\/www.mokivape.com\/wp-content\/uploads\/M33_b_4-600x338.webp 600w\" sizes=\"(max-width: 1920px) 100vw, 1920px\" \/>\t\t\t\t\t\t\t\t\t\t\t\t\t\t\t<\/div>\n\t\t\t\t<\/div>\n\t\t\t\t<div class=\"elementor-element elementor-element-7246cc8 elementor-widget elementor-widget-image\" data-id=\"7246cc8\" data-element_type=\"widget\" data-widget_type=\"image.default\">\n\t\t\t\t<div class=\"elementor-widget-container\">\n\t\t\t\t\t\t\t\t\t\t\t\t\t\t\t<img loading=\"lazy\" decoding=\"async\" width=\"1920\" height=\"1080\" src=\"https:\/\/www.mokivape.com\/wp-content\/uploads\/M33_b_5.webp\" class=\"attachment-full size-full wp-image-8264\" alt=\"M33 Cup-f\u00f6rmige Vape Ger\u00e4t\" srcset=\"https:\/\/www.mokivape.com\/wp-content\/uploads\/M33_b_5.webp 1920w, https:\/\/www.mokivape.com\/wp-content\/uploads\/M33_b_5-768x432.webp 768w, https:\/\/www.mokivape.com\/wp-content\/uploads\/M33_b_5-1536x864.webp 1536w, https:\/\/www.mokivape.com\/wp-content\/uploads\/M33_b_5-18x10.webp 18w, https:\/\/www.mokivape.com\/wp-content\/uploads\/M33_b_5-600x338.webp 600w\" sizes=\"(max-width: 1920px) 100vw, 1920px\" \/>\t\t\t\t\t\t\t\t\t\t\t\t\t\t\t<\/div>\n\t\t\t\t<\/div>\n\t\t\t\t<div class=\"elementor-element elementor-element-5bcb192 elementor-widget elementor-widget-image\" data-id=\"5bcb192\" data-element_type=\"widget\" data-widget_type=\"image.default\">\n\t\t\t\t<div class=\"elementor-widget-container\">\n\t\t\t\t\t\t\t\t\t\t\t\t\t\t\t<img loading=\"lazy\" decoding=\"async\" width=\"1920\" height=\"1080\" src=\"https:\/\/www.mokivape.com\/wp-content\/uploads\/M33_b_06.webp\" class=\"attachment-full size-full wp-image-8265\" alt=\"M33 Cup-f\u00f6rmige Vape Ger\u00e4t\" srcset=\"https:\/\/www.mokivape.com\/wp-content\/uploads\/M33_b_06.webp 1920w, https:\/\/www.mokivape.com\/wp-content\/uploads\/M33_b_06-768x432.webp 768w, https:\/\/www.mokivape.com\/wp-content\/uploads\/M33_b_06-1536x864.webp 1536w, https:\/\/www.mokivape.com\/wp-content\/uploads\/M33_b_06-18x10.webp 18w, https:\/\/www.mokivape.com\/wp-content\/uploads\/M33_b_06-600x338.webp 600w\" sizes=\"(max-width: 1920px) 100vw, 1920px\" \/>\t\t\t\t\t\t\t\t\t\t\t\t\t\t\t<\/div>\n\t\t\t\t<\/div>\n\t\t\t\t<div class=\"elementor-element elementor-element-37447f1 elementor-widget elementor-widget-image\" data-id=\"37447f1\" data-element_type=\"widget\" data-widget_type=\"image.default\">\n\t\t\t\t<div class=\"elementor-widget-container\">\n\t\t\t\t\t\t\t\t\t\t\t\t\t\t\t<img loading=\"lazy\" decoding=\"async\" width=\"1920\" height=\"1080\" src=\"https:\/\/www.mokivape.com\/wp-content\/uploads\/M33_b_07.webp\" class=\"attachment-full size-full wp-image-8266\" alt=\"M33 Cup-f\u00f6rmige Vape Ger\u00e4t\" srcset=\"https:\/\/www.mokivape.com\/wp-content\/uploads\/M33_b_07.webp 1920w, https:\/\/www.mokivape.com\/wp-content\/uploads\/M33_b_07-768x432.webp 768w, https:\/\/www.mokivape.com\/wp-content\/uploads\/M33_b_07-1536x864.webp 1536w, https:\/\/www.mokivape.com\/wp-content\/uploads\/M33_b_07-18x10.webp 18w, https:\/\/www.mokivape.com\/wp-content\/uploads\/M33_b_07-600x338.webp 600w\" sizes=\"(max-width: 1920px) 100vw, 1920px\" \/>\t\t\t\t\t\t\t\t\t\t\t\t\t\t\t<\/div>\n\t\t\t\t<\/div>\n\t\t\t\t<\/div>\n\t\t\t\t<\/div>","protected":false},"excerpt":{"rendered":"<p>MOKI Coffee Cup Prefilled Vape Pod MK-M33 ist ein einzigartiges geschlossenes Pod-System f\u00fcr eine Kaffeetasse \u00c4sthetik entwickelt. Dieses 87.97*48*35.26mm Ger\u00e4t bietet einen 500mAh Akku und eine 1.1ohm Mesh-Spule f\u00fcr konsistenten Dampf und Geschmack. Mit einer 8mL vorgef\u00fcllten e-Liquid-Kapazit\u00e4t ist das MK-M33 sofort einsatzbereit. Aufladen mit dem Typ-C-Anschluss f\u00fcr zus\u00e4tzlichen Komfort. Hergestellt aus einfarbigem Kunststoff mit einem Silikon-Drip-Tip, diese hochwertige, hei\u00dfer Verkauf vape bar Unterst\u00fctzung OEM und ODM, die eine Made-to-Order-Option von einem vertrauensw\u00fcrdigen Hersteller und Lieferanten - MOKI. Erleben Sie die k\u00fchle Minze vape und puff bar Ger\u00e4te mit dem MONI Coffee Cup Vape Box, ein Einweg-e-Pen, die sowohl stilvoll und funktional ist.<\/p>","protected":false},"featured_media":8151,"comment_status":"open","ping_status":"closed","template":"","meta":[],"product_brand":[],"product_cat":[16],"product_tag":[],"class_list":{"0":"post-1413","1":"product","2":"type-product","3":"status-publish","4":"has-post-thumbnail","6":"product_cat-pod-kits-refillable-open-pods-cartridge-oem","8":"first","9":"instock","10":"shipping-taxable","11":"product-type-simple"},"_links":{"self":[{"href":"https:\/\/www.mokivape.com\/de\/wp-json\/wp\/v2\/product\/1413","targetHints":{"allow":["GET"]}}],"collection":[{"href":"https:\/\/www.mokivape.com\/de\/wp-json\/wp\/v2\/product"}],"about":[{"href":"https:\/\/www.mokivape.com\/de\/wp-json\/wp\/v2\/types\/product"}],"replies":[{"embeddable":true,"href":"https:\/\/www.mokivape.com\/de\/wp-json\/wp\/v2\/comments?post=1413"}],"version-history":[{"count":0,"href":"https:\/\/www.mokivape.com\/de\/wp-json\/wp\/v2\/product\/1413\/revisions"}],"wp:featuredmedia":[{"embeddable":true,"href":"https:\/\/www.mokivape.com\/de\/wp-json\/wp\/v2\/media\/8151"}],"wp:attachment":[{"href":"https:\/\/www.mokivape.com\/de\/wp-json\/wp\/v2\/media?parent=1413"}],"wp:term":[{"taxonomy":"product_brand","embeddable":true,"href":"https:\/\/www.mokivape.com\/de\/wp-json\/wp\/v2\/product_brand?post=1413"},{"taxonomy":"product_cat","embeddable":true,"href":"https:\/\/www.mokivape.com\/de\/wp-json\/wp\/v2\/product_cat?post=1413"},{"taxonomy":"product_tag","embeddable":true,"href":"https:\/\/www.mokivape.com\/de\/wp-json\/wp\/v2\/product_tag?post=1413"}],"curies":[{"name":"wp","href":"https:\/\/api.w.org\/{rel}","templated":true}]}}