{"id":1412,"date":"2024-04-17T09:12:44","date_gmt":"2024-04-17T09:12:44","guid":{"rendered":"https:\/\/www.mokiecig.com\/?post_type=product&#038;p=1412"},"modified":"2025-01-03T06:32:40","modified_gmt":"2025-01-03T06:32:40","slug":"m19-dual-ceramic-coil-fruit-flavor-vape","status":"publish","type":"product","link":"https:\/\/www.mokivape.com\/de\/produkt\/m19-dual-keramik-spule-fruchtgeschmack-vape\/","title":{"rendered":"MK-M19 Dual Keramik Spule Vape Fruchtgeschmack Vape"},"content":{"rendered":"<div data-elementor-type=\"product-post\" data-elementor-id=\"1412\" class=\"elementor elementor-1412\" data-elementor-post-type=\"product\">\n\t\t\t\t<div class=\"elementor-element elementor-element-d6616b8 e-con-full e-flex e-con e-parent\" data-id=\"d6616b8\" data-element_type=\"container\">\n\t\t\t\t<div class=\"elementor-element elementor-element-0bf1642 elementor-widget elementor-widget-heading\" data-id=\"0bf1642\" data-element_type=\"widget\" data-widget_type=\"heading.default\">\n\t\t\t\t<div class=\"elementor-widget-container\">\n\t\t\t\t\t<h2 class=\"elementor-heading-title elementor-size-default\">MK-M19 Dual Keramik Spule Vape Fruchtgeschmack Vape<\/h2>\t\t\t\t<\/div>\n\t\t\t\t<\/div>\n\t\t\t\t<div class=\"elementor-element elementor-element-af7debc elementor-widget elementor-widget-html\" data-id=\"af7debc\" data-element_type=\"widget\" data-widget_type=\"html.default\">\n\t\t\t\t<div class=\"elementor-widget-container\">\n\t\t\t\t\t<table><tbody><tr><td>Widerstand<\/td><td>1.0ohm<\/td><td>Gr\u00f6\u00dfe<\/td><td>91*51.2*27mm<\/td><\/tr><tr><td>E-Fl\u00fcssigkeit Kapazit\u00e4t<\/td><td>15mL<\/td><td>Batteriekapazit\u00e4t<\/td><td>650mAh<\/td><\/tr><tr><td>Wiederaufladbar<\/td><td>Typ-C<\/td><td>Heizdraht<\/td><td>Maschenspule<\/td><\/tr><tr><td>Material<\/td><td colspan=\"3\">Einfarbiger Kunststoff + transluzenter Kunststoff von Mod<\/td><\/tr><\/tbody><\/table>\t\t\t\t<\/div>\n\t\t\t\t<\/div>\n\t\t\t\t<div class=\"elementor-element elementor-element-0e82c95 elementor-widget elementor-widget-image\" data-id=\"0e82c95\" data-element_type=\"widget\" data-widget_type=\"image.default\">\n\t\t\t\t<div class=\"elementor-widget-container\">\n\t\t\t\t\t\t\t\t\t\t\t\t\t\t\t<img fetchpriority=\"high\" decoding=\"async\" width=\"1920\" height=\"1080\" src=\"https:\/\/www.mokivape.com\/wp-content\/uploads\/M19_b_1.webp\" class=\"attachment-full size-full wp-image-8270\" alt=\"M19 Doppelspule Mint Vape\" srcset=\"https:\/\/www.mokivape.com\/wp-content\/uploads\/M19_b_1.webp 1920w, https:\/\/www.mokivape.com\/wp-content\/uploads\/M19_b_1-768x432.webp 768w, https:\/\/www.mokivape.com\/wp-content\/uploads\/M19_b_1-1536x864.webp 1536w, https:\/\/www.mokivape.com\/wp-content\/uploads\/M19_b_1-18x10.webp 18w, https:\/\/www.mokivape.com\/wp-content\/uploads\/M19_b_1-600x338.webp 600w\" sizes=\"(max-width: 1920px) 100vw, 1920px\" \/>\t\t\t\t\t\t\t\t\t\t\t\t\t\t\t<\/div>\n\t\t\t\t<\/div>\n\t\t\t\t<div class=\"elementor-element elementor-element-9e82be3 elementor-widget elementor-widget-image\" data-id=\"9e82be3\" data-element_type=\"widget\" data-widget_type=\"image.default\">\n\t\t\t\t<div class=\"elementor-widget-container\">\n\t\t\t\t\t\t\t\t\t\t\t\t\t\t\t<img decoding=\"async\" width=\"1920\" height=\"1080\" src=\"https:\/\/www.mokivape.com\/wp-content\/uploads\/M19_b_2.webp\" class=\"attachment-full size-full wp-image-8271\" alt=\"M19 Doppelspule Mint Vape\" srcset=\"https:\/\/www.mokivape.com\/wp-content\/uploads\/M19_b_2.webp 1920w, https:\/\/www.mokivape.com\/wp-content\/uploads\/M19_b_2-768x432.webp 768w, https:\/\/www.mokivape.com\/wp-content\/uploads\/M19_b_2-1536x864.webp 1536w, https:\/\/www.mokivape.com\/wp-content\/uploads\/M19_b_2-18x10.webp 18w, https:\/\/www.mokivape.com\/wp-content\/uploads\/M19_b_2-600x338.webp 600w\" sizes=\"(max-width: 1920px) 100vw, 1920px\" \/>\t\t\t\t\t\t\t\t\t\t\t\t\t\t\t<\/div>\n\t\t\t\t<\/div>\n\t\t\t\t<div class=\"elementor-element elementor-element-18d11db elementor-widget elementor-widget-image\" data-id=\"18d11db\" data-element_type=\"widget\" data-widget_type=\"image.default\">\n\t\t\t\t<div class=\"elementor-widget-container\">\n\t\t\t\t\t\t\t\t\t\t\t\t\t\t\t<img decoding=\"async\" width=\"1920\" height=\"1080\" src=\"https:\/\/www.mokivape.com\/wp-content\/uploads\/M19_b_3.webp\" class=\"attachment-full size-full wp-image-8272\" alt=\"M19 Doppelspule Mint Vape\" srcset=\"https:\/\/www.mokivape.com\/wp-content\/uploads\/M19_b_3.webp 1920w, https:\/\/www.mokivape.com\/wp-content\/uploads\/M19_b_3-768x432.webp 768w, https:\/\/www.mokivape.com\/wp-content\/uploads\/M19_b_3-1536x864.webp 1536w, https:\/\/www.mokivape.com\/wp-content\/uploads\/M19_b_3-18x10.webp 18w, https:\/\/www.mokivape.com\/wp-content\/uploads\/M19_b_3-600x338.webp 600w\" sizes=\"(max-width: 1920px) 100vw, 1920px\" \/>\t\t\t\t\t\t\t\t\t\t\t\t\t\t\t<\/div>\n\t\t\t\t<\/div>\n\t\t\t\t<div class=\"elementor-element elementor-element-f397d9f elementor-widget elementor-widget-image\" data-id=\"f397d9f\" data-element_type=\"widget\" data-widget_type=\"image.default\">\n\t\t\t\t<div class=\"elementor-widget-container\">\n\t\t\t\t\t\t\t\t\t\t\t\t\t\t\t<img loading=\"lazy\" decoding=\"async\" width=\"1920\" height=\"1080\" src=\"https:\/\/www.mokivape.com\/wp-content\/uploads\/M19_b_4.webp\" class=\"attachment-full size-full wp-image-8273\" alt=\"M19 Doppelspule Mint Vape\" srcset=\"https:\/\/www.mokivape.com\/wp-content\/uploads\/M19_b_4.webp 1920w, https:\/\/www.mokivape.com\/wp-content\/uploads\/M19_b_4-768x432.webp 768w, https:\/\/www.mokivape.com\/wp-content\/uploads\/M19_b_4-1536x864.webp 1536w, https:\/\/www.mokivape.com\/wp-content\/uploads\/M19_b_4-18x10.webp 18w, https:\/\/www.mokivape.com\/wp-content\/uploads\/M19_b_4-600x338.webp 600w\" sizes=\"(max-width: 1920px) 100vw, 1920px\" \/>\t\t\t\t\t\t\t\t\t\t\t\t\t\t\t<\/div>\n\t\t\t\t<\/div>\n\t\t\t\t<div class=\"elementor-element elementor-element-a3f6542 elementor-widget elementor-widget-image\" data-id=\"a3f6542\" data-element_type=\"widget\" data-widget_type=\"image.default\">\n\t\t\t\t<div class=\"elementor-widget-container\">\n\t\t\t\t\t\t\t\t\t\t\t\t\t\t\t<img loading=\"lazy\" decoding=\"async\" width=\"1920\" height=\"1080\" src=\"https:\/\/www.mokivape.com\/wp-content\/uploads\/M19_b_5.webp\" class=\"attachment-full size-full wp-image-8274\" alt=\"M19 Doppelspule Mint Vape\" srcset=\"https:\/\/www.mokivape.com\/wp-content\/uploads\/M19_b_5.webp 1920w, https:\/\/www.mokivape.com\/wp-content\/uploads\/M19_b_5-768x432.webp 768w, https:\/\/www.mokivape.com\/wp-content\/uploads\/M19_b_5-1536x864.webp 1536w, https:\/\/www.mokivape.com\/wp-content\/uploads\/M19_b_5-18x10.webp 18w, https:\/\/www.mokivape.com\/wp-content\/uploads\/M19_b_5-600x338.webp 600w\" sizes=\"(max-width: 1920px) 100vw, 1920px\" \/>\t\t\t\t\t\t\t\t\t\t\t\t\t\t\t<\/div>\n\t\t\t\t<\/div>\n\t\t\t\t<\/div>\n\t\t\t\t<\/div>","protected":false},"excerpt":{"rendered":"<p>MOKI Dual Ceramic Coil Vape Fruit Flavor Vape MK-M19 ist ein Premium-Wegwerfdampfer, der ein Hit auf dem Markt ist. Dieses Ger\u00e4t ist mit einem 650mAh Akku verpackt und verf\u00fcgt \u00fcber eine 1,0 Ohm Mesh-Spule f\u00fcr robuste Dampf und reichen Fruchtaromen.<br \/>\nMit einer gro\u00dfz\u00fcgigen Kapazit\u00e4t von 15 ml e-Fl\u00fcssigkeit ist er perfekt f\u00fcr den ganzt\u00e4gigen Gebrauch. Schnelles Aufladen \u00fcber Typ-C. Mit den Ma\u00dfen 91*51,2*27 mm ist er aus einer Mischung aus einfarbigem und durchsichtigem Kunststoff gefertigt und sieht elegant aus.<br \/>\nMK-M19 Unterst\u00fctzung f\u00fcr OEM-und ODM, diese vaping Ger\u00e4t ist ein White-Label-Vape Bar Herstellung Meisterwerk, es ist von der made-to-order-Option Anbieter und Hersteller - MOKI.<\/p>","protected":false},"featured_media":8150,"comment_status":"open","ping_status":"closed","template":"","meta":[],"product_brand":[],"product_cat":[16,32],"product_tag":[],"class_list":{"0":"post-1412","1":"product","2":"type-product","3":"status-publish","4":"has-post-thumbnail","6":"product_cat-pod-kits-refillable-open-pods-cartridge-oem","7":"product_cat-ceramic-coil-vape-pod-kits-fruit-flavor-ecigarette","9":"first","10":"instock","11":"shipping-taxable","12":"product-type-simple"},"_links":{"self":[{"href":"https:\/\/www.mokivape.com\/de\/wp-json\/wp\/v2\/product\/1412","targetHints":{"allow":["GET"]}}],"collection":[{"href":"https:\/\/www.mokivape.com\/de\/wp-json\/wp\/v2\/product"}],"about":[{"href":"https:\/\/www.mokivape.com\/de\/wp-json\/wp\/v2\/types\/product"}],"replies":[{"embeddable":true,"href":"https:\/\/www.mokivape.com\/de\/wp-json\/wp\/v2\/comments?post=1412"}],"version-history":[{"count":0,"href":"https:\/\/www.mokivape.com\/de\/wp-json\/wp\/v2\/product\/1412\/revisions"}],"wp:featuredmedia":[{"embeddable":true,"href":"https:\/\/www.mokivape.com\/de\/wp-json\/wp\/v2\/media\/8150"}],"wp:attachment":[{"href":"https:\/\/www.mokivape.com\/de\/wp-json\/wp\/v2\/media?parent=1412"}],"wp:term":[{"taxonomy":"product_brand","embeddable":true,"href":"https:\/\/www.mokivape.com\/de\/wp-json\/wp\/v2\/product_brand?post=1412"},{"taxonomy":"product_cat","embeddable":true,"href":"https:\/\/www.mokivape.com\/de\/wp-json\/wp\/v2\/product_cat?post=1412"},{"taxonomy":"product_tag","embeddable":true,"href":"https:\/\/www.mokivape.com\/de\/wp-json\/wp\/v2\/product_tag?post=1412"}],"curies":[{"name":"wp","href":"https:\/\/api.w.org\/{rel}","templated":true}]}}