{"id":1411,"date":"2024-04-17T09:12:13","date_gmt":"2024-04-17T09:12:13","guid":{"rendered":"https:\/\/www.mokiecig.com\/?post_type=product&#038;p=1411"},"modified":"2025-01-03T06:35:25","modified_gmt":"2025-01-03T06:35:25","slug":"m16-fruit-flavor-electronic-cigarette","status":"publish","type":"product","link":"https:\/\/www.mokivape.com\/de\/produkt\/m16-fruchtgeschmack-elektronische-zigarette\/","title":{"rendered":"MK-M16 Fruchtgeschmack elektronische Zigarette"},"content":{"rendered":"<div data-elementor-type=\"product-post\" data-elementor-id=\"1411\" class=\"elementor elementor-1411\" data-elementor-post-type=\"product\">\n\t\t\t\t<div class=\"elementor-element elementor-element-529a4eb e-con-full e-flex e-con e-parent\" data-id=\"529a4eb\" data-element_type=\"container\">\n\t\t\t\t<div class=\"elementor-element elementor-element-770b0f0 elementor-widget elementor-widget-heading\" data-id=\"770b0f0\" data-element_type=\"widget\" data-widget_type=\"heading.default\">\n\t\t\t\t<div class=\"elementor-widget-container\">\n\t\t\t\t\t<h2 class=\"elementor-heading-title elementor-size-default\">MK-M16 Fruchtgeschmack elektronische Zigarette<\/h2>\t\t\t\t<\/div>\n\t\t\t\t<\/div>\n\t\t\t\t<div class=\"elementor-element elementor-element-4d9fb7e elementor-widget elementor-widget-html\" data-id=\"4d9fb7e\" data-element_type=\"widget\" data-widget_type=\"html.default\">\n\t\t\t\t<div class=\"elementor-widget-container\">\n\t\t\t\t\t<table><tbody><tr><td>Widerstand<\/td><td>1.0ohm<\/td><td>Gr\u00f6\u00dfe<\/td><td>104*35*26mm<\/td><\/tr><tr><td>E-Fl\u00fcssigkeitskapazit\u00e4t<\/td><td>12mL<\/td><td>Batteriekapazit\u00e4t<\/td><td>550mAh<\/td><\/tr><tr><td>Wiederaufladbar<\/td><td>Typ-C<\/td><td>Heizdraht<\/td><td>Maschenspule<\/td><\/tr><tr><td>Material<\/td><td colspan=\"3\">Einfarbig Kunststoff+Leder<\/td><\/tr><\/tbody><\/table>\t\t\t\t<\/div>\n\t\t\t\t<\/div>\n\t\t\t\t<div class=\"elementor-element elementor-element-725aa99 elementor-widget elementor-widget-image\" data-id=\"725aa99\" data-element_type=\"widget\" data-widget_type=\"image.default\">\n\t\t\t\t<div class=\"elementor-widget-container\">\n\t\t\t\t\t\t\t\t\t\t\t\t\t\t\t<img fetchpriority=\"high\" decoding=\"async\" width=\"1920\" height=\"1080\" src=\"https:\/\/www.mokivape.com\/wp-content\/uploads\/M16_b_1.webp\" class=\"attachment-full size-full wp-image-8278\" alt=\"M16 Nikotinfreier Puff-Riegel\" srcset=\"https:\/\/www.mokivape.com\/wp-content\/uploads\/M16_b_1.webp 1920w, https:\/\/www.mokivape.com\/wp-content\/uploads\/M16_b_1-768x432.webp 768w, https:\/\/www.mokivape.com\/wp-content\/uploads\/M16_b_1-1536x864.webp 1536w, https:\/\/www.mokivape.com\/wp-content\/uploads\/M16_b_1-18x10.webp 18w, https:\/\/www.mokivape.com\/wp-content\/uploads\/M16_b_1-600x338.webp 600w\" sizes=\"(max-width: 1920px) 100vw, 1920px\" \/>\t\t\t\t\t\t\t\t\t\t\t\t\t\t\t<\/div>\n\t\t\t\t<\/div>\n\t\t\t\t<div class=\"elementor-element elementor-element-f03b413 elementor-widget elementor-widget-image\" data-id=\"f03b413\" data-element_type=\"widget\" data-widget_type=\"image.default\">\n\t\t\t\t<div class=\"elementor-widget-container\">\n\t\t\t\t\t\t\t\t\t\t\t\t\t\t\t<img decoding=\"async\" width=\"1920\" height=\"1080\" src=\"https:\/\/www.mokivape.com\/wp-content\/uploads\/M16_b_2.webp\" class=\"attachment-full size-full wp-image-8279\" alt=\"M16 Nikotinfreier Puff-Riegel\" srcset=\"https:\/\/www.mokivape.com\/wp-content\/uploads\/M16_b_2.webp 1920w, https:\/\/www.mokivape.com\/wp-content\/uploads\/M16_b_2-768x432.webp 768w, https:\/\/www.mokivape.com\/wp-content\/uploads\/M16_b_2-1536x864.webp 1536w, https:\/\/www.mokivape.com\/wp-content\/uploads\/M16_b_2-18x10.webp 18w, https:\/\/www.mokivape.com\/wp-content\/uploads\/M16_b_2-600x338.webp 600w\" sizes=\"(max-width: 1920px) 100vw, 1920px\" \/>\t\t\t\t\t\t\t\t\t\t\t\t\t\t\t<\/div>\n\t\t\t\t<\/div>\n\t\t\t\t<div class=\"elementor-element elementor-element-ae85a8b elementor-widget elementor-widget-image\" data-id=\"ae85a8b\" data-element_type=\"widget\" data-widget_type=\"image.default\">\n\t\t\t\t<div class=\"elementor-widget-container\">\n\t\t\t\t\t\t\t\t\t\t\t\t\t\t\t<img decoding=\"async\" width=\"1920\" height=\"1080\" src=\"https:\/\/www.mokivape.com\/wp-content\/uploads\/M16_b_3.webp\" class=\"attachment-full size-full wp-image-8280\" alt=\"M16 Nikotinfreier Puff-Riegel\" srcset=\"https:\/\/www.mokivape.com\/wp-content\/uploads\/M16_b_3.webp 1920w, https:\/\/www.mokivape.com\/wp-content\/uploads\/M16_b_3-768x432.webp 768w, https:\/\/www.mokivape.com\/wp-content\/uploads\/M16_b_3-1536x864.webp 1536w, https:\/\/www.mokivape.com\/wp-content\/uploads\/M16_b_3-18x10.webp 18w, https:\/\/www.mokivape.com\/wp-content\/uploads\/M16_b_3-600x338.webp 600w\" sizes=\"(max-width: 1920px) 100vw, 1920px\" \/>\t\t\t\t\t\t\t\t\t\t\t\t\t\t\t<\/div>\n\t\t\t\t<\/div>\n\t\t\t\t<div class=\"elementor-element elementor-element-085c520 elementor-widget elementor-widget-image\" data-id=\"085c520\" data-element_type=\"widget\" data-widget_type=\"image.default\">\n\t\t\t\t<div class=\"elementor-widget-container\">\n\t\t\t\t\t\t\t\t\t\t\t\t\t\t\t<img loading=\"lazy\" decoding=\"async\" width=\"1920\" height=\"1080\" src=\"https:\/\/www.mokivape.com\/wp-content\/uploads\/M16_b_4.webp\" class=\"attachment-full size-full wp-image-8281\" alt=\"M16 Nikotinfreier Puff-Riegel\" srcset=\"https:\/\/www.mokivape.com\/wp-content\/uploads\/M16_b_4.webp 1920w, https:\/\/www.mokivape.com\/wp-content\/uploads\/M16_b_4-768x432.webp 768w, https:\/\/www.mokivape.com\/wp-content\/uploads\/M16_b_4-1536x864.webp 1536w, https:\/\/www.mokivape.com\/wp-content\/uploads\/M16_b_4-18x10.webp 18w, https:\/\/www.mokivape.com\/wp-content\/uploads\/M16_b_4-600x338.webp 600w\" sizes=\"(max-width: 1920px) 100vw, 1920px\" \/>\t\t\t\t\t\t\t\t\t\t\t\t\t\t\t<\/div>\n\t\t\t\t<\/div>\n\t\t\t\t<\/div>\n\t\t\t\t<\/div>","protected":false},"excerpt":{"rendered":"<p>Die MOKI Fruit Flavor Electronic Cigarette MK-M16 ist eine k\u00f6stliche Einwegzigartigkeit, die eine frische und fruchtige Note bietet. Dieses kompakte 104*35*26mm Ger\u00e4t ist mit einem 550mAh Akku und einem 1.0ohm Mesh Coil f\u00fcr eine ausgewogene und befriedigende vape verpackt. Das Fassungsverm\u00f6gen von 12mL E-Liquid sorgt f\u00fcr eine geschmackvolle Reise. Aufladen mit dem praktischen Typ-C-Anschluss. Eingeh\u00fcllt in ein luxuri\u00f6ses Leder-Finish mit einfarbigem Kunststoff, unterst\u00fctzt diese hochwertige, hei\u00df verkaufte E-Zigarette White-Labeling, OEM und ODM. Quelle von einem renommierten Hersteller und Lieferanten - MOKI, und genie\u00dfen Sie eine Made-to-Order-Erfahrung von einer Fabrik, die Qualit\u00e4t und Innovation sch\u00e4tzt.<\/p>","protected":false},"featured_media":8149,"comment_status":"open","ping_status":"closed","template":"","meta":[],"product_brand":[],"product_cat":[16],"product_tag":[],"class_list":{"0":"post-1411","1":"product","2":"type-product","3":"status-publish","4":"has-post-thumbnail","6":"product_cat-pod-kits-refillable-open-pods-cartridge-oem","8":"first","9":"instock","10":"shipping-taxable","11":"product-type-simple"},"_links":{"self":[{"href":"https:\/\/www.mokivape.com\/de\/wp-json\/wp\/v2\/product\/1411","targetHints":{"allow":["GET"]}}],"collection":[{"href":"https:\/\/www.mokivape.com\/de\/wp-json\/wp\/v2\/product"}],"about":[{"href":"https:\/\/www.mokivape.com\/de\/wp-json\/wp\/v2\/types\/product"}],"replies":[{"embeddable":true,"href":"https:\/\/www.mokivape.com\/de\/wp-json\/wp\/v2\/comments?post=1411"}],"version-history":[{"count":0,"href":"https:\/\/www.mokivape.com\/de\/wp-json\/wp\/v2\/product\/1411\/revisions"}],"wp:featuredmedia":[{"embeddable":true,"href":"https:\/\/www.mokivape.com\/de\/wp-json\/wp\/v2\/media\/8149"}],"wp:attachment":[{"href":"https:\/\/www.mokivape.com\/de\/wp-json\/wp\/v2\/media?parent=1411"}],"wp:term":[{"taxonomy":"product_brand","embeddable":true,"href":"https:\/\/www.mokivape.com\/de\/wp-json\/wp\/v2\/product_brand?post=1411"},{"taxonomy":"product_cat","embeddable":true,"href":"https:\/\/www.mokivape.com\/de\/wp-json\/wp\/v2\/product_cat?post=1411"},{"taxonomy":"product_tag","embeddable":true,"href":"https:\/\/www.mokivape.com\/de\/wp-json\/wp\/v2\/product_tag?post=1411"}],"curies":[{"name":"wp","href":"https:\/\/api.w.org\/{rel}","templated":true}]}}