{"id":1407,"date":"2024-04-17T09:10:13","date_gmt":"2024-04-17T09:10:13","guid":{"rendered":"https:\/\/www.mokiecig.com\/?post_type=product&#038;p=1407"},"modified":"2025-06-30T10:27:12","modified_gmt":"2025-06-30T10:27:12","slug":"mk-m2-tpd-compliant-vape","status":"publish","type":"product","link":"https:\/\/www.mokivape.com\/de\/produkt\/mk-m2-tpd-konforme-vape\/","title":{"rendered":"MK-M2 TPD konforme Vape"},"content":{"rendered":"<div data-elementor-type=\"product-post\" data-elementor-id=\"1407\" class=\"elementor elementor-1407\" data-elementor-post-type=\"product\">\n\t\t\t\t<div class=\"elementor-element elementor-element-116a862 e-con-full e-flex e-con e-parent\" data-id=\"116a862\" data-element_type=\"container\">\n\t\t\t\t<div class=\"elementor-element elementor-element-88b48fe elementor-widget elementor-widget-heading\" data-id=\"88b48fe\" data-element_type=\"widget\" data-widget_type=\"heading.default\">\n\t\t\t\t<div class=\"elementor-widget-container\">\n\t\t\t\t\t<h2 class=\"elementor-heading-title elementor-size-default\">MK-M2 TPD konforme Vape<\/h2>\t\t\t\t<\/div>\n\t\t\t\t<\/div>\n\t\t\t\t<div class=\"elementor-element elementor-element-a6ca25a elementor-widget elementor-widget-html\" data-id=\"a6ca25a\" data-element_type=\"widget\" data-widget_type=\"html.default\">\n\t\t\t\t<div class=\"elementor-widget-container\">\n\t\t\t\t\t<table><tbody><tr><td>Widerstand<\/td><td>1.0ohm<\/td><td>Gr\u00f6\u00dfe<\/td><td>64*42*20mm<\/td><\/tr><tr><td>E-Fl\u00fcssigkeitskapazit\u00e4t<\/td><td>2mL<\/td><td>Batteriekapazit\u00e4t<\/td><td>400mAh<\/td><\/tr><tr><td>Wiederaufladbar<\/td><td>Typ-C<\/td><td>Heizdraht<\/td><td>Maschenspule<\/td><\/tr><tr><td>Material<\/td><td colspan=\"3\">Zweifarbige Einspritzung PC+ABS<\/td><\/tr><\/tbody><\/table>\t\t\t\t<\/div>\n\t\t\t\t<\/div>\n\t\t\t\t<div class=\"elementor-element elementor-element-2e0ed70 elementor-widget elementor-widget-image\" data-id=\"2e0ed70\" data-element_type=\"widget\" data-widget_type=\"image.default\">\n\t\t\t\t<div class=\"elementor-widget-container\">\n\t\t\t\t\t\t\t\t\t\t\t\t\t\t\t<img fetchpriority=\"high\" decoding=\"async\" width=\"1920\" height=\"1080\" src=\"https:\/\/www.mokivape.com\/wp-content\/uploads\/M2_b_1.webp\" class=\"attachment-full size-full wp-image-8313\" alt=\"M2 Single Use TPD UK Vape\" srcset=\"https:\/\/www.mokivape.com\/wp-content\/uploads\/M2_b_1.webp 1920w, https:\/\/www.mokivape.com\/wp-content\/uploads\/M2_b_1-768x432.webp 768w, https:\/\/www.mokivape.com\/wp-content\/uploads\/M2_b_1-1536x864.webp 1536w, https:\/\/www.mokivape.com\/wp-content\/uploads\/M2_b_1-18x10.webp 18w, https:\/\/www.mokivape.com\/wp-content\/uploads\/M2_b_1-600x338.webp 600w\" sizes=\"(max-width: 1920px) 100vw, 1920px\" \/>\t\t\t\t\t\t\t\t\t\t\t\t\t\t\t<\/div>\n\t\t\t\t<\/div>\n\t\t\t\t<div class=\"elementor-element elementor-element-138982e elementor-widget elementor-widget-image\" data-id=\"138982e\" data-element_type=\"widget\" data-widget_type=\"image.default\">\n\t\t\t\t<div class=\"elementor-widget-container\">\n\t\t\t\t\t\t\t\t\t\t\t\t\t\t\t<img decoding=\"async\" width=\"1920\" height=\"1080\" src=\"https:\/\/www.mokivape.com\/wp-content\/uploads\/M2_b_2.webp\" class=\"attachment-full size-full wp-image-8314\" alt=\"M2 Single Use TPD UK Vape\" srcset=\"https:\/\/www.mokivape.com\/wp-content\/uploads\/M2_b_2.webp 1920w, https:\/\/www.mokivape.com\/wp-content\/uploads\/M2_b_2-768x432.webp 768w, https:\/\/www.mokivape.com\/wp-content\/uploads\/M2_b_2-1536x864.webp 1536w, https:\/\/www.mokivape.com\/wp-content\/uploads\/M2_b_2-18x10.webp 18w, https:\/\/www.mokivape.com\/wp-content\/uploads\/M2_b_2-600x338.webp 600w\" sizes=\"(max-width: 1920px) 100vw, 1920px\" \/>\t\t\t\t\t\t\t\t\t\t\t\t\t\t\t<\/div>\n\t\t\t\t<\/div>\n\t\t\t\t<div class=\"elementor-element elementor-element-b869597 elementor-widget elementor-widget-image\" data-id=\"b869597\" data-element_type=\"widget\" data-widget_type=\"image.default\">\n\t\t\t\t<div class=\"elementor-widget-container\">\n\t\t\t\t\t\t\t\t\t\t\t\t\t\t\t<img decoding=\"async\" width=\"1920\" height=\"1080\" src=\"https:\/\/www.mokivape.com\/wp-content\/uploads\/M2_b_3.webp\" class=\"attachment-full size-full wp-image-8315\" alt=\"M2 Single Use TPD UK Vape\" srcset=\"https:\/\/www.mokivape.com\/wp-content\/uploads\/M2_b_3.webp 1920w, https:\/\/www.mokivape.com\/wp-content\/uploads\/M2_b_3-768x432.webp 768w, https:\/\/www.mokivape.com\/wp-content\/uploads\/M2_b_3-1536x864.webp 1536w, https:\/\/www.mokivape.com\/wp-content\/uploads\/M2_b_3-18x10.webp 18w, https:\/\/www.mokivape.com\/wp-content\/uploads\/M2_b_3-600x338.webp 600w\" sizes=\"(max-width: 1920px) 100vw, 1920px\" \/>\t\t\t\t\t\t\t\t\t\t\t\t\t\t\t<\/div>\n\t\t\t\t<\/div>\n\t\t\t\t<div class=\"elementor-element elementor-element-7c24e2e elementor-widget elementor-widget-image\" data-id=\"7c24e2e\" data-element_type=\"widget\" data-widget_type=\"image.default\">\n\t\t\t\t<div class=\"elementor-widget-container\">\n\t\t\t\t\t\t\t\t\t\t\t\t\t\t\t<img loading=\"lazy\" decoding=\"async\" width=\"1920\" height=\"1080\" src=\"https:\/\/www.mokivape.com\/wp-content\/uploads\/M2_b_4.webp\" class=\"attachment-full size-full wp-image-8316\" alt=\"M2 Single Use TPD UK Vape\" srcset=\"https:\/\/www.mokivape.com\/wp-content\/uploads\/M2_b_4.webp 1920w, https:\/\/www.mokivape.com\/wp-content\/uploads\/M2_b_4-768x432.webp 768w, https:\/\/www.mokivape.com\/wp-content\/uploads\/M2_b_4-1536x864.webp 1536w, https:\/\/www.mokivape.com\/wp-content\/uploads\/M2_b_4-18x10.webp 18w, https:\/\/www.mokivape.com\/wp-content\/uploads\/M2_b_4-600x338.webp 600w\" sizes=\"(max-width: 1920px) 100vw, 1920px\" \/>\t\t\t\t\t\t\t\t\t\t\t\t\t\t\t<\/div>\n\t\t\t\t<\/div>\n\t\t\t\t<\/div>\n\t\t\t\t<\/div>","protected":false},"excerpt":{"rendered":"<p>Der MOKI TPD Compliant Vaporizer MK-M2 ist ein hochwertiges Ger\u00e4t, das entwickelt wurde, um die TPD-Vorschriften zu erf\u00fcllen. Dieser kompakte 64*42*20mm Verdampfer verf\u00fcgt \u00fcber einen 400mAh Akku und eine 1.0ohm Mesh-Spule f\u00fcr gleichbleibende Leistung. Mit einem Fassungsverm\u00f6gen von 2mL E-Liquid ist er perfekt, um Ihren Nikotinhunger zu stillen.<br \/>\nAufladen mit dem Typ-C-Anschluss f\u00fcr ultimativen Komfort. Gefertigt aus zweifarbigem Spritzguss PC + ABS Material, ist dieses Ger\u00e4t nicht nur langlebig, sondern auch stilvoll. Ideal f\u00fcr White-Label-Branding, ist der MOKI TPD Vaporizer MK-M2 ein hei\u00dfer Verkauf, made-to-order Produkt von einem renommierten Hersteller und Lieferanten MOKI. MK-M2 unterst\u00fctzt OEM und ODM, es ist eine werksseitige L\u00f6sung f\u00fcr die Herstellung von Vape Bar, die Einhaltung und Qualit\u00e4t gew\u00e4hrleistet.<\/p>","protected":false},"featured_media":8145,"comment_status":"open","ping_status":"closed","template":"","meta":[],"product_brand":[],"product_cat":[16],"product_tag":[],"class_list":{"0":"post-1407","1":"product","2":"type-product","3":"status-publish","4":"has-post-thumbnail","6":"product_cat-pod-kits-refillable-open-pods-cartridge-oem","8":"first","9":"instock","10":"shipping-taxable","11":"product-type-simple"},"_links":{"self":[{"href":"https:\/\/www.mokivape.com\/de\/wp-json\/wp\/v2\/product\/1407","targetHints":{"allow":["GET"]}}],"collection":[{"href":"https:\/\/www.mokivape.com\/de\/wp-json\/wp\/v2\/product"}],"about":[{"href":"https:\/\/www.mokivape.com\/de\/wp-json\/wp\/v2\/types\/product"}],"replies":[{"embeddable":true,"href":"https:\/\/www.mokivape.com\/de\/wp-json\/wp\/v2\/comments?post=1407"}],"version-history":[{"count":0,"href":"https:\/\/www.mokivape.com\/de\/wp-json\/wp\/v2\/product\/1407\/revisions"}],"wp:featuredmedia":[{"embeddable":true,"href":"https:\/\/www.mokivape.com\/de\/wp-json\/wp\/v2\/media\/8145"}],"wp:attachment":[{"href":"https:\/\/www.mokivape.com\/de\/wp-json\/wp\/v2\/media?parent=1407"}],"wp:term":[{"taxonomy":"product_brand","embeddable":true,"href":"https:\/\/www.mokivape.com\/de\/wp-json\/wp\/v2\/product_brand?post=1407"},{"taxonomy":"product_cat","embeddable":true,"href":"https:\/\/www.mokivape.com\/de\/wp-json\/wp\/v2\/product_cat?post=1407"},{"taxonomy":"product_tag","embeddable":true,"href":"https:\/\/www.mokivape.com\/de\/wp-json\/wp\/v2\/product_tag?post=1407"}],"curies":[{"name":"wp","href":"https:\/\/api.w.org\/{rel}","templated":true}]}}