{"id":1406,"date":"2024-04-17T09:09:20","date_gmt":"2024-04-17T09:09:20","guid":{"rendered":"https:\/\/www.mokiecig.com\/?post_type=product&#038;p=1406"},"modified":"2025-06-30T10:26:48","modified_gmt":"2025-06-30T10:26:48","slug":"m1-disposable-vape-pen-mint-ice-vape","status":"publish","type":"product","link":"https:\/\/www.mokivape.com\/de\/produkt\/m1-einweg-vape-pen-mint-ice-vape\/","title":{"rendered":"MK-M1 Einweg Vape Pen Mint Ice Vape"},"content":{"rendered":"<div data-elementor-type=\"product-post\" data-elementor-id=\"1406\" class=\"elementor elementor-1406\" data-elementor-post-type=\"product\">\n\t\t\t\t<div class=\"elementor-element elementor-element-3775b30 e-con-full e-flex e-con e-parent\" data-id=\"3775b30\" data-element_type=\"container\">\n\t\t\t\t<div class=\"elementor-element elementor-element-bdc9343 elementor-widget elementor-widget-heading\" data-id=\"bdc9343\" data-element_type=\"widget\" data-widget_type=\"heading.default\">\n\t\t\t\t<div class=\"elementor-widget-container\">\n\t\t\t\t\t<h2 class=\"elementor-heading-title elementor-size-default\">MK-M1 Einweg Vape Pen Mint Ice Vape<\/h2>\t\t\t\t<\/div>\n\t\t\t\t<\/div>\n\t\t\t\t<div class=\"elementor-element elementor-element-f023d40 elementor-widget elementor-widget-html\" data-id=\"f023d40\" data-element_type=\"widget\" data-widget_type=\"html.default\">\n\t\t\t\t<div class=\"elementor-widget-container\">\n\t\t\t\t\t<table><tbody><tr><td>Widerstand<\/td><td>1.0ohm<\/td><td>Gr\u00f6\u00dfe<\/td><td>108*27mm<\/td><\/tr><tr><td>E-Fl\u00fcssigkeitskapazit\u00e4t<\/td><td>10mL<\/td><td>Batteriekapazit\u00e4t<\/td><td>500mAh<\/td><\/tr><tr><td>Wiederaufladbar<\/td><td>Typ-C<\/td><td>Heizdraht<\/td><td>Maschenspule<\/td><\/tr><tr><td>Material<\/td><td colspan=\"3\">Zweifarbiger Spritzguss PC+ABs, Unterseite einfarbiger Kunststoff<\/td><\/tr><\/tbody><\/table>\t\t\t\t<\/div>\n\t\t\t\t<\/div>\n\t\t\t\t<div class=\"elementor-element elementor-element-fdedb34 elementor-widget elementor-widget-image\" data-id=\"fdedb34\" data-element_type=\"widget\" data-widget_type=\"image.default\">\n\t\t\t\t<div class=\"elementor-widget-container\">\n\t\t\t\t\t\t\t\t\t\t\t\t\t\t\t<img fetchpriority=\"high\" decoding=\"async\" width=\"1920\" height=\"1080\" src=\"https:\/\/www.mokivape.com\/wp-content\/uploads\/M1_b_1.webp\" class=\"attachment-full size-full wp-image-8320\" alt=\"M1 Einweg-Minze-Verdampfer\" srcset=\"https:\/\/www.mokivape.com\/wp-content\/uploads\/M1_b_1.webp 1920w, https:\/\/www.mokivape.com\/wp-content\/uploads\/M1_b_1-768x432.webp 768w, https:\/\/www.mokivape.com\/wp-content\/uploads\/M1_b_1-1536x864.webp 1536w, https:\/\/www.mokivape.com\/wp-content\/uploads\/M1_b_1-18x10.webp 18w, https:\/\/www.mokivape.com\/wp-content\/uploads\/M1_b_1-600x338.webp 600w\" sizes=\"(max-width: 1920px) 100vw, 1920px\" \/>\t\t\t\t\t\t\t\t\t\t\t\t\t\t\t<\/div>\n\t\t\t\t<\/div>\n\t\t\t\t<div class=\"elementor-element elementor-element-43ad5b3 elementor-widget elementor-widget-image\" data-id=\"43ad5b3\" data-element_type=\"widget\" data-widget_type=\"image.default\">\n\t\t\t\t<div class=\"elementor-widget-container\">\n\t\t\t\t\t\t\t\t\t\t\t\t\t\t\t<img decoding=\"async\" width=\"1920\" height=\"1080\" src=\"https:\/\/www.mokivape.com\/wp-content\/uploads\/M1_b_2.webp\" class=\"attachment-full size-full wp-image-8321\" alt=\"M1 Einweg-Minze-Verdampfer\" srcset=\"https:\/\/www.mokivape.com\/wp-content\/uploads\/M1_b_2.webp 1920w, https:\/\/www.mokivape.com\/wp-content\/uploads\/M1_b_2-768x432.webp 768w, https:\/\/www.mokivape.com\/wp-content\/uploads\/M1_b_2-1536x864.webp 1536w, https:\/\/www.mokivape.com\/wp-content\/uploads\/M1_b_2-18x10.webp 18w, https:\/\/www.mokivape.com\/wp-content\/uploads\/M1_b_2-600x338.webp 600w\" sizes=\"(max-width: 1920px) 100vw, 1920px\" \/>\t\t\t\t\t\t\t\t\t\t\t\t\t\t\t<\/div>\n\t\t\t\t<\/div>\n\t\t\t\t<div class=\"elementor-element elementor-element-1106dd3 elementor-widget elementor-widget-image\" data-id=\"1106dd3\" data-element_type=\"widget\" data-widget_type=\"image.default\">\n\t\t\t\t<div class=\"elementor-widget-container\">\n\t\t\t\t\t\t\t\t\t\t\t\t\t\t\t<img decoding=\"async\" width=\"1920\" height=\"1080\" src=\"https:\/\/www.mokivape.com\/wp-content\/uploads\/M1_b_3.webp\" class=\"attachment-full size-full wp-image-8322\" alt=\"M1 Einweg-Minze-Verdampfer\" srcset=\"https:\/\/www.mokivape.com\/wp-content\/uploads\/M1_b_3.webp 1920w, https:\/\/www.mokivape.com\/wp-content\/uploads\/M1_b_3-768x432.webp 768w, https:\/\/www.mokivape.com\/wp-content\/uploads\/M1_b_3-1536x864.webp 1536w, https:\/\/www.mokivape.com\/wp-content\/uploads\/M1_b_3-18x10.webp 18w, https:\/\/www.mokivape.com\/wp-content\/uploads\/M1_b_3-600x338.webp 600w\" sizes=\"(max-width: 1920px) 100vw, 1920px\" \/>\t\t\t\t\t\t\t\t\t\t\t\t\t\t\t<\/div>\n\t\t\t\t<\/div>\n\t\t\t\t<div class=\"elementor-element elementor-element-bde9ffa elementor-widget elementor-widget-image\" data-id=\"bde9ffa\" data-element_type=\"widget\" data-widget_type=\"image.default\">\n\t\t\t\t<div class=\"elementor-widget-container\">\n\t\t\t\t\t\t\t\t\t\t\t\t\t\t\t<img loading=\"lazy\" decoding=\"async\" width=\"1920\" height=\"1080\" src=\"https:\/\/www.mokivape.com\/wp-content\/uploads\/M1_b_4.webp\" class=\"attachment-full size-full wp-image-8323\" alt=\"M1 Einweg-Minze-Verdampfer\" srcset=\"https:\/\/www.mokivape.com\/wp-content\/uploads\/M1_b_4.webp 1920w, https:\/\/www.mokivape.com\/wp-content\/uploads\/M1_b_4-768x432.webp 768w, https:\/\/www.mokivape.com\/wp-content\/uploads\/M1_b_4-1536x864.webp 1536w, https:\/\/www.mokivape.com\/wp-content\/uploads\/M1_b_4-18x10.webp 18w, https:\/\/www.mokivape.com\/wp-content\/uploads\/M1_b_4-600x338.webp 600w\" sizes=\"(max-width: 1920px) 100vw, 1920px\" \/>\t\t\t\t\t\t\t\t\t\t\t\t\t\t\t<\/div>\n\t\t\t\t<\/div>\n\t\t\t\t<\/div>\n\t\t\t\t<\/div>","protected":false},"excerpt":{"rendered":"<p>Der MOKI Disposable Vape Pen Mint Vaporizer MK-M1-10 ist ein k\u00fchler und erfrischender Einweg-Vape Pen f\u00fcr alle, die ein minziges, frisches Erlebnis suchen. Dieses schlanke Ger\u00e4t mit den Ma\u00dfen 108*27mm wird von einem 500mAh-Akku angetrieben und verf\u00fcgt \u00fcber eine 1.0ohm Mesh-Spule f\u00fcr optimale Verdampfung.<br \/>\nMit einem Fassungsverm\u00f6gen von 10 ml E-Liquid ist das MK-M1-10 perfekt f\u00fcr den ganzt\u00e4gigen Gebrauch. Genie\u00dfen Sie den Komfort der Typ-C Aufladung. Fachm\u00e4nnisch in Handarbeit aus Zweifarben-Spritzguss PC + ABS mit einer unteren einfarbigen Kunststoff, diese hochwertige, hei\u00dfer Verkauf vape Stift Unterst\u00fctzung f\u00fcr OEM und ODM, bietet eine White-Label-Option von einem vertrauensw\u00fcrdigen Hersteller und Lieferanten - MOKI. Die MOKI Mint Vaporizer MK-M1-10 ist mehr als ein Stift; es ist ein made-to-order Meisterwerk in Vaporizer Herstellung.<\/p>","protected":false},"featured_media":8144,"comment_status":"open","ping_status":"closed","template":"","meta":[],"product_brand":[],"product_cat":[16,31],"product_tag":[],"class_list":{"0":"post-1406","1":"product","2":"type-product","3":"status-publish","4":"has-post-thumbnail","6":"product_cat-pod-kits-refillable-open-pods-cartridge-oem","7":"product_cat-disposable-vape-pod-kits-oem-vape-pen-manufacturing","9":"first","10":"instock","11":"shipping-taxable","12":"product-type-simple"},"_links":{"self":[{"href":"https:\/\/www.mokivape.com\/de\/wp-json\/wp\/v2\/product\/1406","targetHints":{"allow":["GET"]}}],"collection":[{"href":"https:\/\/www.mokivape.com\/de\/wp-json\/wp\/v2\/product"}],"about":[{"href":"https:\/\/www.mokivape.com\/de\/wp-json\/wp\/v2\/types\/product"}],"replies":[{"embeddable":true,"href":"https:\/\/www.mokivape.com\/de\/wp-json\/wp\/v2\/comments?post=1406"}],"version-history":[{"count":0,"href":"https:\/\/www.mokivape.com\/de\/wp-json\/wp\/v2\/product\/1406\/revisions"}],"wp:featuredmedia":[{"embeddable":true,"href":"https:\/\/www.mokivape.com\/de\/wp-json\/wp\/v2\/media\/8144"}],"wp:attachment":[{"href":"https:\/\/www.mokivape.com\/de\/wp-json\/wp\/v2\/media?parent=1406"}],"wp:term":[{"taxonomy":"product_brand","embeddable":true,"href":"https:\/\/www.mokivape.com\/de\/wp-json\/wp\/v2\/product_brand?post=1406"},{"taxonomy":"product_cat","embeddable":true,"href":"https:\/\/www.mokivape.com\/de\/wp-json\/wp\/v2\/product_cat?post=1406"},{"taxonomy":"product_tag","embeddable":true,"href":"https:\/\/www.mokivape.com\/de\/wp-json\/wp\/v2\/product_tag?post=1406"}],"curies":[{"name":"wp","href":"https:\/\/api.w.org\/{rel}","templated":true}]}}