{"id":6793,"date":"2024-08-30T08:12:08","date_gmt":"2024-08-30T08:12:08","guid":{"rendered":"https:\/\/www.mokiecig.com\/?page_id=6793"},"modified":"2025-12-08T02:07:28","modified_gmt":"2025-12-08T02:07:28","slug":"privacy-policy-2","status":"publish","type":"page","link":"https:\/\/www.mokivape.com\/de\/datenschutzrichtlinie-2\/","title":{"rendered":"Datenschutzbestimmungen"},"content":{"rendered":"<p>Sie d\u00fcrfen keine \"Deep-Links\", \"Page-Scrape\", \"Robots\", \"Spiders\" oder andere automatische Ger\u00e4te, Programme, Algorithmen oder Methoden oder \u00e4hnliche oder gleichwertige manuelle Prozesse verwenden, um auf Teile der Website oder Inhalte zuzugreifen, diese zu erwerben, zu kopieren oder zu \u00fcberwachen oder um die Navigationsstruktur oder die Darstellung der Website oder Inhalte in irgendeiner Weise zu reproduzieren oder zu umgehen, um Materialien, Dokumente oder Informationen durch Mittel zu erhalten oder zu versuchen, die nicht absichtlich \u00fcber die Website zur Verf\u00fcgung gestellt werden. Sie d\u00fcrfen nicht versuchen, sich durch Hacking, Passwort-Mining oder andere illegale Mittel unbefugten Zugang zu einem Teil oder einer Funktion der Website oder zu anderen Systemen oder Netzwerken zu verschaffen, die mit der Website oder einem MOKI vape-Server verbunden sind, oder zu einer der auf oder \u00fcber die Website angebotenen Dienstleistungen.<\/p>\n\n\n\n<p>Sie sind nicht berechtigt, die Verwundbarkeit der Website oder eines mit der Website verbundenen Netzwerks zu untersuchen, zu scannen oder zu testen oder die Sicherheits- oder Authentifizierungsma\u00dfnahmen der Website oder eines mit der Website verbundenen Netzwerks zu verletzen. Es ist Ihnen nicht gestattet, Informationen \u00fcber einen anderen Benutzer oder Besucher der Website oder einen anderen Kunden von MOKI vape, einschlie\u00dflich eines MOKI vape-Kontos, das sich nicht in Ihrem Besitz befindet, zur\u00fcckzuverfolgen oder zu versuchen, diese zu ihrer Quelle zur\u00fcckzuverfolgen, oder die Website oder irgendeine Dienstleistung oder Information, die von oder \u00fcber die Website zur Verf\u00fcgung gestellt oder angeboten wird, in irgendeiner Weise zu nutzen, wenn der Zweck darin besteht, irgendwelche Informationen zu offenbaren, einschlie\u00dflich, aber nicht beschr\u00e4nkt auf pers\u00f6nliche Identifikation oder Informationen, die nicht Ihre eigenen Informationen sind, wie sie von der Website zur Verf\u00fcgung gestellt werden.<\/p>\n\n\n\n<p>Sie verpflichten sich, keine Handlungen vorzunehmen, die eine unangemessene oder unverh\u00e4ltnism\u00e4\u00dfig gro\u00dfe Belastung der Infrastruktur der Website oder der Systeme oder Netzwerke von MOKI vape oder der mit der Website oder MOKI vape verbundenen Systeme oder Netzwerke darstellen.<\/p>\n\n\n\n<p>Sie verpflichten sich, keine Ger\u00e4te, Software oder Routinen zu verwenden, die das ordnungsgem\u00e4\u00dfe Funktionieren der Website oder die Durchf\u00fchrung von Transaktionen auf der Website oder die Nutzung der Website durch andere Personen beeintr\u00e4chtigen oder zu beeintr\u00e4chtigen versuchen.<\/p>\n\n\n\n<p>Sie d\u00fcrfen keine Kopfzeilen f\u00e4lschen oder anderweitig Identifizierungsmerkmale manipulieren, um die Herkunft von Nachrichten oder \u00dcbertragungen zu verschleiern, die Sie an MOKI vape auf oder \u00fcber die Website oder einen auf oder \u00fcber die Website angebotenen Dienst senden. Sie d\u00fcrfen nicht vorgeben, jemand anderes zu sein oder zu vertreten, oder sich als eine andere nat\u00fcrliche oder juristische Person ausgeben. Sie d\u00fcrfen die Website oder Inhalte nicht f\u00fcr einen Zweck verwenden, der ungesetzlich oder durch diese Nutzungsbedingungen verboten ist, oder um zur Durchf\u00fchrung einer illegalen Aktivit\u00e4t oder einer anderen Aktivit\u00e4t aufzurufen, die die Rechte von MOKI vape oder anderen verletzt.<\/p>\n\n\n\n<h3 class=\"wp-block-heading\">WELCHE INFORMATIONEN SAMMELN WIR?<\/h3>\n\n\n\n<p>Wir erheben Daten von Ihnen, wenn Sie sich auf unserer Website registrieren, eine Bestellung aufgeben oder ein Formular ausf\u00fcllen, wobei Sie gegebenenfalls aufgefordert werden, Ihren Namen, Ihre E-Mail-Adresse oder Ihre Postanschrift anzugeben. Sie k\u00f6nnen unsere Website jedoch auch anonym besuchen.<\/p>\n\n\n\n<h3 class=\"wp-block-heading\">WOF\u00dcR VERWENDEN WIR IHRE INFORMATIONEN?<\/h3>\n\n\n\n<p>Alle Informationen, die wir von Ihnen sammeln, k\u00f6nnen auf eine der folgenden Arten verwendet werden:<\/p>\n\n\n\n<p>*Um Ihr Erlebnis zu personalisieren<\/p>\n\n\n\n<p>(Ihre Informationen helfen uns, besser auf Ihre individuellen Bed\u00fcrfnisse einzugehen)<\/p>\n\n\n\n<p>*Um unsere Website zu verbessern<\/p>\n\n\n\n<p>(wir sind st\u00e4ndig bem\u00fcht, unsere Website-Angebote auf der Grundlage der von Ihnen erhaltenen Informationen und R\u00fcckmeldungen zu verbessern)<\/p>\n\n\n\n<p>*Verbesserung des Kundendienstes<\/p>\n\n\n\n<p>(Ihre Informationen helfen uns, effektiver auf Ihre Kundendienstanfragen und Supportbed\u00fcrfnisse zu reagieren)<\/p>\n\n\n\n<p>*Bearbeitung von Transaktionen<\/p>\n\n\n\n<p>Ihre Daten, ob \u00f6ffentlich oder privat, werden nicht verkauft, ausgetauscht, \u00fcbertragen oder an ein anderes Unternehmen weitergegeben, aus welchem Grund auch immer, ohne Ihre Zustimmung, au\u00dfer f\u00fcr den ausdr\u00fccklichen Zweck der Lieferung des gekauften Produkts oder der angeforderten Dienstleistung.<\/p>\n\n\n\n<p>*Zum Versenden regelm\u00e4\u00dfiger E-Mails<\/p>\n\n\n\n<p>Die E-Mail-Adresse, die Sie f\u00fcr die Bestellabwicklung angeben, kann verwendet werden, um Ihnen Informationen und Aktualisierungen zu Ihrer Bestellung zuzusenden und Ihnen gelegentlich Unternehmensnachrichten, Aktualisierungen, Informationen zu Produkten oder Dienstleistungen usw. zukommen zu lassen.<\/p>\n\n\n\n<h3 class=\"wp-block-heading\">WIE SCH\u00dcTZEN WIR IHRE DATEN?<\/h3>\n\n\n\n<p>Wir setzen eine Reihe von Sicherheitsma\u00dfnahmen ein, um die Sicherheit Ihrer pers\u00f6nlichen Daten zu gew\u00e4hrleisten, wenn Sie eine Bestellung aufgeben oder Ihre pers\u00f6nlichen Daten eingeben, \u00fcbermitteln oder abrufen.<\/p>\n\n\n\n<p>Wir bieten die Nutzung eines sicheren Servers an.<\/p>\n\n\n\n<h3 class=\"wp-block-heading\">GEBEN WIR IRGENDWELCHE INFORMATIONEN AN DRITTE WEITER?<\/h3>\n\n\n\n<p>Wir verkaufen, handeln oder \u00fcbertragen Ihre personenbezogenen Daten nicht an Dritte. Davon ausgenommen sind vertrauensw\u00fcrdige Dritte, die uns beim Betrieb unserer Website, bei der Abwicklung unserer Gesch\u00e4fte oder bei der Erbringung von Dienstleistungen f\u00fcr Sie unterst\u00fctzen, sofern sich diese Parteien verpflichten, diese Informationen vertraulich zu behandeln. Wir k\u00f6nnen Ihre Daten auch freigeben, wenn wir glauben, dass die Freigabe angemessen ist, um das Gesetz einzuhalten, unsere Website-Richtlinien durchzusetzen oder unsere oder die Rechte, das Eigentum oder die Sicherheit anderer zu sch\u00fctzen. Nicht pers\u00f6nlich identifizierbare Besucherdaten k\u00f6nnen jedoch an andere Parteien f\u00fcr Marketing, Werbung oder andere Zwecke weitergegeben werden.<\/p>\n\n\n\n<h3 class=\"wp-block-heading\">NUR ONLINE-DATENSCHUTZERKL\u00c4RUNG<\/h3>\n\n\n\n<p>Diese Online-Datenschutzrichtlinie gilt nur f\u00fcr Informationen, die \u00fcber unsere Website gesammelt werden, und nicht f\u00fcr Informationen, die offline gesammelt werden.<\/p>\n\n\n\n<h3 class=\"wp-block-heading\">IHRE ZUSTIMMUNG<\/h3>\n\n\n\n<p>Durch die Nutzung unserer Website erkl\u00e4ren Sie sich mit unserer Datenschutzpolitik einverstanden.<\/p>\n\n\n\n<p>Versto\u00df gegen diese Nutzungsbedingungen<\/p>\n\n\n\n<p>MOKI vape kann alle Informationen, die wir \u00fcber Sie haben (einschlie\u00dflich Ihrer Identit\u00e4t), offenlegen, wenn wir feststellen, dass eine solche Offenlegung in Verbindung mit einer Untersuchung oder Beschwerde in Bezug auf Ihre Nutzung der Website notwendig ist, oder um jemanden zu identifizieren, zu kontaktieren oder rechtliche Schritte gegen jemanden einzuleiten, der (entweder absichtlich oder unabsichtlich) die Rechte oder das Eigentum von MOKI vape oder die Rechte oder das Eigentum von Besuchern oder Nutzern der Website, einschlie\u00dflich der Kunden von MOKI vape, verletzt oder beeintr\u00e4chtigt. MOKI vape beh\u00e4lt sich das Recht vor, jederzeit alle Informationen offen zu legen, die MOKI vape als notwendig erachtet, um geltende Gesetze, Vorschriften, rechtliche Verfahren oder beh\u00f6rdliche Anfragen zu erf\u00fcllen.<\/p>\n\n\n\n<p>MOKI vape kann Ihre Informationen auch offenlegen, wenn MOKI vape feststellt, dass das geltende Recht eine solche Offenlegung erfordert oder erlaubt, einschlie\u00dflich des Austauschs von Informationen mit anderen Unternehmen und Organisationen zum Schutz vor Betrug.<\/p>\n\n\n\n<p>Sie erkennen an und erkl\u00e4ren sich damit einverstanden, dass MOKI vape jegliche \u00dcbermittlung oder Kommunikation zwischen Ihnen und MOKI vape \u00fcber die Website oder eine auf oder \u00fcber die Website angebotene Dienstleistung aufbewahren darf und diese Daten auch offenlegen darf, wenn dies gesetzlich vorgeschrieben ist oder MOKI vape feststellt, dass eine solche Aufbewahrung oder Offenlegung vern\u00fcnftigerweise notwendig ist, um (1) einem rechtlichen Verfahren nachzukommen, (2) diese Nutzungsbedingungen durchzusetzen, (3) auf Behauptungen zu reagieren, dass solche Daten die Rechte anderer verletzen, oder (4) die Rechte, das Eigentum oder die pers\u00f6nliche Sicherheit von MOKI vape, seinen Mitarbeitern, Benutzern oder Besuchern der Website und der \u00d6ffentlichkeit zu sch\u00fctzen.<\/p>\n\n\n\n<p>Sie erkl\u00e4ren sich damit einverstanden, dass MOKI vape nach eigenem Ermessen und ohne vorherige Ank\u00fcndigung Ihren Zugang zur Website beenden und\/oder Ihren zuk\u00fcnftigen Zugang zur Website sperren kann, wenn wir feststellen, dass Sie gegen diese Nutzungsbedingungen oder andere Vereinbarungen oder Richtlinien versto\u00dfen haben, die mit Ihrer Nutzung der Website verbunden sein k\u00f6nnen. Sie erkl\u00e4ren sich au\u00dferdem damit einverstanden, dass jede Verletzung dieser Nutzungsbedingungen durch Sie eine ungesetzliche und unfaire Gesch\u00e4ftspraxis darstellt und MOKI vape einen nicht wiedergutzumachenden Schaden zuf\u00fcgt, f\u00fcr den ein finanzieller Schadenersatz unangemessen w\u00e4re, und Sie erkl\u00e4ren sich damit einverstanden, dass MOKI vape jegliche Unterlassungs- oder Billigkeitsma\u00dfnahmen ergreift, die MOKI vape unter solchen Umst\u00e4nden f\u00fcr notwendig oder angemessen h\u00e4lt. Diese Rechtsmittel gelten zus\u00e4tzlich zu allen anderen Rechtsmitteln, die MOKI vape nach dem Gesetz oder nach dem Billigkeitsrecht zustehen.<\/p>\n\n\n\n<p>Sie erkl\u00e4ren sich damit einverstanden, dass MOKI vape nach eigenem Ermessen und ohne vorherige Ank\u00fcndigung Ihren Zugang zur Website aus wichtigem Grund sperren kann, einschlie\u00dflich (aber nicht beschr\u00e4nkt auf) (1) Anfragen von Strafverfolgungsbeh\u00f6rden oder anderen staatlichen Stellen, (2) eine Anfrage von Ihnen (selbstinitiierte Kontol\u00f6schung), (3) Einstellung oder wesentliche \u00c4nderung der Website oder einer auf oder \u00fcber die Website angebotenen Dienstleistung oder (4) unerwartete technische Fragen oder Probleme.<\/p>\n\n\n\n<p>Sollte MOKI vape aufgrund Ihrer Verletzung dieser Nutzungsbedingungen rechtliche Schritte gegen Sie einleiten, hat MOKI vape das Recht, von Ihnen alle angemessenen Anwaltsgeb\u00fchren und Kosten eines solchen Verfahrens zu fordern, und Sie erkl\u00e4ren sich damit einverstanden, diese zu zahlen, zus\u00e4tzlich zu allen anderen Entsch\u00e4digungen, die MOKI vape gew\u00e4hrt werden. Sie erkl\u00e4ren sich damit einverstanden, dass MOKI vape weder Ihnen noch einem Dritten gegen\u00fcber f\u00fcr die Beendigung Ihres Zugangs zur Website infolge einer Verletzung dieser Nutzungsbedingungen haftet.<\/p>\n\n\n\n<h3 class=\"wp-block-heading\">\u00c4NDERUNGEN DIESER DATENSCHUTZERKL\u00c4RUNG<\/h3>\n\n\n\n<p>Wenn wir uns entscheiden, unsere Datenschutzrichtlinien zu \u00e4ndern, werden wir diese \u00c4nderungen in dieser Datenschutzerkl\u00e4rung, auf der Homepage und an anderen Stellen, die wir f\u00fcr angemessen halten, ver\u00f6ffentlichen, damit Sie wissen, welche Informationen wir sammeln, wie wir sie verwenden und unter welchen Umst\u00e4nden wir sie gegebenenfalls weitergeben.<\/p>\n\n\n\n<p>Wir behalten uns das Recht vor, diese Datenschutzerkl\u00e4rung jederzeit zu \u00e4ndern, daher sollten Sie sie regelm\u00e4\u00dfig \u00fcberpr\u00fcfen. Wenn wir wesentliche \u00c4nderungen an dieser Richtlinie vornehmen, werden wir Sie hier, per E-Mail oder durch einen Hinweis auf unserer Homepage informieren.<\/p>","protected":false},"excerpt":{"rendered":"<p>You may not use any \u201cdeep-link\u201d, \u201cpage-scrape\u201d, \u201crobot\u201d, \u201cspider\u201d or other automatic devices, program, algorithm or methodology, or any similar or equivalent manual process, to access, acquire, copy or monitor any portion of the Site or any Content, or in any way reproduce or circumvent the navigational structure or presentation of the Site or any [&hellip;]<\/p>","protected":false},"author":1,"featured_media":0,"parent":0,"menu_order":0,"comment_status":"closed","ping_status":"closed","template":"","meta":{"footnotes":""},"class_list":["post-6793","page","type-page","status-publish","hentry"],"_links":{"self":[{"href":"https:\/\/www.mokivape.com\/de\/wp-json\/wp\/v2\/pages\/6793","targetHints":{"allow":["GET"]}}],"collection":[{"href":"https:\/\/www.mokivape.com\/de\/wp-json\/wp\/v2\/pages"}],"about":[{"href":"https:\/\/www.mokivape.com\/de\/wp-json\/wp\/v2\/types\/page"}],"author":[{"embeddable":true,"href":"https:\/\/www.mokivape.com\/de\/wp-json\/wp\/v2\/users\/1"}],"replies":[{"embeddable":true,"href":"https:\/\/www.mokivape.com\/de\/wp-json\/wp\/v2\/comments?post=6793"}],"version-history":[{"count":0,"href":"https:\/\/www.mokivape.com\/de\/wp-json\/wp\/v2\/pages\/6793\/revisions"}],"wp:attachment":[{"href":"https:\/\/www.mokivape.com\/de\/wp-json\/wp\/v2\/media?parent=6793"}],"curies":[{"name":"wp","href":"https:\/\/api.w.org\/{rel}","templated":true}]}}