{"id":6791,"date":"2024-08-30T08:06:50","date_gmt":"2024-08-30T08:06:50","guid":{"rendered":"https:\/\/www.mokiecig.com\/?page_id=6791"},"modified":"2025-12-08T01:43:22","modified_gmt":"2025-12-08T01:43:22","slug":"terms","status":"publish","type":"page","link":"https:\/\/www.mokivape.com\/de\/bedingungen\/","title":{"rendered":"Bedingungen"},"content":{"rendered":"<h3 class=\"wp-block-heading\">BEDINGUNGEN UND KONDITIONEN<\/h3>\n\n\n\n<p>Diese Nutzungsbedingungen (\"Vereinbarung\") gelten f\u00fcr die MOKI vape-Website unter mokivape.com und alle damit verbundenen Websites, die von MOKI vape, seinen Tochtergesellschaften und verbundenen Unternehmen mit mokivape.com verlinkt sind, einschlie\u00dflich der MOKI vape-Websites rund um den Globus (zusammenfassend als \"Website\" bezeichnet). Die Seite von MOKI vape und seinen Lizenzgebern.<\/p>\n\n\n\n<p>DURCH DIE NUTZUNG DER WEBSITE ERKL\u00c4REN SIE SICH MIT DIESEN NUTZUNGSBEDINGUNGEN EINVERSTANDEN; WENN SIE NICHT EINVERSTANDEN SIND, NUTZEN SIE DIE WEBSITE NICHT. MOKI vape beh\u00e4lt sich das Recht vor, nach eigenem Ermessen Teile dieser Nutzungsbedingungen jederzeit zu \u00e4ndern, zu modifizieren, hinzuzuf\u00fcgen oder zu entfernen. Es liegt in Ihrer Verantwortung, diese Nutzungsbedingungen regelm\u00e4\u00dfig auf \u00c4nderungen zu \u00fcberpr\u00fcfen. Wenn Sie die Website nach der Ver\u00f6ffentlichung von \u00c4nderungen weiterhin nutzen, bedeutet dies, dass Sie die \u00c4nderungen akzeptieren und ihnen zustimmen. Solange Sie diese Nutzungsbedingungen einhalten, gew\u00e4hrt Ihnen MOKI vape ein pers\u00f6nliches, nicht ausschlie\u00dfliches, nicht \u00fcbertragbares, begrenztes Recht, die Website zu betreten und zu nutzen. Lesen Sie sie also bitte sorgf\u00e4ltig durch. Als Nutzer der Website unterliegen Sie auch unseren Datenschutzrichtlinien, die in diese Vereinbarung aufgenommen und zu einem Teil von ihr gemacht werden.Die auf dieser Website enthaltenen Materialien sind durch geltendes Urheberrecht und Markenrecht gesch\u00fctzt.<\/p>\n\n\n\n<p>MIT DEM BETRETEN DIESER WEBSITE BEST\u00c4TIGEN UND GARANTIEREN SIE, DASS SIE EINUNDZWANZIG (21) JAHRE ALT ODER \u00c4LTER SIND.<\/p>\n\n\n\n<h3 class=\"wp-block-heading\">Inhalt<\/h3>\n\n\n\n<p>Der gesamte Text, die Grafiken, die Benutzeroberfl\u00e4chen, die visuellen Schnittstellen, die Fotografien, die Marken, die Logos, die Kl\u00e4nge, die Musik, die Kunstwerke und der Computercode (zusammenfassend als \"Inhalt\" bezeichnet), einschlie\u00dflich, aber nicht beschr\u00e4nkt auf das Design, die Struktur, die Auswahl, die Koordination, den Ausdruck, das \"Look and Feel\" und die Anordnung dieser Inhalte, die auf der Website enthalten sind, sind Eigentum von MOKI vape, werden von MOKI vape kontrolliert oder sind an MOKI vape lizenziert und sind durch Handelsaufmachungen, Urheberrechte, Patent- und Markenrechte sowie verschiedene andere Rechte an geistigem Eigentum und Gesetze gegen unlauteren Wettbewerb gesch\u00fctzt.Sofern nicht ausdr\u00fccklich in diesen Nutzungsbedingungen vorgesehen, darf kein Teil der Website und kein Inhalt ohne die ausdr\u00fcckliche vorherige schriftliche Zustimmung von MOKI vape auf einen anderen Computer, Server, eine Website oder ein anderes Medium zur Ver\u00f6ffentlichung oder Verteilung oder f\u00fcr kommerzielle Zwecke kopiert, reproduziert, neu ver\u00f6ffentlicht, hochgeladen, gepostet, \u00f6ffentlich ausgestellt, kodiert, \u00fcbersetzt, \u00fcbertragen oder auf irgendeine Weise verteilt werden (einschlie\u00dflich \"Spiegelung\").<\/p>\n\n\n\n<h3 class=\"wp-block-heading\">Farben<\/h3>\n\n\n\n<p>Wir haben uns bem\u00fcht, die Farben unserer Produkte, die auf der Website erscheinen, so genau wie m\u00f6glich darzustellen. Da die tats\u00e4chlichen Farben, die Sie sehen, jedoch von Ihrem Monitor abh\u00e4ngen, k\u00f6nnen wir nicht garantieren, dass Ihr Monitor jede Farbe korrekt anzeigt.<\/p>\n\n\n\n<h3 class=\"wp-block-heading\">Urheberrecht<\/h3>\n\n\n\n<p>Das Urheberrecht an dieser Website (einschlie\u00dflich, aber nicht beschr\u00e4nkt auf Texte, Grafiken, Logos, Sounds und Videos) ist Eigentum von MOKI vape und wird von ihm lizenziert. Alle auf dieser Website enthaltenen Materialien sind durch chinesisches und internationales Urheberrecht gesch\u00fctzt und d\u00fcrfen ohne vorherige schriftliche Genehmigung von MOKI vape nicht kopiert, reproduziert, verteilt, \u00fcbertragen, angezeigt, ver\u00f6ffentlicht, angepasst oder in irgendeiner Form oder mit irgendwelchen Mitteln oder in irgendeinem Medium bearbeitet werden. Sie d\u00fcrfen keine Urheberrechts- oder andere Hinweise von Kopien des Inhalts ver\u00e4ndern oder entfernen. Sie d\u00fcrfen ohne die ausdr\u00fcckliche schriftliche Genehmigung von MOKI vape kein auf dieser Website oder einem anderen Server enthaltenes Material spiegeln\". Jegliche hierin gew\u00e4hrte Erlaubnis endet automatisch und ohne weitere Benachrichtigung, wenn Sie eine der oben genannten Bedingungen verletzen. Nach einer solchen Beendigung verpflichten Sie sich, alle heruntergeladenen und\/oder gedruckten Materialien sofort zu vernichten. Jegliche unbefugte Nutzung des auf dieser Website enthaltenen Materials kann gegen nationale und\/oder internationale Urheberrechtsgesetze, Gesetze zum Schutz der Privatsph\u00e4re und der \u00d6ffentlichkeit sowie gegen Kommunikationsgesetze, Vorschriften und Gesetze versto\u00dfen.<\/p>\n\n\n\n<h3 class=\"wp-block-heading\">\u00dcberarbeitungen<\/h3>\n\n\n\n<p>Die Materialien auf der Website von MOKI vape k\u00f6nnen technische, typografische oder fotografische Fehler enthalten. MOKI vape \u00fcbernimmt keine Garantie f\u00fcr die Richtigkeit, Vollst\u00e4ndigkeit oder Aktualit\u00e4t des Materials auf seiner Website. MOKI vape kann jederzeit und ohne Vorank\u00fcndigung \u00c4nderungen an den Materialien auf seiner Website vornehmen. MOKI vape \u00fcbernimmt jedoch keine Verpflichtung zur Aktualisierung des Materials.<\/p>\n\n\n\n<h3 class=\"wp-block-heading\">Markenzeichen<\/h3>\n\n\n\n<p>MOKI vape ist eine Marke von MOKI vape Co., Ltd. und ist gesetzlich gesch\u00fctzt. Sie darf nur mit vorheriger schriftlicher Genehmigung von MOKI vape Co., Ltd. in jedem einzelnen Fall verwendet werden. Die Verwendung der Marke MOKI vape f\u00fcr kommerzielle Zwecke ohne die vorherige schriftliche Genehmigung von MOKI vape stellt eine Markenrechtsverletzung und unlauteren Wettbewerb dar und verst\u00f6\u00dft gegen das Gesetz.<\/p>\n\n\n\n<h3 class=\"wp-block-heading\">Haftungsausschl\u00fcsse<\/h3>\n\n\n\n<p>MOKI VAPE VERSPRICHT NICHT, DASS DIE WEBSITE ODER IRGENDEIN INHALT, EINE DIENSTLEISTUNG ODER EINE FUNKTION DER WEBSITE FEHLERFREI ODER UNUNTERBROCHEN FUNKTIONIEREN WIRD, ODER DASS IRGENDWELCHE M\u00c4NGEL BEHOBEN WERDEN, ODER DASS IHRE NUTZUNG DER WEBSITE BESTIMMTE ERGEBNISSE LIEFERN WIRD. DIE SEITE UND IHR INHALT WERDEN OHNE M\u00c4NGELGEW\u00c4HR\" UND UND \"WIE VERF\u00dcGBAR\" ZUR VERF\u00dcGUNG GESTELLT. ALLE INFORMATIONEN AUF DER SEITE K\u00d6NNEN OHNE VORHERIGE ANK\u00dcNDIGUNG GE\u00c4NDERT WERDEN. MOKI vape kann nicht garantieren, dass Dateien oder andere Daten, die Sie von der Website herunterladen, frei von Viren, Verunreinigungen oder sch\u00e4dlichen Elementen sind. MOKI vape LEHNT ALLE AUSDR\u00dcCKLICHEN ODER STILLSCHWEIGENDEN GEW\u00c4HRLEISTUNGEN AB, EINSCHLIESSLICH JEGLICHER GEW\u00c4HRLEISTUNGEN F\u00dcR GENAUIGKEIT, NICHTVERLETZUNG, HANDELS\u00dcBLICHKEIT UND EIGNUNG F\u00dcR EINEN BESTIMMTEN ZWECK. MOKI vape lehnt jegliche Haftung f\u00fcr die Handlungen, Unterlassungen und das Verhalten Dritter in Verbindung mit Ihrer Nutzung der Website und\/oder jeglicher MOKI vape-Dienste ab. SIE \u00dcBERNEHMEN DIE VOLLE VERANTWORTUNG F\u00dcR DIE NUTZUNG DER SEITE UND ALLER VERLINKTEN SEITEN. IHR EINZIGES RECHTSMITTEL GEGEN MOKI vape BEI UNFRIEDLICHKEIT MIT DER WEBSITE ODER JEGLICHEN INHALTEN IST, DIE NUTZUNG DER WEBSITE ODER JEGLICHER INHALTE ZU BEENDEN. DIESE EINSCHR\u00c4NKUNG DES RECHTSSCHUTZES IST EIN TEIL DER VEREINBARUNG ZWISCHEN DEN PARTEIEN.<\/p>\n\n\n\n<p>Der obige Haftungsausschluss gilt f\u00fcr alle Sch\u00e4den, Haftungen oder Verletzungen, die durch ein Versagen der Leistung, einen Fehler, eine Auslassung, eine Unterbrechung, eine L\u00f6schung, einen Defekt, eine Verz\u00f6gerung beim Betrieb oder bei der \u00dcbertragung, einen Computervirus, einen Ausfall der Kommunikationsleitung, einen Diebstahl oder eine Zerst\u00f6rung oder einen unbefugten Zugriff, eine \u00c4nderung oder eine Nutzung verursacht werden, unabh\u00e4ngig davon, ob es sich um einen Vertragsbruch, eine unerlaubte Handlung, eine Fahrl\u00e4ssigkeit oder einen anderen Klagegrund handelt.<\/p>\n\n\n\n<p>MOKI vape beh\u00e4lt sich das Recht vor, jederzeit und ohne Vorank\u00fcndigung eine der folgenden Ma\u00dfnahmen zu ergreifen: (1) den Betrieb oder den Zugriff auf die Website oder einen Teil der Website aus beliebigen Gr\u00fcnden zu modifizieren, auszusetzen oder zu beenden; (2) die Website oder einen Teil der Website sowie alle anwendbaren Richtlinien oder Bedingungen zu modifizieren oder zu \u00e4ndern; und (3) den Betrieb der Website oder eines Teils der Website zu unterbrechen, wenn dies zur Durchf\u00fchrung von routinem\u00e4\u00dfigen oder nicht routinem\u00e4\u00dfigen Wartungsarbeiten, Fehlerkorrekturen oder anderen \u00c4nderungen erforderlich ist.<\/p>\n\n\n\n<h3 class=\"wp-block-heading\">Sonstiges<\/h3>\n\n\n\n<p>Es ist Ihnen nicht gestattet, Inhalte oder Kopien oder Anpassungen dieser Inhalte oder auf der Website angebotene Produkte oder Dienstleistungen zu verwenden oder zu exportieren oder zu reexportieren, wenn dies gegen geltende Gesetze oder Vorschriften verst\u00f6\u00dft, insbesondere gegen die Exportgesetze und -vorschriften der USA.<\/p>\n\n\n\n<p>Sollte eine der Bestimmungen dieser Nutzungsbedingungen von einem Gericht oder einer anderen zust\u00e4ndigen Gerichtsbarkeit f\u00fcr ung\u00fcltig oder nicht durchsetzbar befunden werden, werden diese Bestimmungen auf das erforderliche Mindestma\u00df beschr\u00e4nkt oder aufgehoben und durch eine g\u00fcltige Bestimmung ersetzt, die die Absicht dieser Nutzungsbedingungen am besten verk\u00f6rpert, so dass diese Nutzungsbedingungen in vollem Umfang in Kraft bleiben. Diese Nutzungsbedingungen stellen die gesamte Vereinbarung zwischen Ihnen und MOKI vape in Bezug auf Ihre Nutzung der Website dar, und alle anderen schriftlichen oder m\u00fcndlichen Vereinbarungen oder Absprachen, die zuvor zwischen Ihnen und MOKI vape in Bezug auf diese Nutzung bestanden, werden hiermit ersetzt und aufgehoben. Abgesehen von einem Kaufvertrag, den Sie mit MOKI vape abschlie\u00dfen, akzeptiert MOKI vape keine Gegenangebote zu diesen Nutzungsbedingungen, und alle derartigen Angebote werden hiermit kategorisch abgelehnt. Das Vers\u00e4umnis von MOKI vape, auf der strikten Einhaltung dieser Nutzungsbedingungen zu bestehen oder diese durchzusetzen, kann nicht als Verzicht von MOKI vape auf eine Bestimmung oder ein Recht zur Durchsetzung dieser Nutzungsbedingungen ausgelegt werden, noch kann eine Verhaltensweise zwischen MOKI vape und Ihnen oder einer anderen Partei als \u00c4nderung einer Bestimmung dieser Nutzungsbedingungen angesehen werden. Diese Nutzungsbedingungen d\u00fcrfen nicht dahingehend interpretiert oder ausgelegt werden, dass sie Dritten irgendwelche Rechte oder Rechtsmittel \u00fcbertragen.<\/p>\n\n\n\n<p>MOKI vape bietet Zugang zu internationalen Daten von MOKI vape und kann daher Hinweise oder Querverweise auf Produkte, Programme und Dienstleistungen von MOKI vape enthalten, die in Ihrem Land nicht angek\u00fcndigt sind. Ein solcher Verweis bedeutet nicht, dass MOKI vape in Ihrem Land beabsichtigt, solche Produkte, Programme oder Dienstleistungen anzuk\u00fcndigen.<\/p>\n\n\n\n<h3 class=\"wp-block-heading\">R\u00fcckmeldungen und Informationen<\/h3>\n\n\n\n<p>Jedes Feedback, das Sie auf dieser Website geben, wird als nicht vertraulich betrachtet. MOKI vape steht es frei, diese Informationen uneingeschr\u00e4nkt zu nutzen.<\/p>\n\n\n\n<h3 class=\"wp-block-heading\">MOKI vape Kommunikation<\/h3>\n\n\n\n<p>Sie erkl\u00e4ren sich damit einverstanden, dass MOKI vape Ihnen elektronische Post zusendet, um Sie \u00fcber \u00c4nderungen oder Erg\u00e4nzungen auf dieser Website, \u00fcber Produkte oder Dienstleistungen von MOKI vape oder f\u00fcr andere Zwecke, die MOKI vape f\u00fcr angemessen h\u00e4lt, zu informieren.<\/p>\n\n\n\n<h3 class=\"wp-block-heading\">Websites von Dritten<\/h3>\n\n\n\n<p>MOKI mokivape.com kann Links zu anderen Websites im Internet enthalten, die Dritten geh\u00f6ren und von ihnen betrieben werden. Wir haben keine Kontrolle \u00fcber die Informationen, Dienstleistungen oder Produkte, die auf diesen Websites Dritter verf\u00fcgbar sind. Die Aufnahme von Links zu diesen Websites bedeutet nicht, dass wir die Website guthei\u00dfen oder mit den Eigent\u00fcmern\/Betreibern der Website in Verbindung stehen. Da wir keine Kontrolle \u00fcber solche Websites und Ressourcen haben, sind Sie damit einverstanden, dass wir in keiner Weise f\u00fcr die Verf\u00fcgbarkeit oder den Betrieb dieser externen Websites verantwortlich oder haftbar sind. Wir sind nicht verantwortlich oder haftbar f\u00fcr jegliches Material, das sich auf diesen Websites befindet oder dort verf\u00fcgbar ist, f\u00fcr den Schutz Ihrer Daten durch Dritte; sobald Sie unsere Website verlassen, k\u00f6nnen wir nicht f\u00fcr den Schutz oder die Sicherheit von Informationen an anderer Stelle garantieren. Sollten Sie an Werbeaktionen teilnehmen, die von Werbetreibenden auf der Website angeboten werden, und dies schlie\u00dft die Bezahlung und Lieferung dieser Waren oder Dienstleistungen ein, sowie alle anderen Bedingungen, Garantien oder Zusicherungen, die mit diesen Gesch\u00e4ften und\/oder Werbeaktionen verbunden sind, sind solche Interaktionen zwischen Ihnen und dem jeweiligen Werbetreibenden\/Dritten. Sie erkl\u00e4ren sich damit einverstanden, dass wir weder direkt noch indirekt f\u00fcr Verluste oder Sch\u00e4den verantwortlich oder haftbar sind, die durch die Nutzung von oder das Vertrauen auf solches Material entstehen, das auf oder \u00fcber eine Website oder Gesch\u00e4fte oder Werbeaktionen verf\u00fcgbar ist.<\/p>\n\n\n\n<h3 class=\"wp-block-heading\">Verlorene oder gestohlene Pakete<\/h3>\n\n\n\n<p>MOKI vape ist nicht verantwortlich f\u00fcr verlorene oder gestohlene Pakete. Wenn Sie ein Paket nicht erhalten haben, das als zugestellt markiert ist, liegt es in Ihrer Verantwortung, dieses Problem mit der Post zu kl\u00e4ren. Verlorene oder gestohlene Pakete sind sehr frustrierend und wir werden unser Bestes tun, um Ihnen zu helfen, das Problem zu l\u00f6sen. Bitte haben Sie jedoch Verst\u00e4ndnis daf\u00fcr, dass wir darauf keinen Einfluss haben und Sie sich an die Post wenden m\u00fcssen, um Hilfe zu erhalten.<\/p>","protected":false},"excerpt":{"rendered":"<p>TERMS &amp; CONDITIONS These Terms and Conditions of Use (\u2018Agreement\u2019) apply to the MOKI vape web located at mokivape.com and all associated sites linked to mokivape.com by MOKI vape, its subsidiaries and affiliates, including MOKI vape sites all around the word(collectively, the \u201csite\u201d). The site of MOKI vape and its licensors. BY USING THE SITE, [&hellip;]<\/p>","protected":false},"author":1,"featured_media":0,"parent":0,"menu_order":0,"comment_status":"closed","ping_status":"closed","template":"","meta":{"footnotes":""},"class_list":["post-6791","page","type-page","status-publish","hentry"],"_links":{"self":[{"href":"https:\/\/www.mokivape.com\/de\/wp-json\/wp\/v2\/pages\/6791","targetHints":{"allow":["GET"]}}],"collection":[{"href":"https:\/\/www.mokivape.com\/de\/wp-json\/wp\/v2\/pages"}],"about":[{"href":"https:\/\/www.mokivape.com\/de\/wp-json\/wp\/v2\/types\/page"}],"author":[{"embeddable":true,"href":"https:\/\/www.mokivape.com\/de\/wp-json\/wp\/v2\/users\/1"}],"replies":[{"embeddable":true,"href":"https:\/\/www.mokivape.com\/de\/wp-json\/wp\/v2\/comments?post=6791"}],"version-history":[{"count":0,"href":"https:\/\/www.mokivape.com\/de\/wp-json\/wp\/v2\/pages\/6791\/revisions"}],"wp:attachment":[{"href":"https:\/\/www.mokivape.com\/de\/wp-json\/wp\/v2\/media?parent=6791"}],"curies":[{"name":"wp","href":"https:\/\/api.w.org\/{rel}","templated":true}]}}