{"id":1896,"date":"2024-08-21T03:39:37","date_gmt":"2024-08-21T03:39:37","guid":{"rendered":"https:\/\/www.mokiecig.com\/?page_id=1896"},"modified":"2025-12-08T02:05:50","modified_gmt":"2025-12-08T02:05:50","slug":"info-center","status":"publish","type":"page","link":"https:\/\/www.mokivape.com\/de\/infozentrum\/","title":{"rendered":"Info-Center"},"content":{"rendered":"<div data-elementor-type=\"wp-page\" data-elementor-id=\"1896\" class=\"elementor elementor-1896\" data-elementor-post-type=\"page\">\n\t\t\t\t<div class=\"elementor-element elementor-element-95fd2a5 e-con-full e-flex e-con e-parent\" data-id=\"95fd2a5\" data-element_type=\"container\" data-settings=\"{&quot;background_background&quot;:&quot;classic&quot;}\">\n\t\t<div class=\"elementor-element elementor-element-587c257 e-con-full e-flex e-con e-child\" data-id=\"587c257\" data-element_type=\"container\" data-settings=\"{&quot;background_background&quot;:&quot;classic&quot;}\">\n\t\t<div class=\"elementor-element elementor-element-05d18d2 e-flex e-con-boxed e-con e-child\" data-id=\"05d18d2\" data-element_type=\"container\">\n\t\t\t\t\t<div class=\"e-con-inner\">\n\t\t\t\t<div class=\"elementor-element elementor-element-38bb0e2 elementor-widget elementor-widget-heading\" data-id=\"38bb0e2\" data-element_type=\"widget\" data-widget_type=\"heading.default\">\n\t\t\t\t<div class=\"elementor-widget-container\">\n\t\t\t\t\t<h1 class=\"elementor-heading-title elementor-size-default\">Info-Center<\/h1>\t\t\t\t<\/div>\n\t\t\t\t<\/div>\n\t\t\t\t<div class=\"elementor-element elementor-element-6ad73c9 elementor-widget elementor-widget-woocommerce-breadcrumb\" data-id=\"6ad73c9\" data-element_type=\"widget\" data-widget_type=\"woocommerce-breadcrumb.default\">\n\t\t\t\t<div class=\"elementor-widget-container\">\n\t\t\t\t\t<nav class=\"woocommerce-breadcrumb\" aria-label=\"Breadcrumb\" data-no-translation=\"\" data-trp-gettext=\"\">Startseite<\/nav>\t\t\t\t<\/div>\n\t\t\t\t<\/div>\n\t\t\t\t\t<\/div>\n\t\t\t\t<\/div>\n\t\t\t\t<\/div>\n\t\t\t\t<\/div>\n\t\t<div class=\"elementor-element elementor-element-e0fddcf e-flex e-con-boxed e-con e-parent\" data-id=\"e0fddcf\" data-element_type=\"container\">\n\t\t\t\t\t<div class=\"e-con-inner\">\n\t\t\t\t<div class=\"elementor-element elementor-element-e3db83c elementor-grid-3 elementor-grid-tablet-2 elementor-grid-mobile-1 elementor-widget elementor-widget-loop-grid\" data-id=\"e3db83c\" data-element_type=\"widget\" data-settings=\"{&quot;template_id&quot;:8558,&quot;pagination_type&quot;:&quot;load_more_on_click&quot;,&quot;_skin&quot;:&quot;post&quot;,&quot;columns&quot;:&quot;3&quot;,&quot;columns_tablet&quot;:&quot;2&quot;,&quot;columns_mobile&quot;:&quot;1&quot;,&quot;edit_handle_selector&quot;:&quot;[data-elementor-type=\\&quot;loop-item\\&quot;]&quot;,&quot;load_more_spinner&quot;:{&quot;value&quot;:&quot;fas fa-spinner&quot;,&quot;library&quot;:&quot;fa-solid&quot;},&quot;row_gap&quot;:{&quot;unit&quot;:&quot;px&quot;,&quot;size&quot;:&quot;&quot;,&quot;sizes&quot;:[]},&quot;row_gap_tablet&quot;:{&quot;unit&quot;:&quot;px&quot;,&quot;size&quot;:&quot;&quot;,&quot;sizes&quot;:[]},&quot;row_gap_mobile&quot;:{&quot;unit&quot;:&quot;px&quot;,&quot;size&quot;:&quot;&quot;,&quot;sizes&quot;:[]}}\" data-widget_type=\"loop-grid.post\">\n\t\t\t\t<div class=\"elementor-widget-container\">\n\t\t\t\t\t\t\t<div class=\"elementor-loop-container elementor-grid\">\n\t\t<style id=\"loop-8558\">.elementor-8558 .elementor-element.elementor-element-eec36ea{--display:flex;}.elementor-8558 .elementor-element.elementor-element-eed243f .elementor-heading-title{font-size:1em;}.elementor-8558 .elementor-element.elementor-element-eed243f .elementor-heading-title a:hover, .elementor-8558 .elementor-element.elementor-element-eed243f .elementor-heading-title a:focus{color:var( --e-global-color-accent );}\/* Start custom CSS for theme-post-featured-image, class: .elementor-element-6207911 *\/.blog-img a {\r\n    aspect-ratio: 1.33;\r\n}\r\n.blog-img img {\r\n    object-fit: cover;\r\n    height: 100%;\r\n    min-width: 100%;\r\n}\/* End custom CSS *\/<\/style>\t\t<div data-elementor-type=\"loop-item\" data-elementor-id=\"8558\" class=\"elementor elementor-8558 e-loop-item e-loop-item-8581 post-8581 post type-post status-publish format-standard has-post-thumbnail hentry category-moki-events-vape-manufacturing-services\" data-elementor-post-type=\"elementor_library\" data-custom-edit-handle=\"1\">\n\t\t\t<div class=\"elementor-element elementor-element-eec36ea e-flex e-con-boxed e-con e-parent\" data-id=\"eec36ea\" data-element_type=\"container\">\n\t\t\t\t\t<div class=\"e-con-inner\">\n\t\t\t\t<div class=\"elementor-element elementor-element-6207911 blog-img elementor-widget elementor-widget-theme-post-featured-image elementor-widget-image\" data-id=\"6207911\" data-element_type=\"widget\" data-widget_type=\"theme-post-featured-image.default\">\n\t\t\t\t<div class=\"elementor-widget-container\">\n\t\t\t\t\t\t\t\t\t\t\t\t\t\t\t\t<a href=\"https:\/\/www.mokivape.com\/de\/miimu-keramikkern-tech-produkte-auf-der-vaper-expo-uk\/\" target=\"_blank\">\n\t\t\t\t\t\t\t<img fetchpriority=\"high\" decoding=\"async\" width=\"1080\" height=\"963\" src=\"https:\/\/www.mokivape.com\/wp-content\/uploads\/moki_at_vaper_expo_uk_1.webp\" class=\"attachment-large size-large wp-image-8582\" alt=\"MOKI stellt auf der Vaper Expo UK 2025 eine Reihe von MiiMU-Keramik-Kernprodukten vor\" srcset=\"https:\/\/www.mokivape.com\/wp-content\/uploads\/moki_at_vaper_expo_uk_1.webp 1080w, https:\/\/www.mokivape.com\/wp-content\/uploads\/moki_at_vaper_expo_uk_1-768x685.webp 768w, https:\/\/www.mokivape.com\/wp-content\/uploads\/moki_at_vaper_expo_uk_1-13x12.webp 13w, https:\/\/www.mokivape.com\/wp-content\/uploads\/moki_at_vaper_expo_uk_1-600x535.webp 600w\" sizes=\"(max-width: 1080px) 100vw, 1080px\" \/>\t\t\t\t\t\t\t\t<\/a>\n\t\t\t\t\t\t\t\t\t\t\t\t\t\t\t<\/div>\n\t\t\t\t<\/div>\n\t\t\t\t<div class=\"elementor-element elementor-element-eed243f elementor-widget elementor-widget-theme-post-title elementor-page-title elementor-widget-heading\" data-id=\"eed243f\" data-element_type=\"widget\" data-widget_type=\"theme-post-title.default\">\n\t\t\t\t<div class=\"elementor-widget-container\">\n\t\t\t\t\t<h3 class=\"elementor-heading-title elementor-size-default\"><a href=\"https:\/\/www.mokivape.com\/de\/miimu-keramikkern-tech-produkte-auf-der-vaper-expo-uk\/\" target=\"_blank\">MOKI stellt auf der Vaper Expo UK 2025 eine Reihe von MiiMU-Keramik-Kernprodukten vor<\/a><\/h3>\t\t\t\t<\/div>\n\t\t\t\t<\/div>\n\t\t\t\t<div class=\"elementor-element elementor-element-92f538b elementor-widget elementor-widget-theme-post-excerpt\" data-id=\"92f538b\" data-element_type=\"widget\" data-widget_type=\"theme-post-excerpt.default\">\n\t\t\t\t<div class=\"elementor-widget-container\">\n\t\t\t\t\t<p>Birmingham, UK - Vom 9. bis 11. Mai wurde Europas gr\u00f6\u00dfte Veranstaltung der Vaping-Branche, die Vaper Expo UK 2025, im NEC Exhibition Centre feierlich er\u00f6ffnet. Als weltweiter Marktf\u00fchrer in der Zerst\u00e4ubungstechnologie kehrte MOKI nach Birmingham zur\u00fcck...\t\t\t\t<\/div>\n\t\t\t\t<\/div>\n\t\t\t\t\t<\/div>\n\t\t\t\t<\/div>\n\t\t\t\t<\/div>\n\t\t\t\t<div data-elementor-type=\"loop-item\" data-elementor-id=\"8558\" class=\"elementor elementor-8558 e-loop-item e-loop-item-8571 post-8571 post type-post status-publish format-standard has-post-thumbnail hentry category-moki-events-vape-manufacturing-services\" data-elementor-post-type=\"elementor_library\" data-custom-edit-handle=\"1\">\n\t\t\t<div class=\"elementor-element elementor-element-eec36ea e-flex e-con-boxed e-con e-parent\" data-id=\"eec36ea\" data-element_type=\"container\">\n\t\t\t\t\t<div class=\"e-con-inner\">\n\t\t\t\t<div class=\"elementor-element elementor-element-6207911 blog-img elementor-widget elementor-widget-theme-post-featured-image elementor-widget-image\" data-id=\"6207911\" data-element_type=\"widget\" data-widget_type=\"theme-post-featured-image.default\">\n\t\t\t\t<div class=\"elementor-widget-container\">\n\t\t\t\t\t\t\t\t\t\t\t\t\t\t\t\t<a href=\"https:\/\/www.mokivape.com\/de\/revolutioniert-das-dampfen-mit-miimu-keramik-technologie\/\" target=\"_blank\">\n\t\t\t\t\t\t\t<img decoding=\"async\" width=\"1064\" height=\"810\" src=\"https:\/\/www.mokivape.com\/wp-content\/uploads\/MOKI_Technology_at_Vape_Club_Show_Russia_1.webp\" class=\"attachment-large size-large wp-image-8572\" alt=\"Mit MIIMU Ceramic Tech in Novosibirsk das Dampfen revolutionieren\" srcset=\"https:\/\/www.mokivape.com\/wp-content\/uploads\/MOKI_Technology_at_Vape_Club_Show_Russia_1.webp 1064w, https:\/\/www.mokivape.com\/wp-content\/uploads\/MOKI_Technology_at_Vape_Club_Show_Russia_1-768x585.webp 768w, https:\/\/www.mokivape.com\/wp-content\/uploads\/MOKI_Technology_at_Vape_Club_Show_Russia_1-16x12.webp 16w, https:\/\/www.mokivape.com\/wp-content\/uploads\/MOKI_Technology_at_Vape_Club_Show_Russia_1-600x457.webp 600w\" sizes=\"(max-width: 1064px) 100vw, 1064px\" \/>\t\t\t\t\t\t\t\t<\/a>\n\t\t\t\t\t\t\t\t\t\t\t\t\t\t\t<\/div>\n\t\t\t\t<\/div>\n\t\t\t\t<div class=\"elementor-element elementor-element-eed243f elementor-widget elementor-widget-theme-post-title elementor-page-title elementor-widget-heading\" data-id=\"eed243f\" data-element_type=\"widget\" data-widget_type=\"theme-post-title.default\">\n\t\t\t\t<div class=\"elementor-widget-container\">\n\t\t\t\t\t<h3 class=\"elementor-heading-title elementor-size-default\"><a href=\"https:\/\/www.mokivape.com\/de\/revolutioniert-das-dampfen-mit-miimu-keramik-technologie\/\" target=\"_blank\">Mit MIIMU Ceramic Tech in Novosibirsk das Dampfen revolutionieren<\/a><\/h3>\t\t\t\t<\/div>\n\t\t\t\t<\/div>\n\t\t\t\t<div class=\"elementor-element elementor-element-92f538b elementor-widget elementor-widget-theme-post-excerpt\" data-id=\"92f538b\" data-element_type=\"widget\" data-widget_type=\"theme-post-excerpt.default\">\n\t\t\t\t<div class=\"elementor-widget-container\">\n\t\t\t\t\t<p>MOKI beeindruckt auf der VAPE CLUB SHOW 2025: Revolutionierung des Vapings mit MIIMU Ceramic Tech in Novosibirsk Novosibirsk, Russland - Das Herz Sibiriens war Gastgeber f\u00fcr eine der wichtigsten Vaping-Veranstaltungen Osteuropas, die VAPE CLUB SHOW...\t\t\t\t<\/div>\n\t\t\t\t<\/div>\n\t\t\t\t\t<\/div>\n\t\t\t\t<\/div>\n\t\t\t\t<\/div>\n\t\t\t\t<div data-elementor-type=\"loop-item\" data-elementor-id=\"8558\" class=\"elementor elementor-8558 e-loop-item e-loop-item-8564 post-8564 post type-post status-publish format-standard has-post-thumbnail hentry category-moki-events-vape-manufacturing-services\" data-elementor-post-type=\"elementor_library\" data-custom-edit-handle=\"1\">\n\t\t\t<div class=\"elementor-element elementor-element-eec36ea e-flex e-con-boxed e-con e-parent\" data-id=\"eec36ea\" data-element_type=\"container\">\n\t\t\t\t\t<div class=\"e-con-inner\">\n\t\t\t\t<div class=\"elementor-element elementor-element-6207911 blog-img elementor-widget elementor-widget-theme-post-featured-image elementor-widget-image\" data-id=\"6207911\" data-element_type=\"widget\" data-widget_type=\"theme-post-featured-image.default\">\n\t\t\t\t<div class=\"elementor-widget-container\">\n\t\t\t\t\t\t\t\t\t\t\t\t\t\t\t\t<a href=\"https:\/\/www.mokivape.com\/de\/moki-erregt-aufmerksamkeit-auf-der-world-vape-show-2025\/\" target=\"_blank\">\n\t\t\t\t\t\t\t<img decoding=\"async\" width=\"1080\" height=\"810\" src=\"https:\/\/www.mokivape.com\/wp-content\/uploads\/moki-at-world-vape-show-Dubai.webp\" class=\"attachment-large size-large wp-image-8565\" alt=\"MOKI pr\u00e4sentiert regionale Innovationen und bahnbrechende Keramiktechnologie auf der World Vape Show 2025 und erregt weltweite Aufmerksamkeit\" srcset=\"https:\/\/www.mokivape.com\/wp-content\/uploads\/moki-at-world-vape-show-Dubai.webp 1080w, https:\/\/www.mokivape.com\/wp-content\/uploads\/moki-at-world-vape-show-Dubai-768x576.webp 768w, https:\/\/www.mokivape.com\/wp-content\/uploads\/moki-at-world-vape-show-Dubai-16x12.webp 16w, https:\/\/www.mokivape.com\/wp-content\/uploads\/moki-at-world-vape-show-Dubai-600x450.webp 600w\" sizes=\"(max-width: 1080px) 100vw, 1080px\" \/>\t\t\t\t\t\t\t\t<\/a>\n\t\t\t\t\t\t\t\t\t\t\t\t\t\t\t<\/div>\n\t\t\t\t<\/div>\n\t\t\t\t<div class=\"elementor-element elementor-element-eed243f elementor-widget elementor-widget-theme-post-title elementor-page-title elementor-widget-heading\" data-id=\"eed243f\" data-element_type=\"widget\" data-widget_type=\"theme-post-title.default\">\n\t\t\t\t<div class=\"elementor-widget-container\">\n\t\t\t\t\t<h3 class=\"elementor-heading-title elementor-size-default\"><a href=\"https:\/\/www.mokivape.com\/de\/moki-erregt-aufmerksamkeit-auf-der-world-vape-show-2025\/\" target=\"_blank\">MOKI erregt weltweite Aufmerksamkeit auf der World Vape Show 2025<\/a><\/h3>\t\t\t\t<\/div>\n\t\t\t\t<\/div>\n\t\t\t\t<div class=\"elementor-element elementor-element-92f538b elementor-widget elementor-widget-theme-post-excerpt\" data-id=\"92f538b\" data-element_type=\"widget\" data-widget_type=\"theme-post-excerpt.default\">\n\t\t\t\t<div class=\"elementor-widget-container\">\n\t\t\t\t\t<p>MOKI pr\u00e4sentiert regionale Innovationen und bahnbrechende Keramiktechnologie auf der World Vape Show 2025 und erregt weltweit Aufmerksamkeit #VapeNews #Innovation Dubai, Vereinigte Arabische Emirate - 23. Juni 2025 - Die World Vape Show 2025, das gr\u00f6\u00dfte globale Treffen der Branche,...\t\t\t\t<\/div>\n\t\t\t\t<\/div>\n\t\t\t\t\t<\/div>\n\t\t\t\t<\/div>\n\t\t\t\t<\/div>\n\t\t\t\t<div data-elementor-type=\"loop-item\" data-elementor-id=\"8558\" class=\"elementor elementor-8558 e-loop-item e-loop-item-8563 post-8563 post type-post status-publish format-standard has-post-thumbnail hentry category-vape-blog-vaping-guide-pod-kits-cartridge-oem-service\" data-elementor-post-type=\"elementor_library\" data-custom-edit-handle=\"1\">\n\t\t\t<div class=\"elementor-element elementor-element-eec36ea e-flex e-con-boxed e-con e-parent\" data-id=\"eec36ea\" data-element_type=\"container\">\n\t\t\t\t\t<div class=\"e-con-inner\">\n\t\t\t\t<div class=\"elementor-element elementor-element-6207911 blog-img elementor-widget elementor-widget-theme-post-featured-image elementor-widget-image\" data-id=\"6207911\" data-element_type=\"widget\" data-widget_type=\"theme-post-featured-image.default\">\n\t\t\t\t<div class=\"elementor-widget-container\">\n\t\t\t\t\t\t\t\t\t\t\t\t\t\t\t\t<a href=\"https:\/\/www.mokivape.com\/de\/5-sterne-leitfaden-fur-wiederaufladbare-vape-pens\/\" target=\"_blank\">\n\t\t\t\t\t\t\t<img loading=\"lazy\" decoding=\"async\" width=\"1920\" height=\"1080\" src=\"https:\/\/www.mokivape.com\/wp-content\/uploads\/M4_b_11.webp\" class=\"attachment-large size-large wp-image-8290\" alt=\"M4 Wiederaufladbare Vape Pens mit Fruchtgeschmack\" srcset=\"https:\/\/www.mokivape.com\/wp-content\/uploads\/M4_b_11.webp 1920w, https:\/\/www.mokivape.com\/wp-content\/uploads\/M4_b_11-768x432.webp 768w, https:\/\/www.mokivape.com\/wp-content\/uploads\/M4_b_11-1536x864.webp 1536w, https:\/\/www.mokivape.com\/wp-content\/uploads\/M4_b_11-18x10.webp 18w, https:\/\/www.mokivape.com\/wp-content\/uploads\/M4_b_11-600x338.webp 600w\" sizes=\"(max-width: 1920px) 100vw, 1920px\" \/>\t\t\t\t\t\t\t\t<\/a>\n\t\t\t\t\t\t\t\t\t\t\t\t\t\t\t<\/div>\n\t\t\t\t<\/div>\n\t\t\t\t<div class=\"elementor-element elementor-element-eed243f elementor-widget elementor-widget-theme-post-title elementor-page-title elementor-widget-heading\" data-id=\"eed243f\" data-element_type=\"widget\" data-widget_type=\"theme-post-title.default\">\n\t\t\t\t<div class=\"elementor-widget-container\">\n\t\t\t\t\t<h3 class=\"elementor-heading-title elementor-size-default\"><a href=\"https:\/\/www.mokivape.com\/de\/5-sterne-leitfaden-fur-wiederaufladbare-vape-pens\/\" target=\"_blank\">5-Sterne-Leitfaden f\u00fcr wiederaufladbare Vape Pens: Maximale Bequemlichkeit und Sicherheit<\/a><\/h3>\t\t\t\t<\/div>\n\t\t\t\t<\/div>\n\t\t\t\t<div class=\"elementor-element elementor-element-92f538b elementor-widget elementor-widget-theme-post-excerpt\" data-id=\"92f538b\" data-element_type=\"widget\" data-widget_type=\"theme-post-excerpt.default\">\n\t\t\t\t<div class=\"elementor-widget-container\">\n\t\t\t\t\t<p>Das Dampfen ist zu einer beliebten Alternative zum traditionellen Rauchen geworden, wobei neue Ger\u00e4te wie wiederaufladbare Vape Pens aufgrund ihrer Bequemlichkeit und Kosteneffizienz an Beliebtheit gewinnen. In diesem Leitfaden erfahren Sie, wie Sie einen Vape Pen aufladen...\t\t\t\t<\/div>\n\t\t\t\t<\/div>\n\t\t\t\t\t<\/div>\n\t\t\t\t<\/div>\n\t\t\t\t<\/div>\n\t\t\t\t<div data-elementor-type=\"loop-item\" data-elementor-id=\"8558\" class=\"elementor elementor-8558 e-loop-item e-loop-item-8560 post-8560 post type-post status-publish format-standard has-post-thumbnail hentry category-vape-blog-vaping-guide-pod-kits-cartridge-oem-service\" data-elementor-post-type=\"elementor_library\" data-custom-edit-handle=\"1\">\n\t\t\t<div class=\"elementor-element elementor-element-eec36ea e-flex e-con-boxed e-con e-parent\" data-id=\"eec36ea\" data-element_type=\"container\">\n\t\t\t\t\t<div class=\"e-con-inner\">\n\t\t\t\t<div class=\"elementor-element elementor-element-6207911 blog-img elementor-widget elementor-widget-theme-post-featured-image elementor-widget-image\" data-id=\"6207911\" data-element_type=\"widget\" data-widget_type=\"theme-post-featured-image.default\">\n\t\t\t\t<div class=\"elementor-widget-container\">\n\t\t\t\t\t\t\t\t\t\t\t\t\t\t\t\t<a href=\"https:\/\/www.mokivape.com\/de\/5-sterne-vape-kits-2025-eine-gesundere-alternative\/\" target=\"_blank\">\n\t\t\t\t\t\t\t<img loading=\"lazy\" decoding=\"async\" width=\"800\" height=\"450\" src=\"https:\/\/www.mokivape.com\/wp-content\/uploads\/2025\/01\/MK_M67_cool_mint_vape_bar_04-1.jpg\" class=\"attachment-large size-large wp-image-7931\" alt=\"Struktur der M67 cool mint vape box 5-star vape kits\" srcset=\"https:\/\/www.mokivape.com\/wp-content\/uploads\/2025\/01\/MK_M67_cool_mint_vape_bar_04-1.jpg 800w, https:\/\/www.mokivape.com\/wp-content\/uploads\/2025\/01\/MK_M67_cool_mint_vape_bar_04-1-768x432.jpg 768w, https:\/\/www.mokivape.com\/wp-content\/uploads\/2025\/01\/MK_M67_cool_mint_vape_bar_04-1-18x10.jpg 18w, https:\/\/www.mokivape.com\/wp-content\/uploads\/2025\/01\/MK_M67_cool_mint_vape_bar_04-1-600x338.jpg 600w\" sizes=\"(max-width: 800px) 100vw, 800px\" \/>\t\t\t\t\t\t\t\t<\/a>\n\t\t\t\t\t\t\t\t\t\t\t\t\t\t\t<\/div>\n\t\t\t\t<\/div>\n\t\t\t\t<div class=\"elementor-element elementor-element-eed243f elementor-widget elementor-widget-theme-post-title elementor-page-title elementor-widget-heading\" data-id=\"eed243f\" data-element_type=\"widget\" data-widget_type=\"theme-post-title.default\">\n\t\t\t\t<div class=\"elementor-widget-container\">\n\t\t\t\t\t<h3 class=\"elementor-heading-title elementor-size-default\"><a href=\"https:\/\/www.mokivape.com\/de\/5-sterne-vape-kits-2025-eine-gesundere-alternative\/\" target=\"_blank\">5-Sterne-Vape-Kits 2025: Eine ges\u00fcndere Alternative f\u00fcr starke Raucher<\/a><\/h3>\t\t\t\t<\/div>\n\t\t\t\t<\/div>\n\t\t\t\t<div class=\"elementor-element elementor-element-92f538b elementor-widget elementor-widget-theme-post-excerpt\" data-id=\"92f538b\" data-element_type=\"widget\" data-widget_type=\"theme-post-excerpt.default\">\n\t\t\t\t<div class=\"elementor-widget-container\">\n\t\t\t\t\t<p>Der Wechsel von Vape Kits zu ges\u00fcnderen Alternativen: Vaping f\u00fcr starke Raucher Auf der Suche nach ges\u00fcnderen Alternativen zu herk\u00f6mmlichen Tabakprodukten ist Vaping eine beliebte Wahl geworden. F\u00fcr diejenigen, die an starkes Rauchen gew\u00f6hnt sind,...\t\t\t\t<\/div>\n\t\t\t\t<\/div>\n\t\t\t\t\t<\/div>\n\t\t\t\t<\/div>\n\t\t\t\t<\/div>\n\t\t\t\t<div data-elementor-type=\"loop-item\" data-elementor-id=\"8558\" class=\"elementor elementor-8558 e-loop-item e-loop-item-8556 post-8556 post type-post status-publish format-standard has-post-thumbnail hentry category-vape-blog-vaping-guide-pod-kits-cartridge-oem-service\" data-elementor-post-type=\"elementor_library\" data-custom-edit-handle=\"1\">\n\t\t\t<div class=\"elementor-element elementor-element-eec36ea e-flex e-con-boxed e-con e-parent\" data-id=\"eec36ea\" data-element_type=\"container\">\n\t\t\t\t\t<div class=\"e-con-inner\">\n\t\t\t\t<div class=\"elementor-element elementor-element-6207911 blog-img elementor-widget elementor-widget-theme-post-featured-image elementor-widget-image\" data-id=\"6207911\" data-element_type=\"widget\" data-widget_type=\"theme-post-featured-image.default\">\n\t\t\t\t<div class=\"elementor-widget-container\">\n\t\t\t\t\t\t\t\t\t\t\t\t\t\t\t\t<a href=\"https:\/\/www.mokivape.com\/de\/5-fakten-uber-nicht-konforme-vapes-auf-dem-markt\/\" target=\"_blank\">\n\t\t\t\t\t\t\t<img loading=\"lazy\" decoding=\"async\" width=\"900\" height=\"600\" src=\"https:\/\/www.mokivape.com\/wp-content\/uploads\/1829582115165.webp\" class=\"attachment-large size-large wp-image-8557\" alt=\"5 alarmierende Fakten \u00fcber nicht-konforme Vapes auf dem Markt\" srcset=\"https:\/\/www.mokivape.com\/wp-content\/uploads\/1829582115165.webp 900w, https:\/\/www.mokivape.com\/wp-content\/uploads\/1829582115165-768x512.webp 768w, https:\/\/www.mokivape.com\/wp-content\/uploads\/1829582115165-18x12.webp 18w, https:\/\/www.mokivape.com\/wp-content\/uploads\/1829582115165-600x400.webp 600w\" sizes=\"(max-width: 900px) 100vw, 900px\" \/>\t\t\t\t\t\t\t\t<\/a>\n\t\t\t\t\t\t\t\t\t\t\t\t\t\t\t<\/div>\n\t\t\t\t<\/div>\n\t\t\t\t<div class=\"elementor-element elementor-element-eed243f elementor-widget elementor-widget-theme-post-title elementor-page-title elementor-widget-heading\" data-id=\"eed243f\" data-element_type=\"widget\" data-widget_type=\"theme-post-title.default\">\n\t\t\t\t<div class=\"elementor-widget-container\">\n\t\t\t\t\t<h3 class=\"elementor-heading-title elementor-size-default\"><a href=\"https:\/\/www.mokivape.com\/de\/5-fakten-uber-nicht-konforme-vapes-auf-dem-markt\/\" target=\"_blank\">5 alarmierende Fakten \u00fcber nicht-konforme Vapes auf dem Markt<\/a><\/h3>\t\t\t\t<\/div>\n\t\t\t\t<\/div>\n\t\t\t\t<div class=\"elementor-element elementor-element-92f538b elementor-widget elementor-widget-theme-post-excerpt\" data-id=\"92f538b\" data-element_type=\"widget\" data-widget_type=\"theme-post-excerpt.default\">\n\t\t\t\t<div class=\"elementor-widget-container\">\n\t\t\t\t\t<p>In Renfrewshire ist ein gro\u00dfes Problem aufgetaucht, denn der Markt wird von nicht konformen Vapes \u00fcberschwemmt. Diese Vapes sind falsch etikettiert, unsicher und gef\u00e4lscht und stellen eine ernsthafte Gefahr f\u00fcr die Verbraucher und die gesamte Vaping-Branche dar....\t\t\t\t<\/div>\n\t\t\t\t<\/div>\n\t\t\t\t\t<\/div>\n\t\t\t\t<\/div>\n\t\t\t\t<\/div>\n\t\t\t\t<\/div>\n\t\t\t\t\t<span class=\"e-load-more-spinner\">\n\t\t\t\t<svg aria-hidden=\"true\" class=\"e-font-icon-svg e-fas-spinner\" viewbox=\"0 0 512 512\" xmlns=\"http:\/\/www.w3.org\/2000\/svg\"><path d=\"M304 48c0 26.51-21.49 48-48 48s-48-21.49-48-48 21.49-48 48-48 48 21.49 48 48zm-48 368c-26.51 0-48 21.49-48 48s21.49 48 48 48 48-21.49 48-48-21.49-48-48-48zm208-208c-26.51 0-48 21.49-48 48s21.49 48 48 48 48-21.49 48-48-21.49-48-48-48zM96 256c0-26.51-21.49-48-48-48S0 229.49 0 256s21.49 48 48 48 48-21.49 48-48zm12.922 99.078c-26.51 0-48 21.49-48 48s21.49 48 48 48 48-21.49 48-48c0-26.509-21.491-48-48-48zm294.156 0c-26.51 0-48 21.49-48 48s21.49 48 48 48 48-21.49 48-48c0-26.509-21.49-48-48-48zM108.922 60.922c-26.51 0-48 21.49-48 48s21.49 48 48 48 48-21.49 48-48-21.491-48-48-48z\"><\/path><\/svg>\t\t\t<\/span>\n\t\t\n\t\t\t\t<div class=\"e-load-more-anchor\" data-page=\"1\" data-max-page=\"17\" data-next-page=\"https:\/\/www.mokivape.com\/de\/wp-json\/wp\/v2\/pages\/1896\/page\/2\/\"><\/div>\n\t\t\t\t<div class=\"e-loop__load-more elementor-button-wrapper\">\n\t\t\t<a href=\"#\" class=\"elementor-button-link elementor-button\" role=\"button\">\n\t\t\t\t\t\t<span class=\"elementor-button-content-wrapper\">\n\t\t\t\t\t\t\t\t\t<span class=\"elementor-button-text\">Mehr laden<\/span>\n\t\t\t\t\t<\/span>\n\t\t\t\t\t<\/a>\n\t\t<\/div>\n\t\t\t\t<div class=\"e-load-more-message\"><\/div>\n\t\t\t\t\t\t<\/div>\n\t\t\t\t<\/div>\n\t\t\t\t\t<\/div>\n\t\t\t\t<\/div>\n\t\t\t\t<\/div>","protected":false},"excerpt":{"rendered":"<p>Info-Center<\/p>","protected":false},"author":1,"featured_media":0,"parent":0,"menu_order":0,"comment_status":"closed","ping_status":"closed","template":"","meta":{"footnotes":""},"class_list":["post-1896","page","type-page","status-publish","hentry"],"_links":{"self":[{"href":"https:\/\/www.mokivape.com\/de\/wp-json\/wp\/v2\/pages\/1896","targetHints":{"allow":["GET"]}}],"collection":[{"href":"https:\/\/www.mokivape.com\/de\/wp-json\/wp\/v2\/pages"}],"about":[{"href":"https:\/\/www.mokivape.com\/de\/wp-json\/wp\/v2\/types\/page"}],"author":[{"embeddable":true,"href":"https:\/\/www.mokivape.com\/de\/wp-json\/wp\/v2\/users\/1"}],"replies":[{"embeddable":true,"href":"https:\/\/www.mokivape.com\/de\/wp-json\/wp\/v2\/comments?post=1896"}],"version-history":[{"count":0,"href":"https:\/\/www.mokivape.com\/de\/wp-json\/wp\/v2\/pages\/1896\/revisions"}],"wp:attachment":[{"href":"https:\/\/www.mokivape.com\/de\/wp-json\/wp\/v2\/media?parent=1896"}],"curies":[{"name":"wp","href":"https:\/\/api.w.org\/{rel}","templated":true}]}}